{"id":14554,"date":"2017-02-09T11:18:52","date_gmt":"2017-02-09T10:18:52","guid":{"rendered":"http:\/\/www.mecerreyes.com\/mece\/?page_id=14554"},"modified":"2024-11-06T16:02:16","modified_gmt":"2024-11-06T15:02:16","slug":"inicio","status":"publish","type":"page","link":"https:\/\/www.mecerreyes.com\/mece\/","title":{"rendered":"INICIO"},"content":{"rendered":"<p>[et_pb_section fb_built=\u00bb1&#8243; fullwidth=\u00bbon\u00bb admin_label=\u00bbSecci\u00f3n\u00bb _builder_version=\u00bb4.16&#8243; global_colors_info=\u00bb{}\u00bb][et_pb_fullwidth_post_slider posts_number=\u00bb1&#8243; include_categories=\u00bb5,6,4,7,1&#8243; show_arrows=\u00bboff\u00bb show_pagination=\u00bboff\u00bb use_manual_excerpt=\u00bboff\u00bb show_meta=\u00bboff\u00bb use_text_overlay=\u00bbon\u00bb admin_label=\u00bbDeslizante de mensaje con anchura completa\u00bb _builder_version=\u00bb4.16&#8243; background_color=\u00bb#2ea3f2&#8243; parallax=\u00bbon\u00bb parallax_method=\u00bbon\u00bb custom_padding=\u00bb|||\u00bb custom_padding_tablet=\u00bb|||\u00bb custom_padding_phone=\u00bb|||\u00bb box_shadow_style=\u00bbpreset6&#8243; box_shadow_blur=\u00bb10px\u00bb box_shadow_color=\u00bbrgba(0,0,0,0.1)\u00bb remove_inner_shadow=\u00bboff\u00bb hide_content_on_mobile=\u00bboff\u00bb hide_cta_on_mobile=\u00bboff\u00bb show_inner_shadow=\u00bbon\u00bb button_letter_spacing_hover=\u00bb0&#8243; global_colors_info=\u00bb{}\u00bb button_text_size__hover_enabled=\u00bboff\u00bb button_one_text_size__hover_enabled=\u00bboff\u00bb button_two_text_size__hover_enabled=\u00bboff\u00bb button_text_color__hover_enabled=\u00bboff\u00bb button_one_text_color__hover_enabled=\u00bboff\u00bb button_two_text_color__hover_enabled=\u00bboff\u00bb button_border_width__hover_enabled=\u00bboff\u00bb button_one_border_width__hover_enabled=\u00bboff\u00bb button_two_border_width__hover_enabled=\u00bboff\u00bb button_border_color__hover_enabled=\u00bboff\u00bb button_one_border_color__hover_enabled=\u00bboff\u00bb button_two_border_color__hover_enabled=\u00bboff\u00bb button_border_radius__hover_enabled=\u00bboff\u00bb button_one_border_radius__hover_enabled=\u00bboff\u00bb button_two_border_radius__hover_enabled=\u00bboff\u00bb button_letter_spacing__hover_enabled=\u00bbon\u00bb button_letter_spacing__hover=\u00bb0&#8243; button_one_letter_spacing__hover_enabled=\u00bboff\u00bb button_two_letter_spacing__hover_enabled=\u00bboff\u00bb button_bg_color__hover_enabled=\u00bboff\u00bb button_one_bg_color__hover_enabled=\u00bboff\u00bb button_two_bg_color__hover_enabled=\u00bboff\u00bb] [\/et_pb_fullwidth_post_slider][\/et_pb_section][et_pb_section fb_built=\u00bb1&#8243; admin_label=\u00bbSecci\u00f3n\u00bb _builder_version=\u00bb4.16&#8243; background_color=\u00bbrgba(119,0,15,0.9)\u00bb transparent_background=\u00bboff\u00bb make_fullwidth=\u00bboff\u00bb use_custom_width=\u00bboff\u00bb width_unit=\u00bbon\u00bb global_colors_info=\u00bb{}\u00bb][et_pb_row admin_label=\u00bbFila\u00bb _builder_version=\u00bb4.16&#8243; background_size=\u00bbinitial\u00bb background_position=\u00bbtop_left\u00bb background_repeat=\u00bbrepeat\u00bb global_colors_info=\u00bb{}\u00bb][et_pb_column type=\u00bb4_4&#8243; _builder_version=\u00bb4.16&#8243; custom_padding=\u00bb|||\u00bb global_colors_info=\u00bb{}\u00bb custom_padding__hover=\u00bb|||\u00bb][et_pb_blog fullwidth=\u00bboff\u00bb posts_number=\u00bb9&#8243; include_categories=\u00bb5,6,4,7,1&#8243; show_more=\u00bbon\u00bb show_author=\u00bboff\u00bb show_categories=\u00bboff\u00bb show_comments=\u00bbon\u00bb show_pagination=\u00bboff\u00bb offset_number=\u00bb1&#8243; use_overlay=\u00bbon\u00bb masonry_tile_background_color=\u00bbrgba(255,255,255,0.8)\u00bb admin_label=\u00bbBlog\u00bb _builder_version=\u00bb4.16&#8243; box_shadow_style=\u00bbpreset1&#8243; box_shadow_vertical=\u00bb1px\u00bb box_shadow_blur=\u00bb5px\u00bb box_shadow_color=\u00bbrgba(0,0,0,.1)\u00bb use_border_color=\u00bboff\u00bb border_color=\u00bb#ffffff\u00bb border_style=\u00bbsolid\u00bb use_dropshadow=\u00bbon\u00bb global_colors_info=\u00bb{}\u00bb] [\/et_pb_blog][\/et_pb_column][\/et_pb_row][\/et_pb_section][et_pb_section fb_built=\u00bb1&#8243; admin_label=\u00bbsection\u00bb _builder_version=\u00bb4.16&#8243; background_color=\u00bb#283139&#8243; transparent_background=\u00bboff\u00bb make_fullwidth=\u00bboff\u00bb use_custom_width=\u00bboff\u00bb width_unit=\u00bboff\u00bb custom_width_px=\u00bb1080px\u00bb custom_width_percent=\u00bb80%\u00bb global_colors_info=\u00bb{}\u00bb][et_pb_row admin_label=\u00bbrow\u00bb _builder_version=\u00bb4.16&#8243; background_size=\u00bbinitial\u00bb background_position=\u00bbtop_left\u00bb background_repeat=\u00bbrepeat\u00bb make_fullwidth=\u00bboff\u00bb use_custom_width=\u00bboff\u00bb width_unit=\u00bboff\u00bb custom_width_px=\u00bb1080px\u00bb custom_width_percent=\u00bb80%\u00bb global_colors_info=\u00bb{}\u00bb][et_pb_column type=\u00bb4_4&#8243; _builder_version=\u00bb4.16&#8243; custom_padding=\u00bb|||\u00bb global_colors_info=\u00bb{}\u00bb custom_padding__hover=\u00bb|||\u00bb][et_pb_text admin_label=\u00bb<a  href=\"https:\/\/www.mecerreyes.com\/mece\/?page_id=138\">EL GALLO DE CARNAVAL<\/a>\u00bb _builder_version=\u00bb4.16&#8243; background_size=\u00bbinitial\u00bb background_position=\u00bbtop_left\u00bb background_repeat=\u00bbrepeat\u00bb text_orientation=\u00bbcenter\u00bb background_layout=\u00bbdark\u00bb module_alignment=\u00bbcenter\u00bb use_border_color=\u00bboff\u00bb border_color=\u00bb#ffffff\u00bb border_style=\u00bbsolid\u00bb global_colors_info=\u00bb{}\u00bb]<\/p>\n<h1 class=\"entry-title\"><a  href=\"https:\/\/www.mecerreyes.com\/mece\/?page_id=138\">EL GALLO DE CARNAVAL<\/a><\/h1>\n<p>[\/et_pb_text][\/et_pb_column][\/et_pb_row][et_pb_row admin_label=\u00bbrow\u00bb module_class=\u00bb et_pb_row_fullwidth\u00bb _builder_version=\u00bb4.16&#8243; background_size=\u00bbinitial\u00bb background_position=\u00bbtop_left\u00bb background_repeat=\u00bbrepeat\u00bb width=\u00bb89%\u00bb width_tablet=\u00bb80%\u00bb width_last_edited=\u00bbon|desktop\u00bb max_width=\u00bb89%\u00bb max_width_tablet=\u00bb80%\u00bb max_width_last_edited=\u00bbon|desktop\u00bb make_fullwidth=\u00bbon\u00bb use_custom_width=\u00bboff\u00bb width_unit=\u00bboff\u00bb global_colors_info=\u00bb{}\u00bb column_structure=\u00bb1_3,2_3&#8243; width_phone=\u00bb80%\u00bb max_width_phone=\u00bb80%\u00bb][et_pb_column type=\u00bb1_3&#8243; _builder_version=\u00bb4.16&#8243; custom_padding=\u00bb|||\u00bb global_colors_info=\u00bb{}\u00bb custom_padding__hover=\u00bb|||\u00bb][et_pb_blurb title=\u00bb<a  href=\"https:\/\/www.mecerreyes.com\/mece\/?page_id=138\">EL GALLO DE CARNAVAL<\/a> Y MARZAS\u00bb url=\u00bbhttp:\/\/www.mecerreyes.com\/mece\/?p=14744&#8243; use_icon=\u00bbon\u00bb font_icon=\u00bb&#x41;||divi||400&#8243; icon_color=\u00bb#ec6d5f\u00bb icon_placement=\u00bbleft\u00bb admin_label=\u00bb<a  href=\"https:\/\/www.mecerreyes.com\/mece\/?page_id=138\">El Gallo de Carnaval<\/a> y Marzas 2017&#8243; _builder_version=\u00bb4.16&#8243; background_size=\u00bbinitial\u00bb background_position=\u00bbtop_left\u00bb background_repeat=\u00bbrepeat\u00bb text_orientation=\u00bbcenter\u00bb background_layout=\u00bbdark\u00bb max_width_tablet=\u00bb\u00bb max_width_phone=\u00bb\u00bb max_width_last_edited=\u00bbon|desktop\u00bb animation=\u00bbbottom\u00bb use_border_color=\u00bboff\u00bb border_color=\u00bb#ffffff\u00bb border_style=\u00bbsolid\u00bb image_max_width=\u00bb320px\u00bb use_circle=\u00bboff\u00bb use_circle_border=\u00bboff\u00bb circle_border_color=\u00bb#2caaca\u00bb circle_color=\u00bb#2caaca\u00bb global_colors_info=\u00bb{}\u00bb]<\/p>\n<p>El domingo de carnaval en Mecerreyes, tiene lugar la corrida del gallo. Fiesta pagana que se pierde en el tiempo y que se ha venido celebrando ininterrumpidamente, a excepci\u00f3n de los a\u00f1os en que se prohibieron en Espa\u00f1a este tipo de actos, tambi\u00e9n se cree que pudo dejar de celebrarse, como consecuencia del exceso de celo con que se empleaban los Zarramacos para defender al Gallo.<\/p>\n<p>\u00a0<\/p>\n<p>[\/et_pb_blurb][\/et_pb_column][et_pb_column type=\u00bb2_3&#8243; _builder_version=\u00bb4.16&#8243; custom_padding=\u00bb|||\u00bb global_colors_info=\u00bb{}\u00bb custom_padding__hover=\u00bb|||\u00bb][et_pb_image src=\u00bbhttp:\/\/www.mecerreyes.com\/mece\/wp-content\/uploads\/2017\/03\/Mecerreyes-Corrida-del-Gallo-de-Carnaval-26-02-2017-15.jpg\u00bb title_text=\u00bbGallo de Carnaval 2017&#8243; url=\u00bbhttp:\/\/www.mecerreyes.com\/mece\/?p=14744&#8243; align_tablet=\u00bbcenter\u00bb align_last_edited=\u00bbon|desktop\u00bb admin_label=\u00bbfoto Gallo 2017&#8243; _builder_version=\u00bb4.16&#8243; max_width=\u00bb580px\u00bb animation_style=\u00bbslide\u00bb animation_direction=\u00bbbottom\u00bb animation_duration=\u00bb500ms\u00bb animation_intensity_slide=\u00bb10%\u00bb use_border_color=\u00bboff\u00bb border_color=\u00bb#ffffff\u00bb border_style=\u00bbsolid\u00bb animation=\u00bbbottom\u00bb sticky=\u00bboff\u00bb always_center_on_mobile=\u00bbon\u00bb global_colors_info=\u00bb{}\u00bb align_phone=\u00bbcenter\u00bb] [\/et_pb_image][\/et_pb_column][\/et_pb_row][et_pb_row admin_label=\u00bbrow\u00bb _builder_version=\u00bb4.16&#8243; background_size=\u00bbinitial\u00bb background_position=\u00bbtop_left\u00bb background_repeat=\u00bbrepeat\u00bb make_fullwidth=\u00bboff\u00bb use_custom_width=\u00bboff\u00bb width_unit=\u00bboff\u00bb custom_width_px=\u00bb1080px\u00bb custom_width_percent=\u00bb80%\u00bb global_colors_info=\u00bb{}\u00bb column_structure=\u00bb2_3,1_3&#8243;][et_pb_column type=\u00bb2_3&#8243; _builder_version=\u00bb4.16&#8243; custom_padding=\u00bb|||\u00bb global_colors_info=\u00bb{}\u00bb custom_padding__hover=\u00bb|||\u00bb][et_pb_image src=\u00bbhttp:\/\/www.mecerreyes.com\/mece\/wp-content\/uploads\/2017\/03\/Las-Marzas-Mecerreyes-2017-3.jpg\u00bb url=\u00bbhttp:\/\/www.mecerreyes.com\/mece\/?p=8594&#8243; align_tablet=\u00bbcenter\u00bb align_last_edited=\u00bbon|desktop\u00bb admin_label=\u00bbImagen Marzas\u00bb _builder_version=\u00bb4.16&#8243; max_width=\u00bb580px\u00bb animation_style=\u00bbslide\u00bb animation_direction=\u00bbbottom\u00bb animation_duration=\u00bb500ms\u00bb animation_intensity_slide=\u00bb10%\u00bb use_border_color=\u00bboff\u00bb border_color=\u00bb#ffffff\u00bb border_style=\u00bbsolid\u00bb animation=\u00bbbottom\u00bb sticky=\u00bboff\u00bb always_center_on_mobile=\u00bbon\u00bb global_colors_info=\u00bb{}\u00bb align_phone=\u00bbcenter\u00bb] [\/et_pb_image][et_pb_image src=\u00bbhttp:\/\/www.mecerreyes.com\/mece\/wp-content\/uploads\/2014\/03\/Mecerreyes-Marzas-28-02-2014.jpg\u00bb align_tablet=\u00bbcenter\u00bb align_last_edited=\u00bbon|desktop\u00bb admin_label=\u00bbImagen Marzas\u00bb _builder_version=\u00bb4.16&#8243; max_width=\u00bb580px\u00bb animation_style=\u00bbslide\u00bb animation_direction=\u00bbbottom\u00bb animation_duration=\u00bb500ms\u00bb animation_intensity_slide=\u00bb10%\u00bb use_border_color=\u00bboff\u00bb border_color=\u00bb#ffffff\u00bb border_style=\u00bbsolid\u00bb animation=\u00bbbottom\u00bb sticky=\u00bboff\u00bb always_center_on_mobile=\u00bbon\u00bb global_colors_info=\u00bb{}\u00bb align_phone=\u00bbcenter\u00bb] [\/et_pb_image][\/et_pb_column][et_pb_column type=\u00bb1_3&#8243; _builder_version=\u00bb4.16&#8243; custom_padding=\u00bb|||\u00bb global_colors_info=\u00bb{}\u00bb custom_padding__hover=\u00bb|||\u00bb][et_pb_blurb title=\u00bb<a  href=\"https:\/\/www.mecerreyes.com\/mece\/?page_id=47\">LAS MARZAS<\/a> DE MECERREYES\u00bb url=\u00bbhttp:\/\/www.mecerreyes.com\/mece\/?page_id=47&#8243; use_icon=\u00bbon\u00bb font_icon=\u00bb&#x52;||divi||400&#8243; icon_color=\u00bb#1fa0e3&#8243; icon_placement=\u00bbleft\u00bb admin_label=\u00bb<a  href=\"https:\/\/www.mecerreyes.com\/mece\/?page_id=47\">Las Marzas<\/a> en Mecerreyes\u00bb _builder_version=\u00bb4.16&#8243; background_size=\u00bbinitial\u00bb background_position=\u00bbtop_left\u00bb background_repeat=\u00bbrepeat\u00bb text_orientation=\u00bbcenter\u00bb background_layout=\u00bbdark\u00bb animation=\u00bbright\u00bb use_border_color=\u00bboff\u00bb border_color=\u00bb#ffffff\u00bb border_style=\u00bbsolid\u00bb image_max_width=\u00bbnone\u00bb use_circle=\u00bboff\u00bb use_circle_border=\u00bboff\u00bb circle_border_color=\u00bb#2caaca\u00bb circle_color=\u00bb#2caaca\u00bb global_colors_info=\u00bb{}\u00bb]<\/p>\n<p><strong><u><a  href=\"https:\/\/www.mecerreyes.com\/mece\/?page_id=47\">LAS MARZAS<\/a> EN MECERREYES<\/u><\/strong><\/p>\n<p>CON LA LICENCIA DE DIOS<\/p>\n<p>Y LA DEL SE\u00d1OR ALCALDE<\/p>\n<p>QUEREMOS CANTAR <a  href=\"https:\/\/www.mecerreyes.com\/mece\/?page_id=47\">LAS MARZAS<\/a><\/p>\n<p>SIN HACER PERJUICIO A NADIE.<\/p>\n<p>Con estos sencillos versos se inicia el canto de \u201c<a  href=\"https:\/\/www.mecerreyes.com\/mece\/?page_id=47\">LAS MARZAS<\/a>\u201d en Mecerreyes la \u00faltima noche de febrero, siguiendo una tradici\u00f3n ininterrumpida a lo largo de los siglos.<\/p>\n<p>Su origen se remonta a la \u00e9poca romana, ya que para los romanos (que en un principio segu\u00edan el calendario lunar), el a\u00f1o comenzaba el mes de Marzo; entonces <a  href=\"https:\/\/www.mecerreyes.com\/mece\/?page_id=47\">las Marzas<\/a> fueron en su origen ceremonias c\u00edvico-religiosas para dar gracias a la divinidad,\u00a0 por los primeros desperezos de la tierra al terminar el largo invierno.<\/p>\n<p>En la actualidad, <a  href=\"https:\/\/www.mecerreyes.com\/mece\/?page_id=47\">las Marzas<\/a> tienen un doble significado, por una parte hacen referencia a las fiestas de invierno y por otra el nombre de Marzas se da a las canciones de ronda que se cantan en dicha fiesta.<\/p>\n<p>[\/et_pb_blurb][\/et_pb_column][\/et_pb_row][\/et_pb_section]<\/p>","protected":false},"excerpt":{"rendered":"<p>EL GALLO DE CARNAVALEl domingo de carnaval en Mecerreyes, tiene lugar la corrida del gallo. Fiesta pagana que se pierde en el tiempo y que se ha venido celebrando ininterrumpidamente, a excepci\u00f3n de los a\u00f1os en que se prohibieron en Espa\u00f1a este tipo de actos, tambi\u00e9n se cree que pudo dejar de celebrarse, como consecuencia [&hellip;]<\/p>\n","protected":false},"author":5,"featured_media":0,"parent":0,"menu_order":0,"comment_status":"closed","ping_status":"closed","template":"","meta":{"_et_pb_use_builder":"on","_et_pb_old_content":"","_et_gb_content_width":"","footnotes":""},"class_list":["post-14554","page","type-page","status-publish","hentry"],"_links":{"self":[{"href":"https:\/\/www.mecerreyes.com\/mece\/index.php?rest_route=\/wp\/v2\/pages\/14554"}],"collection":[{"href":"https:\/\/www.mecerreyes.com\/mece\/index.php?rest_route=\/wp\/v2\/pages"}],"about":[{"href":"https:\/\/www.mecerreyes.com\/mece\/index.php?rest_route=\/wp\/v2\/types\/page"}],"author":[{"embeddable":true,"href":"https:\/\/www.mecerreyes.com\/mece\/index.php?rest_route=\/wp\/v2\/users\/5"}],"replies":[{"embeddable":true,"href":"https:\/\/www.mecerreyes.com\/mece\/index.php?rest_route=%2Fwp%2Fv2%2Fcomments&post=14554"}],"version-history":[{"count":39,"href":"https:\/\/www.mecerreyes.com\/mece\/index.php?rest_route=\/wp\/v2\/pages\/14554\/revisions"}],"predecessor-version":[{"id":25829,"href":"https:\/\/www.mecerreyes.com\/mece\/index.php?rest_route=\/wp\/v2\/pages\/14554\/revisions\/25829"}],"wp:attachment":[{"href":"https:\/\/www.mecerreyes.com\/mece\/index.php?rest_route=%2Fwp%2Fv2%2Fmedia&parent=14554"}],"curies":[{"name":"wp","href":"https:\/\/api.w.org\/{rel}","templated":true}]}}