{"id":176,"date":"2009-04-30T12:46:49","date_gmt":"2009-04-30T11:46:49","guid":{"rendered":"http:\/\/www.mecerreyes.com\/mece\/?page_id=176"},"modified":"2026-03-04T09:35:06","modified_gmt":"2026-03-04T08:35:06","slug":"coplas-de-las-marzas","status":"publish","type":"page","link":"https:\/\/www.mecerreyes.com\/mece\/?page_id=176","title":{"rendered":"Coplas de las Marzas"},"content":{"rendered":"<p><strong>INVOCACI\u00d3N<\/strong><br \/>\n1.- Con la licencia de Dios<br \/>\ny la del Se\u00f1or Alcalde<br \/>\nqueremos cantar <a  href=\"https:\/\/www.mecerreyes.com\/mece\/?page_id=47\">las Marzas<\/a><br \/>\nsin hacer perjuicio a nadie.<\/p>\n<p>2.- A esta calle honrada<br \/>\nse\u00f1ores venimos<br \/>\npa cantar <a  href=\"https:\/\/www.mecerreyes.com\/mece\/?page_id=47\">las Marzas<\/a><br \/>\nla venia pedimos.<\/p>\n<p>3.- Si las cantaremos<br \/>\no las dejaremos<br \/>\nsi son de su agrado<br \/>\ncantarlas queremos.<\/p>\n<p>4.- A los due\u00f1os de esta casa<br \/>\nDios les d\u00e9 salud y gracia.<br \/>\nY a las gentes de esta villa<br \/>\nDios les de salud y vida.<\/p>\n<p>5.- La casa del Se\u00f1or Cura<br \/>\nbien se puede llamar Gloria<br \/>\nporque dentro de ella vive<br \/>\nel que guarda la Custodia.<\/p>\n<p>6.- La casa del Se\u00f1or Cura<br \/>\nbien se puede llamar Templo<br \/>\nporque dentro de ella mora<br \/>\nquien maneja el Sacramento.<\/p>\n<p>7.- La casa del Se\u00f1or Cura<br \/>\ntiene ventanas y rejas<br \/>\ns\u00f3lo le faltan altares<br \/>\npara parecer la iglesia.<\/p>\n<p><strong>CANTO A LA NATURALEZA<\/strong><br \/>\n8.- Esta noche entrar\u00e1 Marzo<br \/>\nde la media noche abajo<br \/>\ncuando el labrador redobla<br \/>\nsus afanosos trabajos.<\/p>\n<p>9.- Esta noche tambi\u00e9n entra<br \/>\nel bendito \u00c1ngel de Guarda<br \/>\nque nos guarde y nos defienda<br \/>\ny nos ampare las almas.<\/p>\n<p>10.- Esta noche tambi\u00e9n entra<br \/>\nel bendito San Rosendo<br \/>\nque nos libre y nos defienda<br \/>\nde las penas del infierno.<\/p>\n<p>11.- Tras de Marzo entrar\u00e1 Abril<br \/>\ncon las flores relucir.<br \/>\nTras Abril entrar\u00e1 Mayo<br \/>\ncon las flores relumbrando.<\/p>\n<p>12.- Mes de Mayo, mes de mayo<br \/>\nel de los bellos colores<br \/>\nlos bueyes se muestran gordos<br \/>\nlos caballos corredores.<\/p>\n<p>13.-Cuando las cebadas granan<br \/>\nlos linos est\u00e1n en flores<br \/>\ncuando los enamorados<br \/>\nandan en busca de amores.<\/p>\n<p>14.- Unos se halagan con rosas<br \/>\notros con rosas y flores<br \/>\notros con gallinas pintas<br \/>\notros con gallos capones.<\/p>\n<p>15.- Unos con naranjas dulces<br \/>\notros con agrios limones<br \/>\notros con buenos dineros<br \/>\naquestos son los mejores.<\/p>\n<p>16.- En la enramada las aves<br \/>\ncantan sus trinos de amor<br \/>\ny en la jaula el pajarito<br \/>\ngime con pena y dolor.<\/p>\n<p>17.- Oh triste de m\u00ed, cuitado<br \/>\nmetido en estas prisiones<br \/>\nsin saber cuando es de d\u00eda<br \/>\ny apenas cuando es de noche.<\/p>\n<p>18.- Sino por tres pajaritos<br \/>\nque me cuentan sus amores,<br \/>\nel uno es la tortolita,<br \/>\nel otro es el ruise\u00f1or.<\/p>\n<p>19- El otro es un pajarillo<br \/>\nque canta al salir el sol<br \/>\ny volando va diciendo<br \/>\nLibertad es la mejor.<\/p>\n<p>20- Mal haya sea la escopeta<br \/>\nmal haya sea el cazador,<br \/>\nque ha matado un pajarillo<br \/>\nde las aves la mejor.<\/p>\n<p>21.- Si lo hac\u00eda por la carne<br \/>\nno pesaba un cuarter\u00f3n<br \/>\nsi lo hac\u00eda por la pluma<br \/>\nmejor se la diera yo.<\/p>\n<p>22.- Tras de Mayo entrar\u00e1 Junio<br \/>\ncon las hoces en el pu\u00f1o.<br \/>\nTras de Junio entrara Julio<br \/>\nsegando m\u00e1s a menudo.<\/p>\n<p>23.- Y despu\u00e9s Agosto llega<br \/>\ncon afanes en las eras,<br \/>\npara recoger el fruto<br \/>\ncon que llenar la panera.<\/p>\n<p>24.- Seguido llega\u00a0 Septiembre<br \/>\n\u00a1Ah! qu\u00e9\u00a0 lindo mes es este,<br \/>\nque se coge pan y vino,<br \/>\npan y vino para siempre.<\/p>\n<p>25.- Si para siempre durara<br \/>\npan y vino no faltara,<br \/>\nni la harina en el molino<br \/>\nni las rejas en la fragua.<\/p>\n<p><strong>CANTO A LA JUVENTUD<\/strong><br \/>\n26.- Al o\u00eddo, o\u00eddo<br \/>\ndamas y doncellas<br \/>\nque esta juventud,<br \/>\natenci\u00f3n os ruega.<\/p>\n<p>27.- Levantaos damas<br \/>\nde esas blandas camas,<br \/>\nabrir\u00e9is los cofres<br \/>\nnos dar\u00e9is casta\u00f1as.<\/p>\n<p>28.- Levantaos damas<br \/>\nde esos blandos lechos<br \/>\nabrir\u00e9is los cofres<br \/>\nnos dar\u00e9is dineros.<\/p>\n<p>29.- A medio dobl\u00f3n<br \/>\no a dobl\u00f3n entero,<br \/>\nque estos buenos chicos<br \/>\nbien lo merecemos.<\/p>\n<p>30.- Y vosotras las doncellas<br \/>\nde hermosura y gracia llenas<br \/>\nnos dar\u00e9is un huevecito<br \/>\nde la gallinita negra.<\/p>\n<p>31.- Y vosotras las casadas<br \/>\nque ten\u00e9is la casa limpia<br \/>\nnos dar\u00e9is un huevecito<br \/>\nde la gallinita pinta.<\/p>\n<p>32.- De la que est\u00e1 junto al Gallo<br \/>\nde la m\u00e1s coloradita,<br \/>\ncomo est\u00e1n cuando se pintan<br \/>\nvuestras hijas jovencitas.<\/p>\n<p>33.- Si nos dierais, dierais<br \/>\ncon el vino peras,<br \/>\nsi nos dieseis, dieseis<br \/>\ncon el vino nueces.<\/p>\n<p>34.- Si nos dais chorizos<br \/>\nno los deis podridos.<br \/>\nSi nos dais morcillas<br \/>\nque no est\u00e9n canidas.<\/p>\n<p>35.- Si nos dais torreznos<br \/>\nno os cort\u00e9is los dedos.<br \/>\nY si nos dais huevos<br \/>\nno escoj\u00e1is los hueros.<\/p>\n<p>36.- Bajadnos la bota<br \/>\npara echar un trago,<br \/>\nporque la garganta<br \/>\nse nos va secando.<\/p>\n<p>37.- Aqu\u00ed vive un caballero<br \/>\ncaballero muy honrado<br \/>\nsabemos que tiene vino<br \/>\ny esperamos nos d\u00e9 un trago.<\/p>\n<p>38.- Y vosotras las mocitas<br \/>\nno lo echareis en olvido,<br \/>\ndar a los mozos que cantan<br \/>\ndos cuartos para un cuartillo.<\/p>\n<p><strong>CANTO AL AMOR<\/strong><br \/>\n39.- Escucha doncella<br \/>\ncon atento o\u00eddo,<br \/>\ntu retrato que hace<br \/>\nun gal\u00e1n rendido.<\/p>\n<p>40.- Esa tu cabeza<br \/>\naunque peque\u00f1ita,<br \/>\nse mueve graciosa<br \/>\ncomo palomita.<\/p>\n<p>41.- Esos tus cabellos<br \/>\nque son de oro fino,<br \/>\nen ellos me enredo<br \/>\ncuando en ti imagino.<\/p>\n<p>42.- En esa tu frente<br \/>\nancha y levantada,<br \/>\ntus admiradores<br \/>\nfijan su mirada.<\/p>\n<p>43.- Esas tus dos cejas<br \/>\nun poco arqueadas,<br \/>\na la media luna<br \/>\ntengo comparadas.<\/p>\n<p>44.- Esos tus dos ojos<br \/>\nson claros luceros,<br \/>\npor ellos me guio<br \/>\ncual los marineros.<\/p>\n<p>45.- Esa tu nariz<br \/>\nes filo de espada,<br \/>\nque mi coraz\u00f3n<br \/>\nsin sentir traspasa.<\/p>\n<p>46.- Esa tu boquita<br \/>\nense\u00f1a cuando habla<br \/>\nel diente menudo,<br \/>\nla lengua encarnada.<\/p>\n<p>47.- Esas tus mejillas<br \/>\nPeras de Arag\u00f3n,<br \/>\nyo me las comiera<br \/>\nestando en saz\u00f3n.<\/p>\n<p>48.- Esas tus orejas<br \/>\ncon sendos pendientes<br \/>\nque adornan tu cara<br \/>\ny tu linda frente.<\/p>\n<p>49.- Es la tu garganta<br \/>\ntan blanca y serena<br \/>\nque el agua que bebes<br \/>\ntoda se clarea.<\/p>\n<p>50.- Esos tus dos pechos<br \/>\nson dos fuentes claras<br \/>\ndonde yo bebiera<br \/>\nsi tu me dejaras.<\/p>\n<p>51.- Esos tus dos brazos<br \/>\nson dos picaportes<br \/>\nque se cierran y abren<br \/>\nsin sentir los golpes.<\/p>\n<p>52.- Esos tus diez dedos<br \/>\nostentan anillos<br \/>\nque son para mi<br \/>\ncadenas y grillos.<\/p>\n<p>53.- Esa tu cintura<br \/>\ntan acinturada,<br \/>\nes un mimbre fino<br \/>\ncortado en la playa.<\/p>\n<p>54.- De la cintura pa abajo,<br \/>\nyo no puedo comprender<br \/>\n\u00bfc\u00f3mo quieres que comprenda<br \/>\nlo que mis ojos no ven?<\/p>\n<p>55.- Ese el tu vientre<br \/>\nes un cofre de oro<br \/>\nque a los nueve meses<br \/>\nsali\u00f3 mi tesoro.<\/p>\n<p>56.- Tu gracioso cuerpo<br \/>\nest\u00e1 sustentado<br \/>\nsobre dos columnas<br \/>\nde oro cincelado.<\/p>\n<p>57.- Esos tus dos muslos<br \/>\nson de oro macizo<br \/>\ndonde se sostiene<br \/>\ntodo el artificio.<\/p>\n<p>58.- Esas tus rodillas<br \/>\nson bolas de plata<br \/>\nque a las dos columnas<br \/>\nrematan con gracia.<\/p>\n<p>59.- Son tus pantorrillas<br \/>\npiezas torneadas<br \/>\nque derrochan gracia<br \/>\ncuando andas o bailas.<\/p>\n<p>60.- Esos pies menudos<br \/>\nque van al comp\u00e1s<br \/>\nsus huellas me indican<br \/>\nlos pasos que das.<\/p>\n<p><strong>DESPEDIDA<\/strong><br \/>\n61.- A las mocitas de arriba<br \/>\nles rogamos levantar<br \/>\na poner un par de huevos<br \/>\npara ma\u00f1ana almorzar.<\/p>\n<p>62.- Fritos por chicas tan guapas<br \/>\ncon torreznos y algo mas<br \/>\ny buenos tragos de vino,<br \/>\ncomo a gloria nos sabr\u00e1n.<\/p>\n<p>63.- Aqu\u00ed terminan <a  href=\"https:\/\/www.mecerreyes.com\/mece\/?page_id=47\">las Marzas<\/a><br \/>\nsi hay defectos, perdonad.<br \/>\nAdi\u00f3s todos hasta otro a\u00f1o<br \/>\nen que se repetir\u00e1n.<\/p>\n<p>64.- Porque en Mecerreyes<br \/>\nnunca faltar\u00e1<br \/>\nhumor en los chicos<br \/>\ny en las chicas sal.<\/p>","protected":false},"excerpt":{"rendered":"<p>INVOCACI\u00d3N 1.- Con la licencia de Dios y la del Se\u00f1or Alcalde queremos cantar las Marzas sin hacer perjuicio a nadie. 2.- A esta calle honrada se\u00f1ores venimos pa cantar las Marzas la venia pedimos. 3.- Si las cantaremos o las dejaremos si son de su agrado cantarlas queremos. 4.- A los due\u00f1os de esta [&hellip;]<\/p>\n","protected":false},"author":1,"featured_media":0,"parent":47,"menu_order":0,"comment_status":"open","ping_status":"closed","template":"","meta":{"_et_pb_use_builder":"","_et_pb_old_content":"","_et_gb_content_width":"","footnotes":""},"class_list":["post-176","page","type-page","status-publish","hentry"],"_links":{"self":[{"href":"https:\/\/www.mecerreyes.com\/mece\/index.php?rest_route=\/wp\/v2\/pages\/176"}],"collection":[{"href":"https:\/\/www.mecerreyes.com\/mece\/index.php?rest_route=\/wp\/v2\/pages"}],"about":[{"href":"https:\/\/www.mecerreyes.com\/mece\/index.php?rest_route=\/wp\/v2\/types\/page"}],"author":[{"embeddable":true,"href":"https:\/\/www.mecerreyes.com\/mece\/index.php?rest_route=\/wp\/v2\/users\/1"}],"replies":[{"embeddable":true,"href":"https:\/\/www.mecerreyes.com\/mece\/index.php?rest_route=%2Fwp%2Fv2%2Fcomments&post=176"}],"version-history":[{"count":5,"href":"https:\/\/www.mecerreyes.com\/mece\/index.php?rest_route=\/wp\/v2\/pages\/176\/revisions"}],"predecessor-version":[{"id":27407,"href":"https:\/\/www.mecerreyes.com\/mece\/index.php?rest_route=\/wp\/v2\/pages\/176\/revisions\/27407"}],"up":[{"embeddable":true,"href":"https:\/\/www.mecerreyes.com\/mece\/index.php?rest_route=\/wp\/v2\/pages\/47"}],"wp:attachment":[{"href":"https:\/\/www.mecerreyes.com\/mece\/index.php?rest_route=%2Fwp%2Fv2%2Fmedia&parent=176"}],"curies":[{"name":"wp","href":"https:\/\/api.w.org\/{rel}","templated":true}]}}