{"id":18214,"date":"2019-03-06T19:10:22","date_gmt":"2019-03-06T18:10:22","guid":{"rendered":"http:\/\/www.mecerreyes.com\/mece\/?page_id=18214"},"modified":"2019-03-06T19:25:13","modified_gmt":"2019-03-06T18:25:13","slug":"videos","status":"publish","type":"page","link":"https:\/\/www.mecerreyes.com\/mece\/?page_id=18214","title":{"rendered":"V\u00eddeos"},"content":{"rendered":"<p>&nbsp;<\/p>\n<div style=\"width: 1024px;\" class=\"wp-video\"><!--[if lt IE 9]><script>document.createElement('video');<\/script><![endif]-->\n<video class=\"wp-video-shortcode\" id=\"video-18214-1\" width=\"1024\" height=\"580\" preload=\"metadata\" controls=\"controls\"><source type=\"video\/mp4\" src=\"http:\/\/www.mecerreyes.com\/mece\/wp-content\/uploads\/2019\/01\/Obra-de-teatro-Mecerreyes-1-1-19.mp4?_=1\" \/><a  href=\"http:\/\/www.mecerreyes.com\/mece\/wp-content\/uploads\/2019\/01\/Obra-de-teatro-Mecerreyes-1-1-19.mp4\">http:\/\/www.mecerreyes.com\/mece\/wp-content\/uploads\/2019\/01\/Obra-de-teatro-Mecerreyes-1-1-19.mp4<\/a><\/video><\/div>\n<div style=\"width: 1080px;\" class=\"wp-video\"><video class=\"wp-video-shortcode\" id=\"video-18214-2\" width=\"1080\" height=\"608\" preload=\"metadata\" controls=\"controls\"><source type=\"video\/mp4\" src=\"http:\/\/www.mecerreyes.com\/mece\/wp-content\/uploads\/2019\/01\/Festival-infantil-de-navidad-Mecerreyes-1-01-19.mp4?_=2\" \/><a  href=\"http:\/\/www.mecerreyes.com\/mece\/wp-content\/uploads\/2019\/01\/Festival-infantil-de-navidad-Mecerreyes-1-01-19.mp4\">http:\/\/www.mecerreyes.com\/mece\/wp-content\/uploads\/2019\/01\/Festival-infantil-de-<a href=\"https:\/\/www.mecerreyes.com\/mece\/?page_id=62\">navidad<\/a>-Mecerreyes-1-01-19.mp4<\/a><\/video><\/div>\n<div style=\"width: 1080px;\" class=\"wp-video\"><video class=\"wp-video-shortcode\" id=\"video-18214-3\" width=\"1080\" height=\"608\" preload=\"metadata\" controls=\"controls\"><source type=\"video\/mp4\" src=\"http:\/\/www.mecerreyes.com\/mece\/wp-content\/uploads\/2019\/01\/Mecerreyes-villancicos-navidad-2018.mp4?_=3\" \/><a  href=\"http:\/\/www.mecerreyes.com\/mece\/wp-content\/uploads\/2019\/01\/Mecerreyes-villancicos-navidad-2018.mp4\">http:\/\/www.mecerreyes.com\/mece\/wp-content\/uploads\/2019\/01\/Mecerreyes-villancicos-<a href=\"https:\/\/www.mecerreyes.com\/mece\/?page_id=62\">navidad<\/a>-2018.mp4<\/a><\/video><\/div>\n<div style=\"width: 1080px;\" class=\"wp-video\"><video class=\"wp-video-shortcode\" id=\"video-18214-4\" width=\"1080\" height=\"608\" preload=\"metadata\" controls=\"controls\"><source type=\"video\/mp4\" src=\"http:\/\/www.mecerreyes.com\/mece\/wp-content\/uploads\/2019\/01\/Concierto-Familia-Cuevas-del-Val-Mecerreyes-2018.mp4?_=4\" \/><a  href=\"http:\/\/www.mecerreyes.com\/mece\/wp-content\/uploads\/2019\/01\/Concierto-Familia-Cuevas-del-Val-Mecerreyes-2018.mp4\">http:\/\/www.mecerreyes.com\/mece\/wp-content\/uploads\/2019\/01\/Concierto-Familia-Cuevas-del-Val-Mecerreyes-2018.mp4<\/a><\/video><\/div>\n<div style=\"width: 640px;\" class=\"wp-video\"><video class=\"wp-video-shortcode\" id=\"video-18214-5\" width=\"640\" height=\"360\" preload=\"metadata\" controls=\"controls\"><source type=\"video\/mp4\" src=\"http:\/\/www.mecerreyes.com\/mece\/wp-content\/uploads\/2019\/01\/Mecerreyes-preg\u00f3n-Navidad-2018-Feli-Santamaria.mp4?_=5\" \/><a  href=\"http:\/\/www.mecerreyes.com\/mece\/wp-content\/uploads\/2019\/01\/Mecerreyes-preg\u00f3n-Navidad-2018-Feli-Santamaria.mp4\">http:\/\/www.mecerreyes.com\/mece\/wp-content\/uploads\/2019\/01\/Mecerreyes-preg\u00f3n-<a href=\"https:\/\/www.mecerreyes.com\/mece\/?page_id=62\">Navidad<\/a>-2018-Feli-Santamaria.mp4<\/a><\/video><\/div>\n<div style=\"width: 640px;\" class=\"wp-video\"><video class=\"wp-video-shortcode\" id=\"video-18214-6\" width=\"640\" height=\"352\" preload=\"metadata\" controls=\"controls\"><source type=\"video\/mp4\" src=\"http:\/\/www.mecerreyes.com\/mece\/wp-content\/uploads\/2019\/01\/Mecerreyes-Zarramacadas-en-el-50-Aniversario-del-Grupo-de-danzas-Justo-del-R\u00edo-diciembre-2018.mp4?_=6\" \/><a  href=\"http:\/\/www.mecerreyes.com\/mece\/wp-content\/uploads\/2019\/01\/Mecerreyes-Zarramacadas-en-el-50-Aniversario-del-Grupo-de-danzas-Justo-del-R\u00edo-diciembre-2018.mp4\">http:\/\/www.mecerreyes.com\/mece\/wp-content\/uploads\/2019\/01\/Mecerreyes-Zarramacadas-en-el-50-Aniversario-del-Grupo-de-danzas-Justo-del-R\u00edo-diciembre-2018.mp4<\/a><\/video><\/div>\n<div style=\"width: 640px;\" class=\"wp-video\"><video class=\"wp-video-shortcode\" id=\"video-18214-7\" width=\"640\" height=\"352\" preload=\"metadata\" controls=\"controls\"><source type=\"video\/mp4\" src=\"http:\/\/www.mecerreyes.com\/mece\/wp-content\/uploads\/2018\/10\/VID-20181031-WA0015.mp4?_=7\" \/><a  href=\"http:\/\/www.mecerreyes.com\/mece\/wp-content\/uploads\/2018\/10\/VID-20181031-WA0015.mp4\">http:\/\/www.mecerreyes.com\/mece\/wp-content\/uploads\/2018\/10\/VID-20181031-WA0015.mp4<\/a><\/video><\/div>\n<p><iframe loading=\"lazy\" width=\"1080\" height=\"608\" src=\"https:\/\/www.youtube.com\/embed\/Omea9VZ4G_w?feature=oembed\" frameborder=\"0\" allow=\"accelerometer; autoplay; encrypted-media; gyroscope; picture-in-picture\" allowfullscreen><\/iframe><\/p>\n<p><iframe loading=\"lazy\" width=\"1080\" height=\"608\" src=\"https:\/\/www.youtube.com\/embed\/VnUVPMDt50Q?feature=oembed\" frameborder=\"0\" allow=\"accelerometer; autoplay; encrypted-media; gyroscope; picture-in-picture\" allowfullscreen><\/iframe><\/p>\n<p><iframe loading=\"lazy\" width=\"1080\" height=\"608\" src=\"https:\/\/www.youtube.com\/embed\/au4f7H2wh8w?feature=oembed\" frameborder=\"0\" allow=\"accelerometer; autoplay; encrypted-media; gyroscope; picture-in-picture\" allowfullscreen><\/iframe><\/p>\n<p><iframe loading=\"lazy\" width=\"1080\" height=\"608\" src=\"https:\/\/www.youtube.com\/embed\/4XY-efsG6s0?feature=oembed\" frameborder=\"0\" allow=\"accelerometer; autoplay; encrypted-media; gyroscope; picture-in-picture\" allowfullscreen><\/iframe><\/p>\n<div style=\"width: 1080px;\" class=\"wp-video\"><video class=\"wp-video-shortcode\" id=\"video-18214-8\" width=\"1080\" height=\"608\" preload=\"metadata\" controls=\"controls\"><source type=\"video\/mp4\" src=\"http:\/\/www.mecerreyes.com\/mece\/wp-content\/uploads\/2018\/09\/P1000237.mp4?_=8\" \/><a  href=\"http:\/\/www.mecerreyes.com\/mece\/wp-content\/uploads\/2018\/09\/P1000237.mp4\">http:\/\/www.mecerreyes.com\/mece\/wp-content\/uploads\/2018\/09\/P1000237.mp4<\/a><\/video><\/div>\n<div style=\"width: 400px;\" class=\"wp-video\"><video class=\"wp-video-shortcode\" id=\"video-18214-9\" width=\"400\" height=\"224\" preload=\"metadata\" controls=\"controls\"><source type=\"video\/mp4\" src=\"http:\/\/www.mecerreyes.com\/mece\/wp-content\/uploads\/2017\/03\/El-vuelo-del-\u00c1ngel-Fotograf\u00eda-y-v\u00eddeo-Mecerreyes-2017-Canto-de-las-Marzas.mp4?_=9\" \/><a  href=\"http:\/\/www.mecerreyes.com\/mece\/wp-content\/uploads\/2017\/03\/El-vuelo-del-\u00c1ngel-Fotograf\u00eda-y-v\u00eddeo-Mecerreyes-2017-Canto-de-las-Marzas.mp4\">http:\/\/www.mecerreyes.com\/mece\/wp-content\/uploads\/2017\/03\/El-vuelo-del-\u00c1ngel-Fotograf\u00eda-y-v\u00eddeo-Mecerreyes-2017-Canto-de-las-Marzas.mp4<\/a><\/video><\/div>\n<div style=\"width: 400px;\" class=\"wp-video\"><video class=\"wp-video-shortcode\" id=\"video-18214-10\" width=\"400\" height=\"230\" preload=\"metadata\" controls=\"controls\"><source type=\"video\/mp4\" src=\"http:\/\/www.mecerreyes.com\/mece\/wp-content\/uploads\/2017\/03\/Mecerreyes-26-02-2017-C\u00e9sar-Mambrillas.mp4?_=10\" \/><a  href=\"http:\/\/www.mecerreyes.com\/mece\/wp-content\/uploads\/2017\/03\/Mecerreyes-26-02-2017-C\u00e9sar-Mambrillas.mp4\">http:\/\/www.mecerreyes.com\/mece\/wp-content\/uploads\/2017\/03\/Mecerreyes-26-02-2017-C\u00e9sar-Mambrillas.mp4<\/a><\/video><\/div>\n<div style=\"width: 400px;\" class=\"wp-video\"><video class=\"wp-video-shortcode\" id=\"video-18214-11\" width=\"400\" height=\"224\" preload=\"metadata\" controls=\"controls\"><source type=\"video\/mp4\" src=\"http:\/\/www.mecerreyes.com\/mece\/wp-content\/uploads\/2017\/03\/VID-20170305-WA0043.mp4?_=11\" \/><a  href=\"http:\/\/www.mecerreyes.com\/mece\/wp-content\/uploads\/2017\/03\/VID-20170305-WA0043.mp4\">http:\/\/www.mecerreyes.com\/mece\/wp-content\/uploads\/2017\/03\/VID-20170305-WA0043.mp4<\/a><\/video><\/div>\n<div style=\"width: 640px;\" class=\"wp-video\"><video class=\"wp-video-shortcode\" id=\"video-18214-12\" width=\"640\" height=\"360\" poster=\"http:\/\/www.mecerreyes.com\/mece\/wp-content\/uploads\/2017\/02\/MECERREYES-Gallo-2017.jpg\" preload=\"metadata\" controls=\"controls\"><source type=\"video\/mp4\" src=\"http:\/\/www.mecerreyes.com\/mece\/wp-content\/uploads\/2017\/03\/Mecerreyes-Corrrida-del-Gallo-de-Carnaval-Onda-Cero-2017.mp4?_=12\" \/><a  href=\"http:\/\/www.mecerreyes.com\/mece\/wp-content\/uploads\/2017\/03\/Mecerreyes-Corrrida-del-Gallo-de-Carnaval-Onda-Cero-2017.mp4\">http:\/\/www.mecerreyes.com\/mece\/wp-content\/uploads\/2017\/03\/Mecerreyes-Corrrida-del-Gallo-de-Carnaval-Onda-Cero-2017.mp4<\/a><\/video><\/div>\n<div style=\"width: 640px;\" class=\"wp-video\"><video class=\"wp-video-shortcode\" id=\"video-18214-13\" width=\"640\" height=\"352\" preload=\"metadata\" controls=\"controls\"><source type=\"video\/mp4\" src=\"http:\/\/www.mecerreyes.com\/mece\/wp-content\/uploads\/2016\/12\/Mecerreyes-San-Mart\u00edn-11-11-2016.mp4?_=13\" \/><a  href=\"http:\/\/www.mecerreyes.com\/mece\/wp-content\/uploads\/2016\/12\/Mecerreyes-San-Mart\u00edn-11-11-2016.mp4\">http:\/\/www.mecerreyes.com\/mece\/wp-content\/uploads\/2016\/12\/Mecerreyes-San-Mart\u00edn-11-11-2016.mp4<\/a><\/video><\/div>\n<div style=\"width: 640px;\" class=\"wp-video\"><video class=\"wp-video-shortcode\" id=\"video-18214-14\" width=\"640\" height=\"352\" preload=\"metadata\" controls=\"controls\"><source type=\"video\/mp4\" src=\"http:\/\/www.mecerreyes.com\/mece\/wp-content\/uploads\/2016\/09\/Pe\u00f1as-de-Mecerreyes-27-08-2016.mp4?_=14\" \/><a  href=\"http:\/\/www.mecerreyes.com\/mece\/wp-content\/uploads\/2016\/09\/Pe\u00f1as-de-Mecerreyes-27-08-2016.mp4\">http:\/\/www.mecerreyes.com\/mece\/wp-content\/uploads\/2016\/09\/Pe\u00f1as-de-Mecerreyes-27-08-2016.mp4<\/a><\/video><\/div>\n<div style=\"width: 400px;\" class=\"wp-video\"><video class=\"wp-video-shortcode\" id=\"video-18214-15\" width=\"400\" height=\"224\" preload=\"metadata\" controls=\"controls\"><source type=\"video\/mp4\" src=\"http:\/\/www.mecerreyes.com\/mece\/wp-content\/uploads\/2016\/05\/Concierto-M\u00fasica-Sacra.-Jorge-Benito-Santamar\u00eda-Nieto-de-la-Sra.-Cisella-y-su-hija-Gabriela-Benito-Montealegre.mp4?_=15\" \/><a  href=\"http:\/\/www.mecerreyes.com\/mece\/wp-content\/uploads\/2016\/05\/Concierto-M\u00fasica-Sacra.-Jorge-Benito-Santamar\u00eda-Nieto-de-la-Sra.-Cisella-y-su-hija-Gabriela-Benito-Montealegre.mp4\">http:\/\/www.mecerreyes.com\/mece\/wp-content\/uploads\/2016\/05\/Concierto-M\u00fasica-Sacra.-Jorge-Benito-Santamar\u00eda-Nieto-de-la-Sra.-Cisella-y-su-hija-Gabriela-Benito-Montealegre.mp4<\/a><\/video><\/div>\n<div style=\"width: 400px;\" class=\"wp-video\"><video class=\"wp-video-shortcode\" id=\"video-18214-16\" width=\"400\" height=\"230\" preload=\"metadata\" controls=\"controls\"><source type=\"video\/mp4\" src=\"http:\/\/www.mecerreyes.com\/mece\/wp-content\/uploads\/2016\/05\/Mecerreyes-Rio-Laurel-20-04-2016-a.mp4?_=16\" \/><a  href=\"http:\/\/www.mecerreyes.com\/mece\/wp-content\/uploads\/2016\/05\/Mecerreyes-Rio-Laurel-20-04-2016-a.mp4\">http:\/\/www.mecerreyes.com\/mece\/wp-content\/uploads\/2016\/05\/Mecerreyes-Rio-Laurel-20-04-2016-a.mp4<\/a><\/video><\/div>\n<div style=\"width: 400px;\" class=\"wp-video\"><video class=\"wp-video-shortcode\" id=\"video-18214-17\" width=\"400\" height=\"230\" preload=\"metadata\" controls=\"controls\"><source type=\"video\/mp4\" src=\"http:\/\/www.mecerreyes.com\/mece\/wp-content\/uploads\/2016\/05\/Mecerreyes-Rio-Laurel-20-04-2016-b.mp4?_=17\" \/><a  href=\"http:\/\/www.mecerreyes.com\/mece\/wp-content\/uploads\/2016\/05\/Mecerreyes-Rio-Laurel-20-04-2016-b.mp4\">http:\/\/www.mecerreyes.com\/mece\/wp-content\/uploads\/2016\/05\/Mecerreyes-Rio-Laurel-20-04-2016-b.mp4<\/a><\/video><\/div>\n<p><iframe loading=\"lazy\" width=\"1080\" height=\"608\" src=\"https:\/\/www.youtube.com\/embed\/AEA3zQZTCbY?feature=oembed\" frameborder=\"0\" allow=\"accelerometer; autoplay; encrypted-media; gyroscope; picture-in-picture\" allowfullscreen><\/iframe><\/p>\n<div style=\"width: 960px;\" class=\"wp-video\"><video class=\"wp-video-shortcode\" id=\"video-18214-18\" width=\"960\" height=\"540\" preload=\"metadata\" controls=\"controls\"><source type=\"video\/mp4\" src=\"http:\/\/www.mecerreyes.com\/mece\/wp-content\/uploads\/2016\/04\/VID-20160420-WA0025.mp4?_=18\" \/><a  href=\"http:\/\/www.mecerreyes.com\/mece\/wp-content\/uploads\/2016\/04\/VID-20160420-WA0025.mp4\">http:\/\/www.mecerreyes.com\/mece\/wp-content\/uploads\/2016\/04\/VID-20160420-WA0025.mp4<\/a><\/video><\/div>\n<p><iframe loading=\"lazy\" width=\"1080\" height=\"608\" src=\"https:\/\/www.youtube.com\/embed\/uuBt2mbGLrk?feature=oembed\" frameborder=\"0\" allow=\"accelerometer; autoplay; encrypted-media; gyroscope; picture-in-picture\" allowfullscreen><\/iframe><\/p>\n<div style=\"width: 640px;\" class=\"wp-video\"><video class=\"wp-video-shortcode\" id=\"video-18214-19\" width=\"640\" height=\"352\" preload=\"metadata\" controls=\"controls\"><source type=\"video\/mp4\" src=\"http:\/\/www.mecerreyes.com\/mece\/wp-content\/uploads\/2016\/04\/VID-20160420-WA0024.mp4?_=19\" \/><a  href=\"http:\/\/www.mecerreyes.com\/mece\/wp-content\/uploads\/2016\/04\/VID-20160420-WA0024.mp4\">http:\/\/www.mecerreyes.com\/mece\/wp-content\/uploads\/2016\/04\/VID-20160420-WA0024.mp4<\/a><\/video><\/div>\n<p><iframe loading=\"lazy\" width=\"1080\" height=\"608\" src=\"https:\/\/www.youtube.com\/embed\/sdUUxxcpgVA?feature=oembed\" frameborder=\"0\" allow=\"accelerometer; autoplay; encrypted-media; gyroscope; picture-in-picture\" allowfullscreen><\/iframe><\/p>\n<div style=\"width: 352px;\" class=\"wp-video\"><video class=\"wp-video-shortcode\" id=\"video-18214-20\" width=\"352\" height=\"240\" preload=\"metadata\" controls=\"controls\"><source type=\"video\/mp4\" src=\"http:\/\/www.mecerreyes.com\/mece\/wp-content\/uploads\/2016\/01\/Bici-Mecerreyes-movil-modificado.mp4?_=20\" \/><a  href=\"http:\/\/www.mecerreyes.com\/mece\/wp-content\/uploads\/2016\/01\/Bici-Mecerreyes-movil-modificado.mp4\">http:\/\/www.mecerreyes.com\/mece\/wp-content\/uploads\/2016\/01\/Bici-Mecerreyes-movil-modificado.mp4<\/a><\/video><\/div>\n<p><iframe loading=\"lazy\" width=\"1080\" height=\"608\" src=\"https:\/\/www.youtube.com\/embed\/st4CDhrxlOs?feature=oembed\" frameborder=\"0\" allow=\"accelerometer; autoplay; encrypted-media; gyroscope; picture-in-picture\" allowfullscreen><\/iframe><\/p>\n<p><iframe loading=\"lazy\" width=\"1080\" height=\"608\" src=\"https:\/\/www.youtube.com\/embed\/9FDbAxsUtKI?feature=oembed\" frameborder=\"0\" allow=\"accelerometer; autoplay; encrypted-media; gyroscope; picture-in-picture\" allowfullscreen><\/iframe><\/p>\n<p><iframe loading=\"lazy\" width=\"1080\" height=\"608\" src=\"https:\/\/www.youtube.com\/embed\/Jgkt4FUE0L4?feature=oembed\" frameborder=\"0\" allow=\"accelerometer; autoplay; encrypted-media; gyroscope; picture-in-picture\" allowfullscreen><\/iframe><\/p>\n<div style=\"width: 720px;\" class=\"wp-video\"><video class=\"wp-video-shortcode\" id=\"video-18214-21\" width=\"720\" height=\"400\" preload=\"metadata\" controls=\"controls\"><source type=\"video\/mp4\" src=\"http:\/\/www.mecerreyes.com\/mece\/wp-content\/uploads\/2016\/01\/Bici-Mecerreyes-movil.mp4?_=21\" \/><a  href=\"http:\/\/www.mecerreyes.com\/mece\/wp-content\/uploads\/2016\/01\/Bici-Mecerreyes-movil.mp4\">http:\/\/www.mecerreyes.com\/mece\/wp-content\/uploads\/2016\/01\/Bici-Mecerreyes-movil.mp4<\/a><\/video><\/div>\n<div style=\"width: 720px;\" class=\"wp-video\"><video class=\"wp-video-shortcode\" id=\"video-18214-22\" width=\"720\" height=\"480\" preload=\"metadata\" controls=\"controls\"><source type=\"video\/mp4\" src=\"http:\/\/www.mecerreyes.com\/mece\/wp-content\/uploads\/2014\/12\/Tere-Romero-Mecerreyes-caldereta-06-09-2014.mp4?_=22\" \/><a  href=\"http:\/\/www.mecerreyes.com\/mece\/wp-content\/uploads\/2014\/12\/Tere-Romero-Mecerreyes-caldereta-06-09-2014.mp4\">http:\/\/www.mecerreyes.com\/mece\/wp-content\/uploads\/2014\/12\/Tere-Romero-Mecerreyes-caldereta-06-09-2014.mp4<\/a><\/video><\/div>\n<p>&nbsp;<\/p>\n<div style=\"width: 640px;\" class=\"wp-video\"><video class=\"wp-video-shortcode\" id=\"video-18214-23\" width=\"640\" height=\"352\" preload=\"metadata\" controls=\"controls\"><source type=\"video\/mp4\" src=\"http:\/\/www.mecerreyes.com\/mece\/wp-content\/uploads\/2014\/10\/VID-20140908-WA0011.mp4?_=23\" \/><a  href=\"http:\/\/www.mecerreyes.com\/mece\/wp-content\/uploads\/2014\/10\/VID-20140908-WA0011.mp4\">http:\/\/www.mecerreyes.com\/mece\/wp-content\/uploads\/2014\/10\/VID-20140908-WA0011.mp4<\/a><\/video><\/div>\n<p><iframe loading=\"lazy\" width=\"1080\" height=\"608\" src=\"https:\/\/www.youtube.com\/embed\/F9h6U_u431U?feature=oembed\" frameborder=\"0\" allow=\"accelerometer; autoplay; encrypted-media; gyroscope; picture-in-picture\" allowfullscreen><\/iframe><\/p>\n<p><iframe loading=\"lazy\" width=\"1080\" height=\"810\" src=\"https:\/\/www.youtube.com\/embed\/zDfRHxIvF30?feature=oembed\" frameborder=\"0\" allow=\"accelerometer; autoplay; encrypted-media; gyroscope; picture-in-picture\" allowfullscreen><\/iframe><\/p>\n<p><iframe loading=\"lazy\" width=\"1080\" height=\"810\" src=\"https:\/\/www.youtube.com\/embed\/BkBX0iMLySA?feature=oembed\" frameborder=\"0\" allow=\"accelerometer; autoplay; encrypted-media; gyroscope; picture-in-picture\" allowfullscreen><\/iframe><\/p>\n<p><iframe loading=\"lazy\" width=\"1080\" height=\"810\" src=\"https:\/\/www.youtube.com\/embed\/BCxOjPnYiEE?feature=oembed\" frameborder=\"0\" allow=\"accelerometer; autoplay; encrypted-media; gyroscope; picture-in-picture\" allowfullscreen><\/iframe><\/p>\n<div style=\"width: 720px;\" class=\"wp-video\"><video class=\"wp-video-shortcode\" id=\"video-18214-24\" width=\"720\" height=\"480\" preload=\"metadata\" controls=\"controls\"><source type=\"video\/mp4\" src=\"http:\/\/www.mecerreyes.com\/mece\/wp-content\/uploads\/2014\/07\/Mecerreyes-22-06-2014-Corpus-Video-1.mp4?_=24\" \/><a  href=\"http:\/\/www.mecerreyes.com\/mece\/wp-content\/uploads\/2014\/07\/Mecerreyes-22-06-2014-Corpus-Video-1.mp4\">http:\/\/www.mecerreyes.com\/mece\/wp-content\/uploads\/2014\/07\/Mecerreyes-22-06-2014-Corpus-Video-1.mp4<\/a><\/video><\/div>\n<div style=\"width: 640px;\" class=\"wp-video\"><video class=\"wp-video-shortcode\" id=\"video-18214-25\" width=\"640\" height=\"352\" preload=\"metadata\" controls=\"controls\"><source type=\"video\/mp4\" src=\"http:\/\/www.mecerreyes.com\/mece\/wp-content\/uploads\/2014\/03\/Mecerreyes-Aguinaldos-2-03-2014.mp4?_=25\" \/><a  href=\"http:\/\/www.mecerreyes.com\/mece\/wp-content\/uploads\/2014\/03\/Mecerreyes-Aguinaldos-2-03-2014.mp4\">http:\/\/www.mecerreyes.com\/mece\/wp-content\/uploads\/2014\/03\/Mecerreyes-Aguinaldos-2-03-2014.mp4<\/a><\/video><\/div>\n<p><iframe loading=\"lazy\" width=\"1080\" height=\"608\" src=\"https:\/\/www.youtube.com\/embed\/c0VUQR3bVgo?feature=oembed\" frameborder=\"0\" allow=\"accelerometer; autoplay; encrypted-media; gyroscope; picture-in-picture\" allowfullscreen><\/iframe><\/p>\n<p><iframe loading=\"lazy\" width=\"1080\" height=\"608\" src=\"https:\/\/www.youtube.com\/embed\/o8hNDBg9g2I?feature=oembed\" frameborder=\"0\" allow=\"accelerometer; autoplay; encrypted-media; gyroscope; picture-in-picture\" allowfullscreen><\/iframe><\/p>\n<p><iframe loading=\"lazy\" width=\"1080\" height=\"608\" src=\"https:\/\/www.youtube.com\/embed\/3Vt5g0dI1-Q?feature=oembed\" frameborder=\"0\" allow=\"accelerometer; autoplay; encrypted-media; gyroscope; picture-in-picture\" allowfullscreen><\/iframe><\/p>\n<div style=\"width: 640px;\" class=\"wp-video\"><video class=\"wp-video-shortcode\" id=\"video-18214-26\" width=\"640\" height=\"352\" preload=\"metadata\" controls=\"controls\"><source type=\"video\/mp4\" src=\"http:\/\/www.mecerreyes.com\/mece\/wp-content\/uploads\/2014\/03\/Mecerreyes-zarramacadas-2-03-2014.mp4?_=26\" \/><a  href=\"http:\/\/www.mecerreyes.com\/mece\/wp-content\/uploads\/2014\/03\/Mecerreyes-zarramacadas-2-03-2014.mp4\">http:\/\/www.mecerreyes.com\/mece\/wp-content\/uploads\/2014\/03\/Mecerreyes-zarramacadas-2-03-2014.mp4<\/a><\/video><\/div>\n<div style=\"width: 640px;\" class=\"wp-video\"><video class=\"wp-video-shortcode\" id=\"video-18214-27\" width=\"640\" height=\"352\" preload=\"metadata\" controls=\"controls\"><source type=\"video\/mp4\" src=\"http:\/\/www.mecerreyes.com\/mece\/wp-content\/uploads\/2014\/03\/VID-20140313-WA0000.mp4?_=27\" \/><a  href=\"http:\/\/www.mecerreyes.com\/mece\/wp-content\/uploads\/2014\/03\/VID-20140313-WA0000.mp4\">http:\/\/www.mecerreyes.com\/mece\/wp-content\/uploads\/2014\/03\/VID-20140313-WA0000.mp4<\/a><\/video><\/div>\n<p><iframe loading=\"lazy\" width=\"1080\" height=\"608\" src=\"https:\/\/www.youtube.com\/embed\/yMWOsue8X9o?feature=oembed\" frameborder=\"0\" allow=\"accelerometer; autoplay; encrypted-media; gyroscope; picture-in-picture\" allowfullscreen><\/iframe><\/p>\n<p><iframe loading=\"lazy\" width=\"1080\" height=\"608\" src=\"https:\/\/www.youtube.com\/embed\/roWAth4jYM4?feature=oembed\" frameborder=\"0\" allow=\"accelerometer; autoplay; encrypted-media; gyroscope; picture-in-picture\" allowfullscreen><\/iframe><\/p>\n<p><iframe loading=\"lazy\" width=\"1080\" height=\"608\" src=\"https:\/\/www.youtube.com\/embed\/aSVah8VOIv8?feature=oembed\" frameborder=\"0\" allow=\"accelerometer; autoplay; encrypted-media; gyroscope; picture-in-picture\" allowfullscreen><\/iframe><\/p>\n<p><iframe loading=\"lazy\" width=\"1080\" height=\"810\" src=\"https:\/\/www.youtube.com\/embed\/r6OwDKKNXQ8?feature=oembed\" frameborder=\"0\" allow=\"accelerometer; autoplay; encrypted-media; gyroscope; picture-in-picture\" allowfullscreen><\/iframe><\/p>","protected":false},"excerpt":{"rendered":"<p>&nbsp; &nbsp;<\/p>\n","protected":false},"author":5,"featured_media":0,"parent":0,"menu_order":6,"comment_status":"closed","ping_status":"closed","template":"","meta":{"_et_pb_use_builder":"","_et_pb_old_content":"","_et_gb_content_width":"","footnotes":""},"class_list":["post-18214","page","type-page","status-publish","hentry"],"_links":{"self":[{"href":"https:\/\/www.mecerreyes.com\/mece\/index.php?rest_route=\/wp\/v2\/pages\/18214"}],"collection":[{"href":"https:\/\/www.mecerreyes.com\/mece\/index.php?rest_route=\/wp\/v2\/pages"}],"about":[{"href":"https:\/\/www.mecerreyes.com\/mece\/index.php?rest_route=\/wp\/v2\/types\/page"}],"author":[{"embeddable":true,"href":"https:\/\/www.mecerreyes.com\/mece\/index.php?rest_route=\/wp\/v2\/users\/5"}],"replies":[{"embeddable":true,"href":"https:\/\/www.mecerreyes.com\/mece\/index.php?rest_route=%2Fwp%2Fv2%2Fcomments&post=18214"}],"version-history":[{"count":2,"href":"https:\/\/www.mecerreyes.com\/mece\/index.php?rest_route=\/wp\/v2\/pages\/18214\/revisions"}],"predecessor-version":[{"id":18216,"href":"https:\/\/www.mecerreyes.com\/mece\/index.php?rest_route=\/wp\/v2\/pages\/18214\/revisions\/18216"}],"wp:attachment":[{"href":"https:\/\/www.mecerreyes.com\/mece\/index.php?rest_route=%2Fwp%2Fv2%2Fmedia&parent=18214"}],"curies":[{"name":"wp","href":"https:\/\/api.w.org\/{rel}","templated":true}]}}