{"id":20662,"date":"2021-03-19T22:43:48","date_gmt":"2021-03-19T21:43:48","guid":{"rendered":"http:\/\/www.mecerreyes.com\/mece\/?page_id=20662"},"modified":"2021-03-31T00:51:53","modified_gmt":"2021-03-30T23:51:53","slug":"museo-del-carbon-al-aire-libre","status":"publish","type":"page","link":"https:\/\/www.mecerreyes.com\/mece\/?page_id=20662","title":{"rendered":"Museo del Carb\u00f3n"},"content":{"rendered":"<p><strong><u>Mecerreyes &#8211; EL CARB\u00d3N VEGETAL Y LAS CARBONERAS<\/u><\/strong><\/p>\n\n\n\n<p>Es el producto natural resultante de la combusti\u00f3n incompleta de la madera en hornos de carb\u00f3n o carboneras.<\/p>\n\n\n\n<p>Observando atentamente el monte de Mecerreyes se puede detectar los lugares donde en su d\u00eda hubo carboneras: son zonas llanas de forma redondeada, con restos de carb\u00f3n muy desmenuzado, bien con tierra de color muy negro.<\/p>\n\n\n\n<figure class=\"wp-block-image size-large\"><img loading=\"lazy\" decoding=\"async\" width=\"1024\" height=\"576\" src=\"http:\/\/www.mecerreyes.com\/mece\/wp-content\/uploads\/2021\/03\/Mecerreyes-Museo-del-Carb\u00f3n-al-aire-libre-1-1024x576.jpg\" alt=\"\" class=\"wp-image-20670\" srcset=\"https:\/\/www.mecerreyes.com\/mece\/wp-content\/uploads\/2021\/03\/Mecerreyes-Museo-del-Carb\u00f3n-al-aire-libre-1-1024x576.jpg 1024w, https:\/\/www.mecerreyes.com\/mece\/wp-content\/uploads\/2021\/03\/Mecerreyes-Museo-del-Carb\u00f3n-al-aire-libre-1-300x169.jpg 300w, https:\/\/www.mecerreyes.com\/mece\/wp-content\/uploads\/2021\/03\/Mecerreyes-Museo-del-Carb\u00f3n-al-aire-libre-1-768x432.jpg 768w, https:\/\/www.mecerreyes.com\/mece\/wp-content\/uploads\/2021\/03\/Mecerreyes-Museo-del-Carb\u00f3n-al-aire-libre-1-1080x607.jpg 1080w, https:\/\/www.mecerreyes.com\/mece\/wp-content\/uploads\/2021\/03\/Mecerreyes-Museo-del-Carb\u00f3n-al-aire-libre-1.jpg 1417w\" sizes=\"(max-width: 1024px) 100vw, 1024px\" \/><\/figure>\n\n\n\n<p><strong>Para construir un horno<\/strong>, el primer paso es allanar el terreno, para preparar la era. Se prepara un castillejo de unos 70 cm. de altura con unos palos cruzados en el centro que servir\u00e1n de apoyo para colocar los primeros troncos. En el hueco que deja el castillejo se introduce, vertical, un palo recto y muy largo (el perico). Para esta primera capa se van seleccionando los palos m\u00e1s finos que se van apoyando de pie, sobre el suelo, alrededor del castillejo. Sobre esta, se coloca una segunda capa con troncos de mayor grosor y sobre esta una 3\u00aa y&nbsp; una 4\u00aa con los palos m\u00e1s gruesos.<\/p>\n\n\n\n<p>A medida que se levanta el horno se va alzando el perico. Rellenando con palos delgados los huecos que queden entre los troncos de la superficie, de manera que la c\u00fapula quede uniforme.<\/p>\n\n\n\n<figure class=\"wp-block-image size-large\"><img loading=\"lazy\" decoding=\"async\" width=\"1024\" height=\"576\" src=\"http:\/\/www.mecerreyes.com\/mece\/wp-content\/uploads\/2021\/03\/Mecerreyes-Museo-del-Carb\u00f3n-al-aire-libre-5-1024x576.jpg\" alt=\"\" class=\"wp-image-20667\" srcset=\"https:\/\/www.mecerreyes.com\/mece\/wp-content\/uploads\/2021\/03\/Mecerreyes-Museo-del-Carb\u00f3n-al-aire-libre-5-1024x576.jpg 1024w, https:\/\/www.mecerreyes.com\/mece\/wp-content\/uploads\/2021\/03\/Mecerreyes-Museo-del-Carb\u00f3n-al-aire-libre-5-300x169.jpg 300w, https:\/\/www.mecerreyes.com\/mece\/wp-content\/uploads\/2021\/03\/Mecerreyes-Museo-del-Carb\u00f3n-al-aire-libre-5-768x432.jpg 768w, https:\/\/www.mecerreyes.com\/mece\/wp-content\/uploads\/2021\/03\/Mecerreyes-Museo-del-Carb\u00f3n-al-aire-libre-5-1080x607.jpg 1080w, https:\/\/www.mecerreyes.com\/mece\/wp-content\/uploads\/2021\/03\/Mecerreyes-Museo-del-Carb\u00f3n-al-aire-libre-5.jpg 1417w\" sizes=\"(max-width: 1024px) 100vw, 1024px\" \/><\/figure>\n\n\n\n<p>En todo el cerco del horno se colocan piedras grandes distantes entre si, aproximadamente medio metro, que se dejan para abrir las bocas, por las cuales respirara el horno. Apoyadas entre piedra y piedra se coloca una gavilla de t\u00e1mbaras. Desde la gavilla hasta la cima del horno se tapiza con la chasca que servir\u00e1 de soporte a la tierra para que no se cuele al interior.<\/p>\n\n\n\n<p><strong>El aterrado del horno<\/strong> se hace desde abajo hacia arriba \u201ca pala vuelta\u201d, es decir sin esparcir la tierra, sino aplast\u00e1ndola con la misma pala.<\/p>\n\n\n\n<p>Despu\u00e9s de aterrar hay que tranquear para sujetar la tierra. Se ponen unas horquillas verticales sobre el horno y &nbsp;cada dos de estas, se colocan &nbsp;horizontales las trancas. En la copa del horno, en lugar de tierra se colocan c\u00e9spedes, alrededor del perico, que se retira &nbsp;del horno dejando un orificio que atraviesa el horno de arriba abajo (el ca\u00f1o). Es importante aterrar bien el lugar donde va la escalera. Para construirla se van alternando pares de piedras y trancas hasta la cima.<\/p>\n\n\n\n<figure class=\"wp-block-image size-large\"><img loading=\"lazy\" decoding=\"async\" width=\"1024\" height=\"576\" src=\"http:\/\/www.mecerreyes.com\/mece\/wp-content\/uploads\/2021\/03\/Mecerreyes-Museo-del-Carb\u00f3n-al-aire-libre-6-1024x576.jpg\" alt=\"\" class=\"wp-image-20668\" srcset=\"https:\/\/www.mecerreyes.com\/mece\/wp-content\/uploads\/2021\/03\/Mecerreyes-Museo-del-Carb\u00f3n-al-aire-libre-6-1024x576.jpg 1024w, https:\/\/www.mecerreyes.com\/mece\/wp-content\/uploads\/2021\/03\/Mecerreyes-Museo-del-Carb\u00f3n-al-aire-libre-6-300x169.jpg 300w, https:\/\/www.mecerreyes.com\/mece\/wp-content\/uploads\/2021\/03\/Mecerreyes-Museo-del-Carb\u00f3n-al-aire-libre-6-768x432.jpg 768w, https:\/\/www.mecerreyes.com\/mece\/wp-content\/uploads\/2021\/03\/Mecerreyes-Museo-del-Carb\u00f3n-al-aire-libre-6-1080x607.jpg 1080w, https:\/\/www.mecerreyes.com\/mece\/wp-content\/uploads\/2021\/03\/Mecerreyes-Museo-del-Carb\u00f3n-al-aire-libre-6.jpg 1417w\" sizes=\"(max-width: 1024px) 100vw, 1024px\" \/><\/figure>\n\n\n\n<p><strong>Cocci\u00f3n.<\/strong> En Abril o Mayo se enciende el horno. Se introducen por el ca\u00f1o unos palos cruzados y se echan encima las mejores ascuas para que se inicie la cocci\u00f3n, abriendo unas bocas y tapando a continuaci\u00f3n el ca\u00f1o con un buen c\u00e9sped. El primer d\u00eda ser\u00e1 necesario reponer muy a menudo, cada dos horas, la le\u00f1a que se va consumiendo alrededor del ca\u00f1o, para que el horno coja fuerza. Es lo que conocemos (por atacar el horno). Para ello se destapa el c\u00e9sped y se echan troncos peque\u00f1os de le\u00f1a, se tapa de nuevo y se cubre de tierra. La combusti\u00f3n se propaga de arriba abajo y hacia el exterior.<\/p>\n\n\n\n<p>A medida que pasan los d\u00edas se va consumiendo y es necesario atacar de vez en cuando. Para dirigir la combusti\u00f3n se abren y cierran las bocas, en funci\u00f3n de la direcci\u00f3n y fuerza del viento, de donde se encuentre &nbsp;la lumbre etc. El carb\u00f3n tarda en hacerse unas tres semanas dependiendo del tama\u00f1o del horno. Pasado este tiempo el carb\u00f3n esta echo.<\/p>\n\n\n\n<figure class=\"wp-block-image size-large\"><img loading=\"lazy\" decoding=\"async\" width=\"1024\" height=\"576\" src=\"http:\/\/www.mecerreyes.com\/mece\/wp-content\/uploads\/2021\/03\/Mecerreyes-Museo-del-Carb\u00f3n-al-aire-libre-4-1024x576.jpg\" alt=\"\" class=\"wp-image-20669\" srcset=\"https:\/\/www.mecerreyes.com\/mece\/wp-content\/uploads\/2021\/03\/Mecerreyes-Museo-del-Carb\u00f3n-al-aire-libre-4-1024x576.jpg 1024w, https:\/\/www.mecerreyes.com\/mece\/wp-content\/uploads\/2021\/03\/Mecerreyes-Museo-del-Carb\u00f3n-al-aire-libre-4-300x169.jpg 300w, https:\/\/www.mecerreyes.com\/mece\/wp-content\/uploads\/2021\/03\/Mecerreyes-Museo-del-Carb\u00f3n-al-aire-libre-4-768x432.jpg 768w, https:\/\/www.mecerreyes.com\/mece\/wp-content\/uploads\/2021\/03\/Mecerreyes-Museo-del-Carb\u00f3n-al-aire-libre-4-1080x607.jpg 1080w, https:\/\/www.mecerreyes.com\/mece\/wp-content\/uploads\/2021\/03\/Mecerreyes-Museo-del-Carb\u00f3n-al-aire-libre-4.jpg 1417w\" sizes=\"(max-width: 1024px) 100vw, 1024px\" \/><\/figure>\n\n\n\n<p><strong>Extracci\u00f3n del carb\u00f3n<\/strong>. Ayudados de rastros y rodillos se va abriendo y limpiando el horno de tierra, cantos y broza. La tierra se aparta y se criba. Con unos garfios de enebro se extraen los troncos de madera ya convertida en carb\u00f3n (ca\u00f1as) y se vuelve a tapar de nuevo con la tierra cribada para que no respire, dejando que se cuele la tierra entre las ca\u00f1as para apagar la lumbre del interior. La extracci\u00f3n del carb\u00f3n se va haciendo de forma sectorial destapando y volviendo a tapar.<\/p>\n\n\n\n<p>Las ca\u00f1as que se van sacando se depositan en&nbsp; la era y se las deja enfriar vigilando que no se enciendan. Una vez fr\u00edas se depositan en colo\u00f1os o seras que se llenan con la sarda.<\/p>\n\n\n\n<p>Generalmente los palos que se encuentran en cotando con el suelo no llegan a cocerse del todo es lo que conocemos como (tizos), estos se van apartando y al final se hace con ellos un horno peque\u00f1o.&nbsp;&nbsp;&nbsp;&nbsp;&nbsp;&nbsp;&nbsp;&nbsp;&nbsp;&nbsp;&nbsp;&nbsp;&nbsp;&nbsp;&nbsp;&nbsp;&nbsp;&nbsp;&nbsp;&nbsp;&nbsp;&nbsp;&nbsp;&nbsp;&nbsp;&nbsp;&nbsp;&nbsp;&nbsp;&nbsp;&nbsp;&nbsp;&nbsp;&nbsp;&nbsp;&nbsp;&nbsp;&nbsp;&nbsp;&nbsp;&nbsp;&nbsp;&nbsp;&nbsp;&nbsp;&nbsp;&nbsp;&nbsp;&nbsp;&nbsp;&nbsp;&nbsp;&nbsp;&nbsp;&nbsp;&nbsp;&nbsp;&nbsp;&nbsp;&nbsp;&nbsp;&nbsp;&nbsp;&nbsp;&nbsp;&nbsp;&nbsp;&nbsp;&nbsp;&nbsp;&nbsp;&nbsp;&nbsp;&nbsp;&nbsp;&nbsp;&nbsp;&nbsp;&nbsp;&nbsp;&nbsp;&nbsp;&nbsp;&nbsp;&nbsp;&nbsp;&nbsp;&nbsp;&nbsp;&nbsp;&nbsp;&nbsp;&nbsp;&nbsp;&nbsp;&nbsp;&nbsp;&nbsp;&nbsp;&nbsp;&nbsp;&nbsp;&nbsp;&nbsp;&nbsp;&nbsp;&nbsp;&nbsp;&nbsp;&nbsp;&nbsp;&nbsp;&nbsp;&nbsp;&nbsp;&nbsp;&nbsp;&nbsp;&nbsp;&nbsp;&nbsp;&nbsp;&nbsp;&nbsp;&nbsp;&nbsp;&nbsp;&nbsp;&nbsp;&nbsp;&nbsp;&nbsp;&nbsp;&nbsp;&nbsp;&nbsp; &nbsp;&nbsp;&nbsp;&nbsp;&nbsp;&nbsp;&nbsp;&nbsp;&nbsp;&nbsp;&nbsp;&nbsp;&nbsp;&nbsp;&nbsp;&nbsp;&nbsp;&nbsp;&nbsp;&nbsp;&nbsp;&nbsp;&nbsp;&nbsp;&nbsp;&nbsp;&nbsp;&nbsp;&nbsp;&nbsp;&nbsp;&nbsp;&nbsp;<\/p>\n\n\n\n<figure class=\"wp-block-image size-large\"><img loading=\"lazy\" decoding=\"async\" width=\"567\" height=\"404\" src=\"http:\/\/www.mecerreyes.com\/mece\/wp-content\/uploads\/2021\/03\/Mecerreyes-Museo-del-Carb\u00f3n-plano.jpg\" alt=\"\" class=\"wp-image-20665\" srcset=\"https:\/\/www.mecerreyes.com\/mece\/wp-content\/uploads\/2021\/03\/Mecerreyes-Museo-del-Carb\u00f3n-plano.jpg 567w, https:\/\/www.mecerreyes.com\/mece\/wp-content\/uploads\/2021\/03\/Mecerreyes-Museo-del-Carb\u00f3n-plano-300x214.jpg 300w, https:\/\/www.mecerreyes.com\/mece\/wp-content\/uploads\/2021\/03\/Mecerreyes-Museo-del-Carb\u00f3n-plano-400x284.jpg 400w\" sizes=\"(max-width: 567px) 100vw, 567px\" \/><\/figure>\n\n\n\n<figure class=\"wp-block-image size-large\"><img loading=\"lazy\" decoding=\"async\" width=\"947\" height=\"1024\" src=\"http:\/\/www.mecerreyes.com\/mece\/wp-content\/uploads\/2021\/03\/Mecerreyes-Museo-del-Carb\u00f3n-al-aire-libre-947x1024.jpg\" alt=\"\" class=\"wp-image-20666\" srcset=\"https:\/\/www.mecerreyes.com\/mece\/wp-content\/uploads\/2021\/03\/Mecerreyes-Museo-del-Carb\u00f3n-al-aire-libre-947x1024.jpg 947w, https:\/\/www.mecerreyes.com\/mece\/wp-content\/uploads\/2021\/03\/Mecerreyes-Museo-del-Carb\u00f3n-al-aire-libre-277x300.jpg 277w, https:\/\/www.mecerreyes.com\/mece\/wp-content\/uploads\/2021\/03\/Mecerreyes-Museo-del-Carb\u00f3n-al-aire-libre-768x830.jpg 768w, https:\/\/www.mecerreyes.com\/mece\/wp-content\/uploads\/2021\/03\/Mecerreyes-Museo-del-Carb\u00f3n-al-aire-libre-1080x1168.jpg 1080w, https:\/\/www.mecerreyes.com\/mece\/wp-content\/uploads\/2021\/03\/Mecerreyes-Museo-del-Carb\u00f3n-al-aire-libre.jpg 1181w\" sizes=\"(max-width: 947px) 100vw, 947px\" \/><\/figure>\n\n\n\n<figure class=\"wp-block-gallery columns-3 is-cropped wp-block-gallery-1 is-layout-flex wp-block-gallery-is-layout-flex\"><ul class=\"blocks-gallery-grid\"><li class=\"blocks-gallery-item\"><figure><a  href=\"http:\/\/www.mecerreyes.com\/mece\/wp-content\/uploads\/2021\/03\/Mecerreyes-Museo-del-Carb\u00f3n-al-aire-libre-8.jpg\" class=\"thickbox no_icon\" title=\"\"><img loading=\"lazy\" decoding=\"async\" width=\"1024\" height=\"576\" src=\"http:\/\/www.mecerreyes.com\/mece\/wp-content\/uploads\/2021\/03\/Mecerreyes-Museo-del-Carb\u00f3n-al-aire-libre-8-1024x576.jpg\" alt=\"\" data-id=\"20672\" data-full-url=\"http:\/\/www.mecerreyes.com\/mece\/wp-content\/uploads\/2021\/03\/Mecerreyes-Museo-del-Carb\u00f3n-al-aire-libre-8.jpg\" data-link=\"http:\/\/www.mecerreyes.com\/mece\/?attachment_id=20672\" class=\"wp-image-20672\" srcset=\"https:\/\/www.mecerreyes.com\/mece\/wp-content\/uploads\/2021\/03\/Mecerreyes-Museo-del-Carb\u00f3n-al-aire-libre-8-1024x576.jpg 1024w, https:\/\/www.mecerreyes.com\/mece\/wp-content\/uploads\/2021\/03\/Mecerreyes-Museo-del-Carb\u00f3n-al-aire-libre-8-300x169.jpg 300w, https:\/\/www.mecerreyes.com\/mece\/wp-content\/uploads\/2021\/03\/Mecerreyes-Museo-del-Carb\u00f3n-al-aire-libre-8-768x432.jpg 768w, https:\/\/www.mecerreyes.com\/mece\/wp-content\/uploads\/2021\/03\/Mecerreyes-Museo-del-Carb\u00f3n-al-aire-libre-8-1080x607.jpg 1080w, https:\/\/www.mecerreyes.com\/mece\/wp-content\/uploads\/2021\/03\/Mecerreyes-Museo-del-Carb\u00f3n-al-aire-libre-8.jpg 1417w\" sizes=\"(max-width: 1024px) 100vw, 1024px\" \/><\/a><\/figure><\/li><li class=\"blocks-gallery-item\"><figure><a  href=\"http:\/\/www.mecerreyes.com\/mece\/wp-content\/uploads\/2021\/03\/Mecerreyes-Museo-del-Carb\u00f3n-al-aire-libre-3.jpg\" class=\"thickbox no_icon\" title=\"\"><img loading=\"lazy\" decoding=\"async\" width=\"1024\" height=\"576\" src=\"http:\/\/www.mecerreyes.com\/mece\/wp-content\/uploads\/2021\/03\/Mecerreyes-Museo-del-Carb\u00f3n-al-aire-libre-3-1024x576.jpg\" alt=\"\" data-id=\"20674\" data-full-url=\"http:\/\/www.mecerreyes.com\/mece\/wp-content\/uploads\/2021\/03\/Mecerreyes-Museo-del-Carb\u00f3n-al-aire-libre-3.jpg\" data-link=\"http:\/\/www.mecerreyes.com\/mece\/?attachment_id=20674\" class=\"wp-image-20674\" srcset=\"https:\/\/www.mecerreyes.com\/mece\/wp-content\/uploads\/2021\/03\/Mecerreyes-Museo-del-Carb\u00f3n-al-aire-libre-3-1024x576.jpg 1024w, https:\/\/www.mecerreyes.com\/mece\/wp-content\/uploads\/2021\/03\/Mecerreyes-Museo-del-Carb\u00f3n-al-aire-libre-3-300x169.jpg 300w, https:\/\/www.mecerreyes.com\/mece\/wp-content\/uploads\/2021\/03\/Mecerreyes-Museo-del-Carb\u00f3n-al-aire-libre-3-768x432.jpg 768w, https:\/\/www.mecerreyes.com\/mece\/wp-content\/uploads\/2021\/03\/Mecerreyes-Museo-del-Carb\u00f3n-al-aire-libre-3-1080x607.jpg 1080w, https:\/\/www.mecerreyes.com\/mece\/wp-content\/uploads\/2021\/03\/Mecerreyes-Museo-del-Carb\u00f3n-al-aire-libre-3.jpg 1417w\" sizes=\"(max-width: 1024px) 100vw, 1024px\" \/><\/a><\/figure><\/li><li class=\"blocks-gallery-item\"><figure><a  href=\"http:\/\/www.mecerreyes.com\/mece\/wp-content\/uploads\/2021\/03\/Mecerreyes-Museo-del-Carb\u00f3n-al-aire-libre-2.jpg\" class=\"thickbox no_icon\" title=\"\"><img loading=\"lazy\" decoding=\"async\" width=\"1024\" height=\"576\" src=\"http:\/\/www.mecerreyes.com\/mece\/wp-content\/uploads\/2021\/03\/Mecerreyes-Museo-del-Carb\u00f3n-al-aire-libre-2-1024x576.jpg\" alt=\"\" data-id=\"20673\" data-full-url=\"http:\/\/www.mecerreyes.com\/mece\/wp-content\/uploads\/2021\/03\/Mecerreyes-Museo-del-Carb\u00f3n-al-aire-libre-2.jpg\" data-link=\"http:\/\/www.mecerreyes.com\/mece\/?attachment_id=20673\" class=\"wp-image-20673\" srcset=\"https:\/\/www.mecerreyes.com\/mece\/wp-content\/uploads\/2021\/03\/Mecerreyes-Museo-del-Carb\u00f3n-al-aire-libre-2-1024x576.jpg 1024w, https:\/\/www.mecerreyes.com\/mece\/wp-content\/uploads\/2021\/03\/Mecerreyes-Museo-del-Carb\u00f3n-al-aire-libre-2-300x169.jpg 300w, https:\/\/www.mecerreyes.com\/mece\/wp-content\/uploads\/2021\/03\/Mecerreyes-Museo-del-Carb\u00f3n-al-aire-libre-2-768x432.jpg 768w, https:\/\/www.mecerreyes.com\/mece\/wp-content\/uploads\/2021\/03\/Mecerreyes-Museo-del-Carb\u00f3n-al-aire-libre-2-1080x607.jpg 1080w, https:\/\/www.mecerreyes.com\/mece\/wp-content\/uploads\/2021\/03\/Mecerreyes-Museo-del-Carb\u00f3n-al-aire-libre-2.jpg 1417w\" sizes=\"(max-width: 1024px) 100vw, 1024px\" \/><\/a><\/figure><\/li><li class=\"blocks-gallery-item\"><figure><a  href=\"http:\/\/www.mecerreyes.com\/mece\/wp-content\/uploads\/2021\/03\/Mecerreyes-Museo-del-Carb\u00f3n-al-aire-libre-7.jpg\" class=\"thickbox no_icon\" title=\"\"><img loading=\"lazy\" decoding=\"async\" width=\"1024\" height=\"576\" src=\"http:\/\/www.mecerreyes.com\/mece\/wp-content\/uploads\/2021\/03\/Mecerreyes-Museo-del-Carb\u00f3n-al-aire-libre-7-1024x576.jpg\" alt=\"\" data-id=\"20671\" data-full-url=\"http:\/\/www.mecerreyes.com\/mece\/wp-content\/uploads\/2021\/03\/Mecerreyes-Museo-del-Carb\u00f3n-al-aire-libre-7.jpg\" data-link=\"http:\/\/www.mecerreyes.com\/mece\/?attachment_id=20671\" class=\"wp-image-20671\" srcset=\"https:\/\/www.mecerreyes.com\/mece\/wp-content\/uploads\/2021\/03\/Mecerreyes-Museo-del-Carb\u00f3n-al-aire-libre-7-1024x576.jpg 1024w, https:\/\/www.mecerreyes.com\/mece\/wp-content\/uploads\/2021\/03\/Mecerreyes-Museo-del-Carb\u00f3n-al-aire-libre-7-300x169.jpg 300w, https:\/\/www.mecerreyes.com\/mece\/wp-content\/uploads\/2021\/03\/Mecerreyes-Museo-del-Carb\u00f3n-al-aire-libre-7-768x432.jpg 768w, https:\/\/www.mecerreyes.com\/mece\/wp-content\/uploads\/2021\/03\/Mecerreyes-Museo-del-Carb\u00f3n-al-aire-libre-7-1080x607.jpg 1080w, https:\/\/www.mecerreyes.com\/mece\/wp-content\/uploads\/2021\/03\/Mecerreyes-Museo-del-Carb\u00f3n-al-aire-libre-7.jpg 1417w\" sizes=\"(max-width: 1024px) 100vw, 1024px\" \/><\/a><\/figure><\/li><\/ul><\/figure>\n\n\n\n<figure class=\"wp-block-embed is-type-link is-provider-las-rutas-de-julio\"><div class=\"wp-block-embed__wrapper\">\n<a  href=\"https:\/\/ventederuta.com\/2021\/03\/18\/mecerreyes-ruta-i-museo-del-carbon\/\">Mecerreyes (Ruta I): Museo del&nbsp;Carb\u00f3n.<\/a>\n<\/div><figcaption>Ruta publicada en la Web: ventederuta.com<\/figcaption><\/figure>\n\n\n\n<p><\/p>","protected":false},"excerpt":{"rendered":"<p>Mecerreyes &#8211; EL CARB\u00d3N VEGETAL Y LAS CARBONERAS Es el producto natural resultante de la combusti\u00f3n incompleta de la madera en hornos de carb\u00f3n o carboneras. Observando atentamente el monte de Mecerreyes se puede detectar los lugares donde en su d\u00eda hubo carboneras: son zonas llanas de forma redondeada, con restos de carb\u00f3n muy desmenuzado, [&hellip;]<\/p>\n","protected":false},"author":5,"featured_media":0,"parent":74,"menu_order":1,"comment_status":"closed","ping_status":"closed","template":"","meta":{"_et_pb_use_builder":"","_et_pb_old_content":"","_et_gb_content_width":"","footnotes":""},"class_list":["post-20662","page","type-page","status-publish","hentry"],"_links":{"self":[{"href":"https:\/\/www.mecerreyes.com\/mece\/index.php?rest_route=\/wp\/v2\/pages\/20662"}],"collection":[{"href":"https:\/\/www.mecerreyes.com\/mece\/index.php?rest_route=\/wp\/v2\/pages"}],"about":[{"href":"https:\/\/www.mecerreyes.com\/mece\/index.php?rest_route=\/wp\/v2\/types\/page"}],"author":[{"embeddable":true,"href":"https:\/\/www.mecerreyes.com\/mece\/index.php?rest_route=\/wp\/v2\/users\/5"}],"replies":[{"embeddable":true,"href":"https:\/\/www.mecerreyes.com\/mece\/index.php?rest_route=%2Fwp%2Fv2%2Fcomments&post=20662"}],"version-history":[{"count":5,"href":"https:\/\/www.mecerreyes.com\/mece\/index.php?rest_route=\/wp\/v2\/pages\/20662\/revisions"}],"predecessor-version":[{"id":20692,"href":"https:\/\/www.mecerreyes.com\/mece\/index.php?rest_route=\/wp\/v2\/pages\/20662\/revisions\/20692"}],"up":[{"embeddable":true,"href":"https:\/\/www.mecerreyes.com\/mece\/index.php?rest_route=\/wp\/v2\/pages\/74"}],"wp:attachment":[{"href":"https:\/\/www.mecerreyes.com\/mece\/index.php?rest_route=%2Fwp%2Fv2%2Fmedia&parent=20662"}],"curies":[{"name":"wp","href":"https:\/\/api.w.org\/{rel}","templated":true}]}}