{"id":24,"date":"2009-02-02T17:49:49","date_gmt":"2009-02-02T16:49:49","guid":{"rendered":"http:\/\/www.mecerreyes.com\/mece\/?page_id=24"},"modified":"2024-05-20T18:50:57","modified_gmt":"2024-05-20T17:50:57","slug":"ayuntamiento","status":"publish","type":"page","link":"https:\/\/www.mecerreyes.com\/mece\/?page_id=24","title":{"rendered":"Ayuntamiento"},"content":{"rendered":"<p>Direcci\u00f3n: Calle la Iglesia s\/n Mecerreyes &#8211; 09346<br \/>\nTel\u00e9fono: 947 40 30 01<br \/>\nFax: 947 40 30 01<\/p>\n<p>Secretar\u00eda. Horario de atenci\u00f3n al p\u00fablico: lunes, mi\u00e9rcoles y viernes de 12 a 14 horas.<\/p>\n<p>Secretario: D. Jose Antonio Torres Fern\u00e1ndez (interino)<\/p>\n<p>Partido Judicial: LERMA<br \/>\nMancomunidad: RIBERA DEL ARLANZA Y DEL MONTE<\/p>\n<p><a  href=\"http:\/\/www.mecerreyes.com\/mece\/wp-content\/uploads\/2009\/02\/fachada-ayuntamiento.jpg\" class=\"thickbox no_icon\" title=\"Fachada Ayuntamiento de Mecerreyes\"><img loading=\"lazy\" decoding=\"async\" class=\"size-medium wp-image-201\" title=\"Fachada Ayuntamiento de Mecerreyes\" src=\"http:\/\/www.mecerreyes.com\/mece\/wp-content\/uploads\/2009\/02\/fachada-ayuntamiento-300x225.jpg\" alt=\"Fachada Ayuntamiento de Mecerreyes\" width=\"300\" height=\"225\" srcset=\"https:\/\/www.mecerreyes.com\/mece\/wp-content\/uploads\/2009\/02\/fachada-ayuntamiento-300x225.jpg 300w, https:\/\/www.mecerreyes.com\/mece\/wp-content\/uploads\/2009\/02\/fachada-ayuntamiento.jpg 800w\" sizes=\"(max-width: 300px) 100vw, 300px\" \/><\/a><\/p>\n<div id=\"attachment_204\" style=\"width: 310px\" class=\"wp-caption alignnone\"><a  href=\"http:\/\/www.mecerreyes.com\/mece\/wp-content\/uploads\/2009\/02\/fachada-ayuntamiento2.jpg\" class=\"thickbox no_icon\" title=\"fachada-ayuntamiento2\"><img loading=\"lazy\" decoding=\"async\" aria-describedby=\"caption-attachment-204\" class=\"size-medium wp-image-204\" title=\"fachada-ayuntamiento2\" src=\"http:\/\/www.mecerreyes.com\/mece\/wp-content\/uploads\/2009\/02\/fachada-ayuntamiento2-300x225.jpg\" alt=\"Fachada Ayuntamiento de Mecerreyes (nieve)\" width=\"300\" height=\"225\" srcset=\"https:\/\/www.mecerreyes.com\/mece\/wp-content\/uploads\/2009\/02\/fachada-ayuntamiento2-300x225.jpg 300w, https:\/\/www.mecerreyes.com\/mece\/wp-content\/uploads\/2009\/02\/fachada-ayuntamiento2.jpg 800w\" sizes=\"(max-width: 300px) 100vw, 300px\" \/><\/a><p id=\"caption-attachment-204\" class=\"wp-caption-text\">Fachada <a  href=\"https:\/\/www.mecerreyes.com\/mece\/?page_id=24\">Ayuntamiento<\/a> de Mecerreyes (nieve)<\/p><\/div>","protected":false},"excerpt":{"rendered":"<p>Direcci\u00f3n: Calle la Iglesia s\/n Mecerreyes &#8211; 09346 Tel\u00e9fono: 947 40 30 01 Fax: 947 40 30 01 Secretar\u00eda. Horario de atenci\u00f3n al p\u00fablico: lunes, mi\u00e9rcoles y viernes de 12 a 14 horas. Secretario: D. Jose Antonio Torres Fern\u00e1ndez (interino) Partido Judicial: LERMA Mancomunidad: RIBERA DEL ARLANZA Y DEL MONTE<\/p>\n","protected":false},"author":1,"featured_media":0,"parent":2,"menu_order":1,"comment_status":"closed","ping_status":"closed","template":"","meta":{"_et_pb_use_builder":"","_et_pb_old_content":"","_et_gb_content_width":"","footnotes":""},"class_list":["post-24","page","type-page","status-publish","hentry"],"_links":{"self":[{"href":"https:\/\/www.mecerreyes.com\/mece\/index.php?rest_route=\/wp\/v2\/pages\/24"}],"collection":[{"href":"https:\/\/www.mecerreyes.com\/mece\/index.php?rest_route=\/wp\/v2\/pages"}],"about":[{"href":"https:\/\/www.mecerreyes.com\/mece\/index.php?rest_route=\/wp\/v2\/types\/page"}],"author":[{"embeddable":true,"href":"https:\/\/www.mecerreyes.com\/mece\/index.php?rest_route=\/wp\/v2\/users\/1"}],"replies":[{"embeddable":true,"href":"https:\/\/www.mecerreyes.com\/mece\/index.php?rest_route=%2Fwp%2Fv2%2Fcomments&post=24"}],"version-history":[{"count":1,"href":"https:\/\/www.mecerreyes.com\/mece\/index.php?rest_route=\/wp\/v2\/pages\/24\/revisions"}],"predecessor-version":[{"id":24956,"href":"https:\/\/www.mecerreyes.com\/mece\/index.php?rest_route=\/wp\/v2\/pages\/24\/revisions\/24956"}],"up":[{"embeddable":true,"href":"https:\/\/www.mecerreyes.com\/mece\/index.php?rest_route=\/wp\/v2\/pages\/2"}],"wp:attachment":[{"href":"https:\/\/www.mecerreyes.com\/mece\/index.php?rest_route=%2Fwp%2Fv2%2Fmedia&parent=24"}],"curies":[{"name":"wp","href":"https:\/\/api.w.org\/{rel}","templated":true}]}}