{"id":247,"date":"2009-05-27T11:03:04","date_gmt":"2009-05-27T10:03:04","guid":{"rendered":"http:\/\/www.mecerreyes.com\/mece\/?page_id=247"},"modified":"2009-06-03T20:00:55","modified_gmt":"2009-06-03T19:00:55","slug":"saludo-del-alcalde","status":"publish","type":"page","link":"https:\/\/www.mecerreyes.com\/mece\/?page_id=247","title":{"rendered":"Saludo del Alcalde"},"content":{"rendered":"<p>Esta p\u00e1gina nace como resultado de la iniciativa de un grupo de personas que quieren hacer cercano nuestro pueblo a todos vosotros. Seas quien seas, vengas de donde vengas, vivas donde vivas, s\u00e9 bienvenido.<\/p>\n<p>Desde hoy Mecerreyes te quedar\u00e1 m\u00e1s cercano. Que esta visita virtual sea la antesala de una visita f\u00edsica donde nos puedas conocer en persona y comprender lo que supone el ser guileto; estamos encantados de que hayas contactado con nosotros.<\/p>\n<p>Como alcalde aplaudo esta iniciativa absolutamente particular y privada pero que nos incluye a todos: <a  href=\"https:\/\/www.mecerreyes.com\/mece\/?page_id=24\">Ayuntamiento<\/a>, <a  href=\"https:\/\/www.mecerreyes.com\/mece\/?page_id=35\">Parroquia<\/a>, <a  href=\"https:\/\/www.mecerreyes.com\/mece\/?page_id=265\">Asociaciones<\/a> y <a  href=\"https:\/\/www.mecerreyes.com\/mece\/?page_id=268\">Pe\u00f1as<\/a>. Todos los que formamos parte de este nuevo proyecto queremos invitarte a adentrarte en las ra\u00edces de Castilla; nuestra <a  href=\"https:\/\/www.mecerreyes.com\/mece\/?page_id=32\">historia<\/a> milenaria nos avala; la tierra del Conde Fern\u00e1n Gonz\u00e1lez nos acoge; y tu presencia nos honra. Si\u00e9ntete como uno m\u00e1s de nosotros.<\/p>\n<p>Disfruta de lo que vas a ver y si quieres contactar con nosotros o aprovecharte de alguna de las iniciativas que tenemos estaremos encantados de contar con un nuevo amigo que difunda por el mundo el buen nombre de Mecerreyes.<\/p>\n<p>Y a vosotros, guiletos dispersos por los cuatro puntos cardinales, espero que esta p\u00e1gina sirva para que podamos sentirnos unidos a pesar de la lejan\u00eda f\u00edsica que nos separa. Ojal\u00e1 todos colaboremos para que Mecerreyes sea m\u00e1s grande y conocida en todas las partes de Espa\u00f1a y del mundo.<\/p>\n<p>Fdo. Juli\u00e1n Vicario Alonso<\/p>\n<p>Alcalde de Mecerreyes<\/p>","protected":false},"excerpt":{"rendered":"<p>Esta p\u00e1gina nace como resultado de la iniciativa de un grupo de personas que quieren hacer cercano nuestro pueblo a todos vosotros. Seas quien seas, vengas de donde vengas, vivas donde vivas, s\u00e9 bienvenido. Desde hoy Mecerreyes te quedar\u00e1 m\u00e1s cercano. Que esta visita virtual sea la antesala de una visita f\u00edsica donde nos puedas [&hellip;]<\/p>\n","protected":false},"author":4,"featured_media":0,"parent":2,"menu_order":2,"comment_status":"closed","ping_status":"closed","template":"","meta":{"_et_pb_use_builder":"","_et_pb_old_content":"","_et_gb_content_width":"","footnotes":""},"class_list":["post-247","page","type-page","status-publish","hentry"],"_links":{"self":[{"href":"https:\/\/www.mecerreyes.com\/mece\/index.php?rest_route=\/wp\/v2\/pages\/247"}],"collection":[{"href":"https:\/\/www.mecerreyes.com\/mece\/index.php?rest_route=\/wp\/v2\/pages"}],"about":[{"href":"https:\/\/www.mecerreyes.com\/mece\/index.php?rest_route=\/wp\/v2\/types\/page"}],"author":[{"embeddable":true,"href":"https:\/\/www.mecerreyes.com\/mece\/index.php?rest_route=\/wp\/v2\/users\/4"}],"replies":[{"embeddable":true,"href":"https:\/\/www.mecerreyes.com\/mece\/index.php?rest_route=%2Fwp%2Fv2%2Fcomments&post=247"}],"version-history":[{"count":0,"href":"https:\/\/www.mecerreyes.com\/mece\/index.php?rest_route=\/wp\/v2\/pages\/247\/revisions"}],"up":[{"embeddable":true,"href":"https:\/\/www.mecerreyes.com\/mece\/index.php?rest_route=\/wp\/v2\/pages\/2"}],"wp:attachment":[{"href":"https:\/\/www.mecerreyes.com\/mece\/index.php?rest_route=%2Fwp%2Fv2%2Fmedia&parent=247"}],"curies":[{"name":"wp","href":"https:\/\/api.w.org\/{rel}","templated":true}]}}