{"id":32,"date":"2009-04-15T12:41:13","date_gmt":"2009-04-15T11:41:13","guid":{"rendered":"http:\/\/www.mecerreyes.com\/mece\/?page_id=32"},"modified":"2009-04-20T13:00:07","modified_gmt":"2009-04-20T12:00:07","slug":"historia","status":"publish","type":"page","link":"https:\/\/www.mecerreyes.com\/mece\/?page_id=32","title":{"rendered":"Historia"},"content":{"rendered":"<p>La villa de Mecerreyes se halla situada entre las comarcas de la <a  href=\"http:\/\/es.wikipedia.org\/wiki\/Ribera_del_Arlanza_y_Monte\" target=\"_blank\">Ribera del Arlanza<\/a> y la Sierra. El terreno, aunque amplio y variado, es duro, con una moderada productividad, propio de una agricultura de monta\u00f1a y de secano.<\/p>\n<p>Los primeros indicios de poblaci\u00f3n se remontan al Neol\u00edtico: hachas de fibrolita. Se han encontrado restos arqueol\u00f3gicos de la cultura del Bronce Atl\u00e1ntico (900 al 600 a. C ): puntas de lanza, flechas, f\u00edbulas y otros objetos.<\/p>\n<p>Tambi\u00e9n los romanos se asentaron en Mecerreyes, concretamente en Valdarcos ( muy cerca de la raya divisoria con\u00a0 Covarrubias), donde a\u00fan\u00a0 se pueden recoger restos cer\u00e1micos de \u00abterra sigilata\u00bb y de donde procede la estela funeraria romana del a\u00f1o 50, donde aparecer\u00eda el primer ind\u00edgena conocido de Mecerreyes: Cayo Aerno.<\/p>\n<p>No se sabe con exactitud cu\u00e1l es el origen de Mecerreyes ni de su etimolog\u00eda. Dos son las hip\u00f3tesis posibles y ambas colocan su origen entre los siglos IX-X. La primera argumenta que su fundaci\u00f3n vendr\u00eda a responder al llamamiento de repoblaci\u00f3n y derecho de presura de Alfonso III en el a\u00f1o 868; as\u00ed llegan los moz\u00e1rabes de la zona andaluza a los reinos de Le\u00f3n y de Castilla y las gentes de las monta\u00f1as del norte. La segunda hip\u00f3tesis fija su fundaci\u00f3n a partir de 912, cuando los infanzones Gundisalvo y Finderico fundan la ciudad de Lara; tras las victorias de Cascajares y Hacinas quieren ensanchar el condado y fijar sus fronteras m\u00e1s all\u00e1 de la sierra de las Mamblas estableciendo diferentes asentamientos.<\/p>\n<p>Las primeras noticias escritas de su existencia las encontramos en el siglo X tal como aparece en el documento fundacional del Infantazgo de Covarrubias del a\u00f1o 978, como perteneciente al condado de Lara: \u00abDe Lara, Mambulas et Mezerese\u00bb.<\/p>\n<p>El gentilicio para designar a las gentes de Mecerreyes es el de guiletos. Tanto este nombre como el del pueblo tienen resonancias \u00e1rabes, por lo que la hip\u00f3tesis de una repoblaci\u00f3n con gentes del sur cobrar\u00eda mayor fuerza.<\/p>\n<p>En el caso de Mecerreyes su origen se debe a dos palabras \u00e1rabes (<em>maza rais<\/em>) que significan: prado, vega, campo del arraez o cabezo (tal vez por pertenecer a alg\u00fan capit\u00e1n o estar colocado en el cabezo o promontorio inicial de alg\u00fan monte -geogr\u00e1ficamente as\u00ed sucede-). El nombre de guiletos vendr\u00eda derivado de la palabra hispano-\u00e1rabe <em>guilla<\/em>, que significa cosecha; guileto, entonces, significar\u00eda el que recoge cosecha para alguien.<\/p>\n<p>El recuerdo de una posible dependencia inicial moz\u00e1rabe se ha conservado en el pueblo en la confecci\u00f3n de colchas y mantas al estilo \u00e1rabe, y en la toponimia de muchos lugares: Valzaramio, Valdeontrosa, Valdemoro&#8230;<\/p>\n<p>Son t\u00edpicas del pueblo la celebraci\u00f3n de la fiesta del <a  href=\"http:\/\/www.mecerreyes.com\/mece\/?page_id=45\">gallo<\/a> en carnavales, <a  href=\"http:\/\/www.mecerreyes.com\/mece\/?page_id=47\">el canto de <a href=\"https:\/\/www.mecerreyes.com\/mece\/?page_id=47\">las marzas<\/a><\/a>, las fiestas de <a  href=\"http:\/\/www.mecerreyes.com\/mece\/?page_id=60\">gracias por la cosecha a finales de verano<\/a>, un certamen de dulzaineros y las celebraciones de sus patronos en mayo (<a  href=\"http:\/\/www.mecerreyes.com\/mece\/?page_id=56\"><a href=\"https:\/\/www.mecerreyes.com\/mece\/?page_id=56\">San Isidro<\/a><\/a>) y noviembre (<a  href=\"http:\/\/www.mecerreyes.com\/mece\/?page_id=58\"><a href=\"https:\/\/www.mecerreyes.com\/mece\/?page_id=58\">San Mart\u00edn<\/a><\/a>).<\/p>","protected":false},"excerpt":{"rendered":"<p>La villa de Mecerreyes se halla situada entre las comarcas de la Ribera del Arlanza y la Sierra. El terreno, aunque amplio y variado, es duro, con una moderada productividad, propio de una agricultura de monta\u00f1a y de secano. Los primeros indicios de poblaci\u00f3n se remontan al Neol\u00edtico: hachas de fibrolita. Se han encontrado restos [&hellip;]<\/p>\n","protected":false},"author":1,"featured_media":0,"parent":2,"menu_order":0,"comment_status":"closed","ping_status":"closed","template":"","meta":{"_et_pb_use_builder":"","_et_pb_old_content":"","_et_gb_content_width":"","footnotes":""},"class_list":["post-32","page","type-page","status-publish","hentry"],"_links":{"self":[{"href":"https:\/\/www.mecerreyes.com\/mece\/index.php?rest_route=\/wp\/v2\/pages\/32"}],"collection":[{"href":"https:\/\/www.mecerreyes.com\/mece\/index.php?rest_route=\/wp\/v2\/pages"}],"about":[{"href":"https:\/\/www.mecerreyes.com\/mece\/index.php?rest_route=\/wp\/v2\/types\/page"}],"author":[{"embeddable":true,"href":"https:\/\/www.mecerreyes.com\/mece\/index.php?rest_route=\/wp\/v2\/users\/1"}],"replies":[{"embeddable":true,"href":"https:\/\/www.mecerreyes.com\/mece\/index.php?rest_route=%2Fwp%2Fv2%2Fcomments&post=32"}],"version-history":[{"count":0,"href":"https:\/\/www.mecerreyes.com\/mece\/index.php?rest_route=\/wp\/v2\/pages\/32\/revisions"}],"up":[{"embeddable":true,"href":"https:\/\/www.mecerreyes.com\/mece\/index.php?rest_route=\/wp\/v2\/pages\/2"}],"wp:attachment":[{"href":"https:\/\/www.mecerreyes.com\/mece\/index.php?rest_route=%2Fwp%2Fv2%2Fmedia&parent=32"}],"curies":[{"name":"wp","href":"https:\/\/api.w.org\/{rel}","templated":true}]}}