{"id":41,"date":"2009-04-15T12:48:15","date_gmt":"2009-04-15T11:48:15","guid":{"rendered":"http:\/\/www.mecerreyes.com\/mece\/?page_id=41"},"modified":"2025-02-21T19:36:11","modified_gmt":"2025-02-21T18:36:11","slug":"servicios","status":"publish","type":"page","link":"https:\/\/www.mecerreyes.com\/mece\/?page_id=41","title":{"rendered":"Servicios"},"content":{"rendered":"<p><a  href=\"https:\/\/www.mecerreyes.com\/mece\/?page_id=41\">SERVICIOS<\/a> y TEL\u00c9FONOS DISPONIBLES EN MECERREYES:<\/p>\n<ul type=\"disc\">\n<li><strong><a  href=\"https:\/\/www.mecerreyes.com\/mece\/?page_id=24\">Ayuntamiento<\/a><\/strong> de Mecerreyes: C\/. La Iglesia, n\u00ba 25. Tfno.\/Fax: 947 403 001<\/li>\n<\/ul>\n<ul type=\"disc\">\n<li><strong>Parroqui<\/strong>a San Mart\u00edn: 947 403 002<\/li>\n<\/ul>\n<ul type=\"disc\">\n<li><strong>Restaurante \u00abEl <a  href=\"https:\/\/www.mecerreyes.com\/mece\/?page_id=797\">Mes\u00f3n de Frutos<\/a>\u00bb<\/strong> C\/. Do\u00f1a Urraca. Mecerreyes. Tfno: 627 81 69 67 (Lorena)<\/li>\n<\/ul>\n<ul type=\"disc\">\n<li><strong>Bar<\/strong> la Villa. Mecerreyes &#8211; Tfno.: 947 992 777 (V\u00edctor y Mar\u00eda)<\/li>\n<\/ul>\n<ul type=\"disc\">\n<li><strong>CAIXA. Caja Burgos<\/strong>. C\/ Do\u00f1a Urraca, n\u00ba 33. Mecerreyes &#8211; Tfno.: 947 403 003<\/li>\n<\/ul>\n<ul type=\"disc\">\n<li><strong>IBERCAJA. Caja C\u00edrculo<\/strong>. C\/. Do\u00f1a Urraca, n\u00ba 8. Mecerreyes &#8211; Tfno.: 947 403 080<\/li>\n<\/ul>\n<ul type=\"disc\">\n<li><b>Agroprecisi\u00f3n<\/b>. C\/. Rosario n\u00ba 45 bis. Mecerreyes &#8211; Tfno.: 696 969 088<\/li>\n<\/ul>\n<ul type=\"disc\">\n<li><strong>Carpinter\u00eda<\/strong> Santiago de Blas. Mecerreyes &#8211; Tfno.\/Fax: 947 403 229 &#8211; 620 397 856<\/li>\n<\/ul>\n<ul type=\"disc\">\n<li><strong>Cerramientos<\/strong> Arribas. Cierres industriales y ganaderos. Mecerreyes C\/. Rosario n\u00ba 8 &#8211; Tfno.: 947 265 847 &#8211; 947 403 234<\/li>\n<\/ul>\n<ul type=\"disc\">\n<li><strong>Dulzaineros<\/strong> \u00abT\u00e1mbara\u00bb. Dianas, pasacalles, procesiones y bailes tradicionales. Mecerreyes. Tfno.: 947 482 159 &#8211; 667 087 368<\/li>\n<\/ul>\n<ul type=\"disc\">\n<li><strong>Embutidos<\/strong> caseros \u00abArlanza\u00bb. Mecerreyes &#8211; Tfno.: 947 40 30 17<\/li>\n<\/ul>\n<ul type=\"disc\">\n<li><strong>Botiqu\u00edn farmac\u00e9utico Jos\u00e9 Mar\u00eda Canales Cuesta<\/strong>\u00a0 C\/. Do\u00f1a Urraca, 23 &#8211; 09346 Mecerreyes (Burgos) Tfno.: 947 406 574 y 657 033 736 &#8211; Horario de lunes a viernes de 10:00 a 11:15 h.<\/li>\n<\/ul>\n<ul type=\"disc\">\n<li><strong>Orquesta<\/strong> \u00abLos Anises\u00bb. Orquesta y charanga. Mecerreyes. &#8211; Tfno.: 947 265 909 &#8211; 947 234 732 &#8211; 639 756 615<\/li>\n<\/ul>","protected":false},"excerpt":{"rendered":"<p>SERVICIOS y TEL\u00c9FONOS DISPONIBLES EN MECERREYES: Ayuntamiento de Mecerreyes: C\/. La Iglesia, n\u00ba 25. Tfno.\/Fax: 947 403 001 Parroquia San Mart\u00edn: 947 403 002 Restaurante \u00abEl Mes\u00f3n de Frutos\u00bb C\/. Do\u00f1a Urraca. Mecerreyes. Tfno: 627 81 69 67 (Lorena) Bar la Villa. Mecerreyes &#8211; Tfno.: 947 992 777 (V\u00edctor y Mar\u00eda) CAIXA. Caja Burgos. C\/ [&hellip;]<\/p>\n","protected":false},"author":1,"featured_media":0,"parent":2,"menu_order":6,"comment_status":"open","ping_status":"open","template":"","meta":{"_et_pb_use_builder":"","_et_pb_old_content":"","_et_gb_content_width":"","footnotes":""},"class_list":["post-41","page","type-page","status-publish","hentry"],"_links":{"self":[{"href":"https:\/\/www.mecerreyes.com\/mece\/index.php?rest_route=\/wp\/v2\/pages\/41"}],"collection":[{"href":"https:\/\/www.mecerreyes.com\/mece\/index.php?rest_route=\/wp\/v2\/pages"}],"about":[{"href":"https:\/\/www.mecerreyes.com\/mece\/index.php?rest_route=\/wp\/v2\/types\/page"}],"author":[{"embeddable":true,"href":"https:\/\/www.mecerreyes.com\/mece\/index.php?rest_route=\/wp\/v2\/users\/1"}],"replies":[{"embeddable":true,"href":"https:\/\/www.mecerreyes.com\/mece\/index.php?rest_route=%2Fwp%2Fv2%2Fcomments&post=41"}],"version-history":[{"count":5,"href":"https:\/\/www.mecerreyes.com\/mece\/index.php?rest_route=\/wp\/v2\/pages\/41\/revisions"}],"predecessor-version":[{"id":26107,"href":"https:\/\/www.mecerreyes.com\/mece\/index.php?rest_route=\/wp\/v2\/pages\/41\/revisions\/26107"}],"up":[{"embeddable":true,"href":"https:\/\/www.mecerreyes.com\/mece\/index.php?rest_route=\/wp\/v2\/pages\/2"}],"wp:attachment":[{"href":"https:\/\/www.mecerreyes.com\/mece\/index.php?rest_route=%2Fwp%2Fv2%2Fmedia&parent=41"}],"curies":[{"name":"wp","href":"https:\/\/api.w.org\/{rel}","templated":true}]}}