{"id":43,"date":"2009-04-15T12:49:48","date_gmt":"2009-04-15T11:49:48","guid":{"rendered":"http:\/\/www.mecerreyes.com\/mece\/?page_id=43"},"modified":"2009-04-30T12:40:08","modified_gmt":"2009-04-30T11:40:08","slug":"fiestas-y-tradiciones","status":"publish","type":"page","link":"https:\/\/www.mecerreyes.com\/mece\/?page_id=43","title":{"rendered":"Fiestas y Tradiciones"},"content":{"rendered":"<p><strong>DATOS TUR\u00cdSTICOS:<\/strong><strong><\/strong><\/p>\n<p><strong> <\/strong><\/p>\n<p><a  href=\"http:\/\/www.mecerreyes.com\/mece\/?page_id=64\"><strong>IGLESIA PARROQUIAL<\/strong><\/a>: Es el principal exponente de la arquitectura guileta. Fundamentalmente del siglo XVI, aunque construida sobre un templo anterior. El a\u00f1o 1678 finalizar\u00e1n las obras de ampliaci\u00f3n de la Iglesia (dos cuerpos al oeste) que dejar\u00eda la Iglesia en la configuraci\u00f3n actual.<\/p>\n<p>La Iglesia tiene una planta basilical de tres naves.<\/p>\n<p>Posee una pila bautismal rom\u00e1nica del siglo XII.<\/p>\n<p>El Retablo Mayor, de estilo barroco, fue construido por el maestro Marcos L\u00f3pez.<\/p>\n<p>Del resto de las tallas destaca un Cristo crucificado del siglo XIV- XV. Aunque la joya principal que atesora la  Iglesia es una Cruz Parroquial del siglo XVI , obra del ofebre burgal\u00e9s\u00a0 Sebasti\u00e1n de Olivares.<\/p>\n<p><strong>MONUMENTO AL HOMBRE GUILETO :<\/strong> Obra del artista local \u00c1ngel Gil, realizada\u00a0 por subscripci\u00f3n popular de todos los vecinos y con motivo del 350 Aniversario de Mecerreyes como Villa Independiente. En bronce, de 1,75 m. Situado en medio de la plaza. Es una alegor\u00eda de la vida de un pueblo, con sus ra\u00edces y oficios m\u00e1s caracter\u00edsticos del ayer, pero mirando al futuro con esperanza.<\/p>\n<p><strong>BODEGAS Y MERENDEROS<\/strong> : Superan el centenar\u00a0 divididos en tres grandes zonas. Conservan frescos los vinos de la regi\u00f3n y son sobre todo lugares de encuentro y de tertulia. Hay tambi\u00e9n un peque\u00f1o PARQUE con asadores\u00a0 a la salida del pueblo,junto a la carretera de Puentedura.<\/p>\n<p><strong>LUGARES PAISAJ\u00cdSTICOS<\/strong> : En las casi 1500  ha. de monte, hay lugares preciosos para pasear y respirar a gusto rodeados de encinas o de robles. Destacar\u00edamos los siguientes :<strong> Cueva de los murci\u00e9lagos<\/strong>, peque\u00f1a cueva a la que se puede acceder f\u00e1cilmente,rodeada de encinas.<strong> Horno la Vieja o\u00a0 Puntalape\u00f1a,<\/strong> antiguas carboneras rodeadas de riscos curiosos.<strong> Repelones,<\/strong> \u00fanico lugar del monte donde hay un peque\u00f1os manantial, muy cerca ya de Mazariegos. <strong><em>Riscos de VIzcainos,<\/em><\/strong> antiguo despoblado ya lindante con Cuevas, <strong>La  Tejera<\/strong><strong>,<\/strong> antigua f\u00e1brica de adobes y tejas , con unas peque\u00f1as lagunas. <strong>El Bardal,<\/strong> inmensa extensi\u00f3n de tierra\u00a0 en otro tiempo bosque de robles, que llega casi hasta Lerma.<\/p>\n<p><strong>DOLMEN DE MAZARIEGOS :<\/strong> El dolmen de Mazariegos, el mal llamado dolmen de Cubillejo de Lara, se halla en el pago denominado por los lugare\u00f1os \u00abDominustecum\u00bb, y pertenece al<strong> t\u00e9rmino municipal de Mecerreyes<\/strong> y lugar de Mazariegos, propiedad este \u00faltimo de algunos vecinos de Cuevas de San Clemente.<\/p>\n<p>El dolmen es visitable llegando a Mazariegos por la Nacional de Burgos a Salas y tomando el camino que desde la misma carretera sale en direcci\u00f3n opuesta al despoblado. Sin dejarle y a 1.600 m, nos lo encontramos a la orilla izquierda del camino. Tambi\u00e9n se puede acceder por un camino de concentraci\u00f3n\u00a0 en mejor estado por el pueblo de Cubillejo de Lara.<\/p>\n<p><a  href=\"http:\/\/www.mecerreyes.com\/mece\/?page_id=70\"><strong><a href=\"https:\/\/www.mecerreyes.com\/mece\/?page_id=70\">RUTA DEL CID<\/a><\/strong><\/a>:<\/p>\n<p>Mecerreyes est\u00e1 enclavada dentro de <a  href=\"http:\/\/www.mecerreyes.com\/mece\/?page_id=70\">la <a href=\"https:\/\/www.mecerreyes.com\/mece\/?page_id=70\">Ruta del Cid<\/a><\/a>. Pronto se inaugurar\u00e1 un albergue para la acogida de los peregrinos. Pero sobre todo destaca por una soberbia <strong>escultura de EL CID<\/strong>, obra del escultor guileto Angel Gil, con la colaboraci\u00f3n del pueblo.<\/p>\n<p>La escultura representa a un glorioso jefe de los ej\u00e9rcitos en los momentos m\u00e1s tristes y duros, cuando sali\u00f3 de Burgos como un simple soldado desterrado. Su mirada enfocada\u00a0 a Mecerreyes, en direcci\u00f3n a Burgos, su ciudad a\u00f1orada\u00a0 que se ve obligado a abandonar.<\/p>\n<p>En\u00a0 su terminaci\u00f3n el conjunto asciende a un total de 8.000 Kg., y una altura m\u00e1xima de siete metros repartidos de la siguiente manera: base de 1 metro,\u00a0 altura de la imagen de 4,50 metros y prolongaci\u00f3n de la lanza de 1,50\u00a0 metros.<\/p>\n<p><a  href=\"http:\/\/www.mecerreyes.com\/mece\/?page_id=77\"><strong><a href=\"https:\/\/www.mecerreyes.com\/mece\/?page_id=77\">RUTA DEL BUEN CONDE<\/a><\/strong><\/a><\/p>\n<p>Seg\u00fan cuenta la leyenda Fern\u00e1n Gonz\u00e1lez -primer Donde independiente de Castilla- sol\u00eda cazar jabal\u00edes y otras piezas en el monte de Mecerreyes. Esta ruta de 17 Km. recorre el monte guileto y sus lugares paisaj\u00edsticos, pudiendo admirar en breve, la reproducci\u00f3n de la labor del carboneo, un horno de cal y un salegar,\u00a0 t\u00edpicos anta\u00f1o en nuestro pueblo.<\/p>\n<p><strong>FIESTAS ,TRADICIONES Y FOLKLORE.<\/strong><\/p>\n<p><strong>NAVIDE\u00d1AS<\/strong><strong> <\/strong>: Destaca dentro de las tradiciones navide\u00f1as la elaboraci\u00f3n de un <a  href=\"http:\/\/www.mecerreyes.com\/mece\/?page_id=62\"><strong><em>Bel\u00e9n\u00a0 Artesanal<\/em><\/strong><\/a> que se instala en la <a  href=\"http:\/\/www.mecerreyes.com\/mece\/?page_id=64\">Iglesia Parroquial<\/a> (debajo del coro) ocupando unos 40 metros cuadrados. Cada a\u00f1o reproduce alguna labor tradicional o alg\u00fan lugar t\u00edpico de Mecerreyes.<\/p>\n<p><strong><a  href=\"http:\/\/www.mecerreyes.com\/mece\/?page_id=47\"><a href=\"https:\/\/www.mecerreyes.com\/mece\/?page_id=47\">LAS MARZAS<\/a><\/a> :<\/strong> Fiesta t\u00edpica y propia de Mecerreyes que se celebra la noche del 28 de Febrero, en la que, en sitios determinados de antemano, los mozos ( hoy todos) se divid\u00edan en dos cuadrillas -colocadas a unos cincuenta metros una de otra- altern\u00e1ndose en el canto de las 64 coplas. \u00a0Hoy- como anta\u00f1o- una buena \u00abfogata\u00bb de \u00abt\u00e1mbaras\u00bb hace de linterna y calefacci\u00f3n para mozos y mozas en el fr\u00edo invierno guileto.<\/p>\n<p><strong><a  href=\"http:\/\/www.mecerreyes.com\/mece\/?page_id=138\"><a href=\"https:\/\/www.mecerreyes.com\/mece\/?page_id=138\">EL GALLO DE CARNAVAL<\/a><\/a> : <\/strong>Es una Fiesta \u00fanica en su desarrollo que se celebra el Domingo de Carnaval o \u00abDomingo Gordo\u00bb ( Domingo anterior al Mi\u00e9rcoles de Ceniza).<\/p>\n<p>Mozos y mozas forman dos hileras, creando una calle en medio de la cual se sit\u00faa el Rey que se limita a llevar el GALLO sujeto a una especie de rueca y defendido por el personaje m\u00e1s t\u00edpico de esta fiesta, EL ZARRRAMACO.<\/p>\n<p><a  href=\"http:\/\/www.mecerreyes.com\/mece\/?page_id=45\">Ver Coplas del Gallo<\/a><\/p>\n<p><strong><a  href=\"http:\/\/www.mecerreyes.com\/mece\/?page_id=48\"><a href=\"https:\/\/www.mecerreyes.com\/mece\/?page_id=48\">SEMANA SANTA<\/a><\/a> :<\/strong> Perdura a\u00fan una tradici\u00f3n que proviene de la antigua cofrad\u00eda de la Vera  Cruz, conocida como \u00bb los cirineos\u00bb. El Jueves Santo despu\u00e9s de la Misa se subasta la cruz que llevar\u00e1n los crineos en el Viacrucis conocido como \u00bb Los Pasos\u00bb que sube hasta el crucero de Carrelara ( antiguo rollo ), el d\u00eda de Viernes Santo, previamente tiene lugar la tradicional ceremonia de petici\u00f3n de perd\u00f3n.<\/p>\n<p><strong><a  href=\"http:\/\/www.mecerreyes.com\/mece\/?page_id=60\">FIESTAS DE ACCI\u00d3N DE GRACIAS<\/a> <\/strong>:\u00a0 El \u00faltimo fin de semana de Agosto tienen lugar las tradicionales fiestas de Gracias, con grandes verbenas y festejos. Suelen iniciarse el Jueves por la noche con la elecci\u00f3n de Reinas y Mozo Mayor, Cabalgata y Preg\u00f3n, terminando el Domingo.<\/p>\n<p><a  href=\"http:\/\/www.mecerreyes.com\/mece\/?page_id=58\"><strong>FIESTA PATRONAL DE SAN MART\u00cdN<\/strong><\/a> :\u00a0 \u00daltimamente se est\u00e1 recuperando esta fiesta que tiene lugar el 11 de noviembre, en la que destaca la  Misa solemne, el vino espa\u00f1ol compartido por todo el pueblo, la m\u00fasica de siempre y una funci\u00f3n de teatro por la tarde.<\/p>\n<p><strong>OTRAS FIESTAS<\/strong>: Se celebra tambi\u00e9n , por parte de los labradores, <a  href=\"http:\/\/www.mecerreyes.com\/mece\/?page_id=56\">la fiesta de <a href=\"https:\/\/www.mecerreyes.com\/mece\/?page_id=56\">San Isidro<\/a> Labrador<\/a>, con procesi\u00f3n y comida de hermandad.<\/p>\n<p>Y otra fiesta a destacar es la del\u00a0 <a  href=\"http:\/\/www.mecerreyes.com\/mece\/?page_id=52\">Corpus<\/a>, en la que se hace una senda de \u00bb gamones\u00bb\u00a0 por todo el recorrido de la procesi\u00f3n eucar\u00edstica, con tres o cuatro altares en determinadas plazas del pueblo.<\/p>","protected":false},"excerpt":{"rendered":"<p>DATOS TUR\u00cdSTICOS: IGLESIA PARROQUIAL: Es el principal exponente de la arquitectura guileta. Fundamentalmente del siglo XVI, aunque construida sobre un templo anterior. El a\u00f1o 1678 finalizar\u00e1n las obras de ampliaci\u00f3n de la Iglesia (dos cuerpos al oeste) que dejar\u00eda la Iglesia en la configuraci\u00f3n actual. La Iglesia tiene una planta basilical de tres naves. Posee [&hellip;]<\/p>\n","protected":false},"author":1,"featured_media":0,"parent":0,"menu_order":4,"comment_status":"closed","ping_status":"closed","template":"","meta":{"_et_pb_use_builder":"","_et_pb_old_content":"","_et_gb_content_width":"","footnotes":""},"class_list":["post-43","page","type-page","status-publish","hentry"],"_links":{"self":[{"href":"https:\/\/www.mecerreyes.com\/mece\/index.php?rest_route=\/wp\/v2\/pages\/43"}],"collection":[{"href":"https:\/\/www.mecerreyes.com\/mece\/index.php?rest_route=\/wp\/v2\/pages"}],"about":[{"href":"https:\/\/www.mecerreyes.com\/mece\/index.php?rest_route=\/wp\/v2\/types\/page"}],"author":[{"embeddable":true,"href":"https:\/\/www.mecerreyes.com\/mece\/index.php?rest_route=\/wp\/v2\/users\/1"}],"replies":[{"embeddable":true,"href":"https:\/\/www.mecerreyes.com\/mece\/index.php?rest_route=%2Fwp%2Fv2%2Fcomments&post=43"}],"version-history":[{"count":0,"href":"https:\/\/www.mecerreyes.com\/mece\/index.php?rest_route=\/wp\/v2\/pages\/43\/revisions"}],"wp:attachment":[{"href":"https:\/\/www.mecerreyes.com\/mece\/index.php?rest_route=%2Fwp%2Fv2%2Fmedia&parent=43"}],"curies":[{"name":"wp","href":"https:\/\/api.w.org\/{rel}","templated":true}]}}