{"id":45,"date":"2009-04-15T12:50:53","date_gmt":"2009-04-15T11:50:53","guid":{"rendered":"http:\/\/www.mecerreyes.com\/mece\/?page_id=45"},"modified":"2009-04-27T20:36:55","modified_gmt":"2009-04-27T19:36:55","slug":"el-gallo","status":"publish","type":"page","link":"https:\/\/www.mecerreyes.com\/mece\/?page_id=45","title":{"rendered":"Coplas de \u00abEl Gallo\u00bb"},"content":{"rendered":"<p>Coplas de \u00ab<strong><a  href=\"http:\/\/www.mecerreyes.com\/mece\/?page_id=138\"><a href=\"https:\/\/www.mecerreyes.com\/mece\/?page_id=138\">El Gallo de Carnaval<\/a><\/a><\/strong><strong>\u00ab<\/strong><strong><br \/>\n<\/strong><strong><\/strong><\/p>\n<p><strong><\/strong><\/p>\n<p><strong><\/strong><\/p>\n<p><strong>INTRODUCCI\u00d3N<\/strong><\/p>\n<p><strong>Atenci\u00f3n que va la <a  href=\"https:\/\/www.mecerreyes.com\/mece\/?page_id=32\">historia<\/a><\/strong><\/p>\n<p><strong>a referirla me atrevo,<\/strong><\/p>\n<p><strong>del m\u00e1s desdichado gallo<\/strong><\/p>\n<p><strong>que se ha corrido en el pueblo.<\/strong><\/p>\n<p>1-\u00a0\u00a0\u00a0 Nosotros nos presentamos<br \/>\ncon mucha formalidad<br \/>\npara cantar estas coplas<br \/>\nel d\u00eda de Carnaval.<\/p>\n<p>2-\u00a0\u00a0\u00a0 Traemos gallo y gallina<br \/>\narmados en banderillas<br \/>\nvenimos mozos y mozas<br \/>\ntodos juntos en cuadrilla.<\/p>\n<p>3-\u00a0\u00a0\u00a0 Si el gallo lleva listones<br \/>\nlas doncellas los galones.<br \/>\nSi el gallo lleva corales<br \/>\nlas doncellas los amores.<\/p>\n<p>4-\u00a0\u00a0\u00a0 Por muchas voces que den<br \/>\nel zarrag\u00f3n no acobarda<br \/>\nque el que se deje acercar<br \/>\nya le dar\u00e1 con la estaca.<\/p>\n<p>5-\u00a0\u00a0\u00a0 Y el que entre por el gallo<br \/>\nlo que en limpio va a sacar<br \/>\nes un palo con la estaca<br \/>\ny no puede reclamar.<\/p>\n<p>6-\u00a0\u00a0\u00a0 Este gallo pintirrojo<br \/>\npintirrojo muy gal\u00e1n<br \/>\nle tengo cortar la cresta<br \/>\ny la tengo presentar<\/p>\n<p>7-\u00a0\u00a0\u00a0 A Don F\u00e9lix Covarrubias<br \/>\nmozo robusto y gal\u00e1n<br \/>\npor si acaso caigo malo<br \/>\nme vaya a visitar.\u00a0<\/p>\n<p>8-\u00a0\u00a0\u00a0 Y las se\u00f1oras mujeres<br \/>\nque se sientan donde quieren<br \/>\najunt\u00e1ndose al sol<br \/>\ncuatro, cinco, seis o siete.<\/p>\n<p>9-\u00a0\u00a0\u00a0 No dejan cura ni fraile<br \/>\nni casado ni soltera<br \/>\nni ermita\u00f1o ni ermita\u00f1a<br \/>\nporque todo lo dan vuelta.<\/p>\n<p>\u00a0<\/p>\n<p><strong>PRESENTACI\u00d3N DEL GALLO<\/strong><\/p>\n<p>10- Ya le han pinchado los ojos<br \/>\ny arman traici\u00f3n con \u00e9l<br \/>\nya le han vestido de gala<br \/>\npara mayor sentimiento.<\/p>\n<p>11- Ya le ponen en la rueca<br \/>\nya le ponen el mant\u00f3n<br \/>\ny con atenci\u00f3n le mira<br \/>\nel que va de zarrag\u00f3n.<\/p>\n<p>12- Terrible modo de hablar<br \/>\nduro campo de pelea<br \/>\nal inocente sin culpa<br \/>\nen un alfanje la llevan.<\/p>\n<p>13- Guarnecido de oro y plata<br \/>\ny para mayor afrenta<br \/>\nle van a entregar al duelo<br \/>\nsin ojos pa que no vea.\u00a0<\/p>\n<p>14- Si hubiera un embajador<br \/>\nque a su rey le diera cuenta<br \/>\nbajar\u00eda un \u00e1guila real<br \/>\ncien mil avispas con ella.<\/p>\n<p>15- Y cargar\u00e1n con el gallo<br \/>\ny las damas que le llevan<br \/>\nellas dejar\u00e1n el gallo<br \/>\ny partir\u00e1n de carrera.\u00a0<\/p>\n<p>\u00a0<\/p>\n<p><strong>JUICIO DEL GALLO<\/strong><\/p>\n<p>16- Ven aqu\u00ed gallo gal\u00e1n<br \/>\nme han dicho que eres putero<br \/>\nsi no dices la verdad<br \/>\nla muerte te dar\u00e1n luego.<\/p>\n<p>17- Qui\u00e9n te dijera a ti gallo<br \/>\nayer tarde en el corral<br \/>\ntanto gozo con las damas<br \/>\nlas quer\u00edas afanar.<\/p>\n<p>18- P\u00eddelas perd\u00f3n de veras<br \/>\ngallito de la mi alma<br \/>\np\u00eddelas perd\u00f3n de veras<br \/>\nque ellas ser\u00e1n tus contrarias.<\/p>\n<p>19- Perd\u00f3n ya las he pedido<br \/>\nno me quieren perdonar<br \/>\npor negocio cinco reales<br \/>\nde m\u00ed se quieren gozar.<\/p>\n<p>20- Maldita sea mi ama,<br \/>\nqu\u00e9 poca estima me tiene<br \/>\npor negocio cinco reales<br \/>\nen esta prisi\u00f3n me mete.<\/p>\n<p>21- Si tu ama te ha vendido<br \/>\nser\u00e1 porque cantas mal.<br \/>\nMiente miente la mi ama<br \/>\nella que se dormir\u00e1.<\/p>\n<p>22- Si mi ama est\u00e1 dormida<br \/>\nc\u00f3mo me ha&#8217;e sentir cantar<br \/>\nsino que al amanecer<br \/>\nque la despierta el gal\u00e1n.\u00a0<\/p>\n<p><strong>\u00a0<\/strong><\/p>\n<p><strong>TESTAMENTO DEL GALLO<\/strong><\/p>\n<p>23- Y como ya s\u00e9 que pronto<br \/>\nla muerte me vais a dar<br \/>\npara hacer mi testamento<br \/>\na un notario hay que llamar.<\/p>\n<p>24- En el nombre del Se\u00f1or<br \/>\nempieza mi testamento<br \/>\nque se repartan mis bienes<br \/>\ncomo yo lo voy diciendo.<\/p>\n<p>25- Encargo a todos los hombres<br \/>\nque por m\u00ed van a pelear<br \/>\nque no me tiren al suelo<br \/>\nporque me voy a manchar.<\/p>\n<p>26- Las plumas de mi cuerpo<br \/>\nlo primero quitar\u00e9is<br \/>\nse las dar\u00e9is a las mozas<br \/>\nque las suelen menester.<\/p>\n<p>27- Pa que todos los Domingos<br \/>\nantes de salir al baile<br \/>\nque se limpien todo el polvo<br \/>\nque se les pega en las carnes.<\/p>\n<p>28- Otras plumas pa las viejas<br \/>\nque las suelen menester<br \/>\npara que barran la artesa<br \/>\ncuando vayan a cocer.<\/p>\n<p>29- La sangre dais a las mozas<br \/>\nlas que tengan mal color<br \/>\ny se den de colorete<br \/>\npara enamorar mejor.<\/p>\n<p>30- La cresta mando a los curas<br \/>\nque de m\u00ed coman tambi\u00e9n<br \/>\ncoma el rey y la reina<br \/>\ny sus vasallos tambi\u00e9n.<\/p>\n<p>31- El pico mando a las suegras<br \/>\nque le suelen emplear<br \/>\npara desollar al yerno<br \/>\nque no quiere trabajar.<\/p>\n<p>32- Las tripas se las dar\u00e1n<br \/>\na las suegras zalameras<br \/>\npara que hagan morcillas<br \/>\ny conviden a sus nueras.\u00a0<\/p>\n<p>33- El cuajo se lo dar\u00e9is<br \/>\nal botero de este pueblo<br \/>\npara que me haga una bota<br \/>\npara celebrar mi entierro.<\/p>\n<p>34- El coraz\u00f3n le dar\u00e1n<br \/>\nal cura de este lugar<br \/>\npara que rece por m\u00ed<br \/>\nel d\u00eda de Carnaval.<\/p>\n<p>35- Las u\u00f1as mando a los gatos<br \/>\nque las usan de continuo<br \/>\ny con ellas muchas veces<br \/>\nsuelen rascar el tocino.<\/p>\n<p>36- El cuerpo mando a los mozos<br \/>\nque de m\u00ed es el mejor<br \/>\nlo rellenen de chorizos<br \/>\npara que sepa mejor.<\/p>\n<p>37- La declaraci\u00f3n est\u00e1 hecha<br \/>\ny el cargo te dejo a ti<br \/>\nmando el pico a las mujeres<br \/>\npa que se acuerden de m\u00ed.<\/p>\n<p>\u00a0<\/p>\n<p><strong>CONDENA Y FINAL\u00a0<\/strong><\/p>\n<p>38- Este gallo escarbador<br \/>\nque escarba trigo y cebada<br \/>\nha de venir a morir<br \/>\na la punta de esta espada<\/p>\n<p>39- Este gallo escarbador<br \/>\nque escarba trigo y centeno<br \/>\nha de venir a morir<br \/>\na la punta de este acero.\u00a0<\/p>\n<p>40- Este gallo escarbador<br \/>\nque escarba trigo y avena<br \/>\nha de venir a morir<br \/>\na la punta de esta era.<\/p>\n<p>41- Este gallo ya muri\u00f3<br \/>\ncomo se ha de remediar<br \/>\nlas mocitas de este pueblo<br \/>\nque lo vengan a pelar.<\/p>\n<p>42- Pelarle mozas pelarle<br \/>\ntanto rancho le ten\u00e9is<br \/>\npelarle mozas pelarle<br \/>\npero no le catar\u00e9is.<\/p>\n<p>43- Dale al diablo el tamboril<br \/>\ny el cojo a la su suegra<br \/>\ny la flauta a los mozos<br \/>\nque cost\u00f3 mucho el hacerla.<\/p>\n<p>44- Al chirinchinchinchinch\u00edn<br \/>\nentre el pimiento y el ajo<br \/>\ncon dos onzas de manteca<br \/>\ny un puchero zamorano.<\/p>\n<p>45- Estas coplas se edifican<br \/>\ny se cantan en el pueblo<br \/>\ny el que las verific\u00f3<br \/>\nfue el mal pica del herrero.<\/p>\n<p>46- Estas coplas se edifican<br \/>\ny se cantan en la villa<br \/>\ny el que las verific\u00f3<br \/>\nfue el mal pagado Golilla.<\/p>\n<p>Las coplas han terminado<br \/>\nel pueblo a todos dedica<br \/>\npara que el pr\u00f3ximo a\u00f1o<br \/>\nninguno falte a la cita.<\/p>","protected":false},"excerpt":{"rendered":"<p>Coplas de \u00abEl Gallo de Carnaval\u00ab INTRODUCCI\u00d3N Atenci\u00f3n que va la historia a referirla me atrevo, del m\u00e1s desdichado gallo que se ha corrido en el pueblo. 1-\u00a0\u00a0\u00a0 Nosotros nos presentamos con mucha formalidad para cantar estas coplas el d\u00eda de Carnaval. 2-\u00a0\u00a0\u00a0 Traemos gallo y gallina armados en banderillas venimos mozos y mozas todos [&hellip;]<\/p>\n","protected":false},"author":1,"featured_media":0,"parent":138,"menu_order":0,"comment_status":"closed","ping_status":"closed","template":"","meta":{"_et_pb_use_builder":"","_et_pb_old_content":"","_et_gb_content_width":"","footnotes":""},"class_list":["post-45","page","type-page","status-publish","hentry"],"_links":{"self":[{"href":"https:\/\/www.mecerreyes.com\/mece\/index.php?rest_route=\/wp\/v2\/pages\/45"}],"collection":[{"href":"https:\/\/www.mecerreyes.com\/mece\/index.php?rest_route=\/wp\/v2\/pages"}],"about":[{"href":"https:\/\/www.mecerreyes.com\/mece\/index.php?rest_route=\/wp\/v2\/types\/page"}],"author":[{"embeddable":true,"href":"https:\/\/www.mecerreyes.com\/mece\/index.php?rest_route=\/wp\/v2\/users\/1"}],"replies":[{"embeddable":true,"href":"https:\/\/www.mecerreyes.com\/mece\/index.php?rest_route=%2Fwp%2Fv2%2Fcomments&post=45"}],"version-history":[{"count":0,"href":"https:\/\/www.mecerreyes.com\/mece\/index.php?rest_route=\/wp\/v2\/pages\/45\/revisions"}],"up":[{"embeddable":true,"href":"https:\/\/www.mecerreyes.com\/mece\/index.php?rest_route=\/wp\/v2\/pages\/138"}],"wp:attachment":[{"href":"https:\/\/www.mecerreyes.com\/mece\/index.php?rest_route=%2Fwp%2Fv2%2Fmedia&parent=45"}],"curies":[{"name":"wp","href":"https:\/\/api.w.org\/{rel}","templated":true}]}}