{"id":47,"date":"2009-04-15T12:52:19","date_gmt":"2009-04-15T11:52:19","guid":{"rendered":"http:\/\/www.mecerreyes.com\/mece\/?page_id=47"},"modified":"2009-06-30T12:58:23","modified_gmt":"2009-06-30T11:58:23","slug":"las-marzas","status":"publish","type":"page","link":"https:\/\/www.mecerreyes.com\/mece\/?page_id=47","title":{"rendered":"Las Marzas"},"content":{"rendered":"<p>Una de las Costumbres que mejor se han conservado y que m\u00e1s arraigo tiene en Mecerreyes, es la del Canto de <a  href=\"https:\/\/www.mecerreyes.com\/mece\/?page_id=47\">Las Marzas<\/a>, tradici\u00f3n muy extendida por la pr\u00e1ctica totalidad de la geograf\u00eda burgalesa, al igual que en Cantabria, Norte de Palencia y pueblos de Soria lim\u00edtrofes con Burgos.<\/p>\n<p>Pues bien, cuando en la mayor\u00eda de estos lugares, casi desapareci\u00f3, en Mecerreyes, podemos estar orgullosos de haber resistido y no hemos dejado que estos <a  href=\"http:\/\/www.mecerreyes.com\/mece\/?page_id=176\">Cantos de Marzas<\/a> quedaran en el olvido.<\/p>\n<p>El origen de <a  href=\"https:\/\/www.mecerreyes.com\/mece\/?page_id=47\">las Marzas<\/a>, puede guardar relaci\u00f3n con el comienzo del a\u00f1o Romano,<\/p>\n<p><em>Para el investigador Caro Baroja\u00a0 \u00ablos mozos son los descendientes de los que en otra \u00e9poca salieron con motivo del comienzo del a\u00f1o o \u00abKalendae\u00a0Martiae\u00bb cantando las llamadas \u00abmartiae\u00bb, que anunciaban la venida del primer mes del a\u00f1o dedicado a un dios de la agricultura, despu\u00e9s de los meses purificatorios\u00bb.<\/em><\/p>\n<p>Con el paso de los a\u00f1os, <a  href=\"https:\/\/www.mecerreyes.com\/mece\/?page_id=47\">Las Marzas<\/a> se convirtieron en cantos de ronda en la que los j\u00f3venes del pueblo, sal\u00edan a las 12 h. de la noche, en el paso de Febrero a Marzo, a recorrer las calles, formando dos grupos y cantando al calor de las hogueras, mientras recorr\u00edan las calles de la localidad y las mujeres escuchaban desde los balcones.<\/p>\n<p>En la actualidad, adem\u00e1s de cumplir con la tradici\u00f3n y mantener el legado que nos dejaron nuestros mayores, es una de las fechas <em>obligadas, <\/em>en que los guiletos acuden a su pueblo.<\/p>\n<p>Por la ma\u00f1ana se re\u00fanen los j\u00f3venes para ir al monte a por t\u00e1mbaras, para forman las hogueras alrededor de las cuales se cantar\u00e1n <a  href=\"https:\/\/www.mecerreyes.com\/mece\/?page_id=47\">las Marzas<\/a>.<\/p>\n<p>Al\u00a0 dar las 12 h. en el reloj, todo el pueblo (chicos, chicas, ni\u00f1os y mayores) salen a la calle para cantar. Formando dos grupos, uno a cada extremo de la calle, dan comienzo <a  href=\"https:\/\/www.mecerreyes.com\/mece\/?page_id=47\">Las Marzas<\/a>, empezando uno de ellos y contestando el otro, as\u00ed hasta completar <a  href=\"http:\/\/www.mecerreyes.com\/mece\/?page_id=176\">las 64 Coplas<\/a> divididas en 5 apartados:<\/p>\n<p><a  href=\"http:\/\/www.mecerreyes.com\/mece\/?page_id=176\">INVOCACI\u00d3N &#8211; CANTO A LA  NATURALEZA &#8211; CANTO A LA JUVENTUD &#8211; CANTO A LA NATURALEZA Y DESPEDIDA<\/a><\/p>\n\n\t\t<style type=\"text\/css\">\n\t\t\t#gallery-1 {\n\t\t\t\tmargin: auto;\n\t\t\t}\n\t\t\t#gallery-1 .gallery-item {\n\t\t\t\tfloat: left;\n\t\t\t\tmargin-top: 10px;\n\t\t\t\ttext-align: center;\n\t\t\t\twidth: 33%;\n\t\t\t}\n\t\t\t#gallery-1 img {\n\t\t\t\tborder: 2px solid #cfcfcf;\n\t\t\t}\n\t\t\t#gallery-1 .gallery-caption {\n\t\t\t\tmargin-left: 0;\n\t\t\t}\n\t\t\t\/* see gallery_shortcode() in wp-includes\/media.php *\/\n\t\t<\/style>\n\t\t<div id='gallery-1' class='gallery galleryid-47 gallery-columns-3 gallery-size-thumbnail'><dl class='gallery-item'>\n\t\t\t<dt class='gallery-icon landscape'>\n\t\t\t\t<a  href=\"https:\/\/www.mecerreyes.com\/mece\/wp-content\/uploads\/2009\/04\/Marzas-09-0015-a.jpg\" class=\"thickbox no_icon\" title=\"\"><img loading=\"lazy\" decoding=\"async\" width=\"150\" height=\"150\" src=\"https:\/\/www.mecerreyes.com\/mece\/wp-content\/uploads\/2009\/04\/Marzas-09-0015-a-150x150.jpg\" class=\"attachment-thumbnail size-thumbnail\" alt=\"\" \/><\/a>\n\t\t\t<\/dt><\/dl><dl class='gallery-item'>\n\t\t\t<dt class='gallery-icon landscape'>\n\t\t\t\t<a  href=\"https:\/\/www.mecerreyes.com\/mece\/wp-content\/uploads\/2009\/04\/Marzas-09-0030-a.jpg\" class=\"thickbox no_icon\" title=\"\"><img loading=\"lazy\" decoding=\"async\" width=\"150\" height=\"150\" src=\"https:\/\/www.mecerreyes.com\/mece\/wp-content\/uploads\/2009\/04\/Marzas-09-0030-a-150x150.jpg\" class=\"attachment-thumbnail size-thumbnail\" alt=\"\" \/><\/a>\n\t\t\t<\/dt><\/dl><dl class='gallery-item'>\n\t\t\t<dt class='gallery-icon landscape'>\n\t\t\t\t<a  href=\"https:\/\/www.mecerreyes.com\/mece\/wp-content\/uploads\/2009\/04\/Marzas-09-0034-a.jpg\" class=\"thickbox no_icon\" title=\"\"><img loading=\"lazy\" decoding=\"async\" width=\"150\" height=\"150\" src=\"https:\/\/www.mecerreyes.com\/mece\/wp-content\/uploads\/2009\/04\/Marzas-09-0034-a-150x150.jpg\" class=\"attachment-thumbnail size-thumbnail\" alt=\"\" \/><\/a>\n\t\t\t<\/dt><\/dl><br style=\"clear: both\" \/><dl class='gallery-item'>\n\t\t\t<dt class='gallery-icon portrait'>\n\t\t\t\t<a  href=\"https:\/\/www.mecerreyes.com\/mece\/wp-content\/uploads\/2009\/04\/Marzas-09-0106-a.jpg\" class=\"thickbox no_icon\" title=\"\"><img loading=\"lazy\" decoding=\"async\" width=\"150\" height=\"150\" src=\"https:\/\/www.mecerreyes.com\/mece\/wp-content\/uploads\/2009\/04\/Marzas-09-0106-a-150x150.jpg\" class=\"attachment-thumbnail size-thumbnail\" alt=\"\" \/><\/a>\n\t\t\t<\/dt><\/dl>\n\t\t\t<br style='clear: both' \/>\n\t\t<\/div>","protected":false},"excerpt":{"rendered":"<p>Una de las Costumbres que mejor se han conservado y que m\u00e1s arraigo tiene en Mecerreyes, es la del Canto de Las Marzas, tradici\u00f3n muy extendida por la pr\u00e1ctica totalidad de la geograf\u00eda burgalesa, al igual que en Cantabria, Norte de Palencia y pueblos de Soria lim\u00edtrofes con Burgos. Pues bien, cuando en la mayor\u00eda [&hellip;]<\/p>\n","protected":false},"author":1,"featured_media":0,"parent":43,"menu_order":0,"comment_status":"closed","ping_status":"closed","template":"","meta":{"_et_pb_use_builder":"","_et_pb_old_content":"","_et_gb_content_width":"","footnotes":""},"class_list":["post-47","page","type-page","status-publish","hentry"],"_links":{"self":[{"href":"https:\/\/www.mecerreyes.com\/mece\/index.php?rest_route=\/wp\/v2\/pages\/47"}],"collection":[{"href":"https:\/\/www.mecerreyes.com\/mece\/index.php?rest_route=\/wp\/v2\/pages"}],"about":[{"href":"https:\/\/www.mecerreyes.com\/mece\/index.php?rest_route=\/wp\/v2\/types\/page"}],"author":[{"embeddable":true,"href":"https:\/\/www.mecerreyes.com\/mece\/index.php?rest_route=\/wp\/v2\/users\/1"}],"replies":[{"embeddable":true,"href":"https:\/\/www.mecerreyes.com\/mece\/index.php?rest_route=%2Fwp%2Fv2%2Fcomments&post=47"}],"version-history":[{"count":0,"href":"https:\/\/www.mecerreyes.com\/mece\/index.php?rest_route=\/wp\/v2\/pages\/47\/revisions"}],"up":[{"embeddable":true,"href":"https:\/\/www.mecerreyes.com\/mece\/index.php?rest_route=\/wp\/v2\/pages\/43"}],"wp:attachment":[{"href":"https:\/\/www.mecerreyes.com\/mece\/index.php?rest_route=%2Fwp%2Fv2%2Fmedia&parent=47"}],"curies":[{"name":"wp","href":"https:\/\/api.w.org\/{rel}","templated":true}]}}