{"id":48,"date":"2009-04-15T12:53:01","date_gmt":"2009-04-15T11:53:01","guid":{"rendered":"http:\/\/www.mecerreyes.com\/mece\/?page_id=48"},"modified":"2009-05-29T16:10:02","modified_gmt":"2009-05-29T15:10:02","slug":"semana-santa","status":"publish","type":"page","link":"https:\/\/www.mecerreyes.com\/mece\/?page_id=48","title":{"rendered":"Semana Santa"},"content":{"rendered":"<div id=\"attachment_254\" style=\"width: 160px\" class=\"wp-caption alignleft\"><a  href=\"http:\/\/www.mecerreyes.com\/mece\/wp-content\/uploads\/2009\/04\/semana-santa-2004-mecerreyes-045.jpg\" class=\"thickbox no_icon\" title=\"semana-santa-2004-mecerreyes-045\"><img loading=\"lazy\" decoding=\"async\" aria-describedby=\"caption-attachment-254\" class=\"size-thumbnail wp-image-254\" title=\"semana-santa-2004-mecerreyes-045\" src=\"http:\/\/www.mecerreyes.com\/mece\/wp-content\/uploads\/2009\/04\/semana-santa-2004-mecerreyes-045-150x150.jpg\" alt=\"Via Crucis - Semana Santa\" width=\"150\" height=\"150\" \/><\/a><p id=\"caption-attachment-254\" class=\"wp-caption-text\">Via Crucis - <a  href=\"https:\/\/www.mecerreyes.com\/mece\/?page_id=48\">Semana Santa<\/a><\/p><\/div>\n<p>La <a  href=\"https:\/\/www.mecerreyes.com\/mece\/?page_id=48\">Semana Santa<\/a> es, junto con las fiestas de Gracias en Agosto, el momento del a\u00f1o que m\u00e1s gente se re\u00fane en el pueblo. No hace falta explicar mucho lo que hacemos estos d\u00edas centrados fundamentalmente en la vivencia de los momentos \u00faltimos de Jes\u00fas. Los actos lit\u00fargicos son los que dan continuidad al paso de los d\u00edas. Hay tres actos que destacan por encima del resto: la celebraci\u00f3n del Jueves Santo (tanto en la Iglesia como a continuaci\u00f3n en el <a  href=\"https:\/\/www.mecerreyes.com\/mece\/?page_id=24\">Ayuntamiento<\/a> con el sorteo de los cirineos), el V\u00eda Crucis del Viernes Santo y la procesi\u00f3n del Encuentro del Domingo de Resurrecci\u00f3n.<\/p>\n<p>Estos d\u00edas sirven tambi\u00e9n para que las <a  href=\"https:\/\/www.mecerreyes.com\/mece\/?page_id=268\">pe\u00f1as<\/a> se junten alrededor de una buena comida o cena y hagan los preparativos para las fiestas del verano.<\/p>","protected":false},"excerpt":{"rendered":"<p>La Semana Santa es, junto con las fiestas de Gracias en Agosto, el momento del a\u00f1o que m\u00e1s gente se re\u00fane en el pueblo. No hace falta explicar mucho lo que hacemos estos d\u00edas centrados fundamentalmente en la vivencia de los momentos \u00faltimos de Jes\u00fas. Los actos lit\u00fargicos son los que dan continuidad al paso [&hellip;]<\/p>\n","protected":false},"author":1,"featured_media":0,"parent":43,"menu_order":0,"comment_status":"closed","ping_status":"closed","template":"","meta":{"_et_pb_use_builder":"","_et_pb_old_content":"","_et_gb_content_width":"","footnotes":""},"class_list":["post-48","page","type-page","status-publish","hentry"],"_links":{"self":[{"href":"https:\/\/www.mecerreyes.com\/mece\/index.php?rest_route=\/wp\/v2\/pages\/48"}],"collection":[{"href":"https:\/\/www.mecerreyes.com\/mece\/index.php?rest_route=\/wp\/v2\/pages"}],"about":[{"href":"https:\/\/www.mecerreyes.com\/mece\/index.php?rest_route=\/wp\/v2\/types\/page"}],"author":[{"embeddable":true,"href":"https:\/\/www.mecerreyes.com\/mece\/index.php?rest_route=\/wp\/v2\/users\/1"}],"replies":[{"embeddable":true,"href":"https:\/\/www.mecerreyes.com\/mece\/index.php?rest_route=%2Fwp%2Fv2%2Fcomments&post=48"}],"version-history":[{"count":0,"href":"https:\/\/www.mecerreyes.com\/mece\/index.php?rest_route=\/wp\/v2\/pages\/48\/revisions"}],"up":[{"embeddable":true,"href":"https:\/\/www.mecerreyes.com\/mece\/index.php?rest_route=\/wp\/v2\/pages\/43"}],"wp:attachment":[{"href":"https:\/\/www.mecerreyes.com\/mece\/index.php?rest_route=%2Fwp%2Fv2%2Fmedia&parent=48"}],"curies":[{"name":"wp","href":"https:\/\/api.w.org\/{rel}","templated":true}]}}