{"id":52,"date":"2009-04-15T12:54:49","date_gmt":"2009-04-15T11:54:49","guid":{"rendered":"http:\/\/www.mecerreyes.com\/mece\/?page_id=52"},"modified":"2009-05-20T12:41:27","modified_gmt":"2009-05-20T11:41:27","slug":"el-corpus","status":"publish","type":"page","link":"https:\/\/www.mecerreyes.com\/mece\/?page_id=52","title":{"rendered":"El Corpus"},"content":{"rendered":"<p>Hasta no hace muchos a\u00f1os esta fiesta se celebraba en jueves, de ah\u00ed viene el dicho tan popular que dec\u00eda:<\/p>\n<p style=\"text-align: center;\"><em>\u00abTres jueves hay en el a\u00f1o<\/em><\/p>\n<p style=\"text-align: center;\"><em>que relumbran m\u00e1s que el sol,<\/em><\/p>\n<p style=\"text-align: center;\"><em>Jueves Santo, Corpus Christi<\/em><\/p>\n<p style=\"text-align: center;\"><em>y el d\u00eda de la Ascensi\u00f3n\u00bb<\/em><\/p>\n<p style=\"text-align: center;\"><em><br \/>\n<\/em><\/p>\n<p>Ahora se celebra el domingo siguiente pero no deja de ser un d\u00eda solemne.<\/p>\n<p>En Mecerreyes siempre se ha participado en la fiesta para que quede lo m\u00e1s vistosa posible. Por la ma\u00f1ana temprano las mujeres preparan los altares del recorrido profesional, aut\u00e9nticas obras de arte, entre ellas tienen su \u00absana picadilla\u00bb entre cu\u00e1l de ellos ha quedado mejor, de los cuatro que hacen son todos para una nota de 10.<\/p>\n<p>Despu\u00e9s de la solemne misa cantada, la Sagrada Forma que se ha consagrado en la misa, se introduce en el viril de la custodia y empieza la procesi\u00f3n, el Sant\u00edsimo Sacramento sale de la iglesia bajo palio, le preceden el pend\u00f3n del pueblo, los estandartes y la cruz parroquial, obra de la plater\u00eda burgalesa del XVI, el silencio se rompe s\u00f3lo con el alegre volteo de las campanas que tocan a gloria,<\/p>\n<p>La procesi\u00f3n discurre entre c\u00e1nticos y hace parada en cada altar donde el sacerdote inciensa y da la bendici\u00f3n. Los ni\u00f1os tiran p\u00e9talos al paso del Se\u00f1or y las ventanas y balcones del recorrido lucen sus mejores galas, entre mantones de manila, colchas de ganchillo y otras de vistosos colores y artesanales que se hac\u00edan en la villa a lo largo del siglo XIX.<\/p>","protected":false},"excerpt":{"rendered":"<p>Hasta no hace muchos a\u00f1os esta fiesta se celebraba en jueves, de ah\u00ed viene el dicho tan popular que dec\u00eda: \u00abTres jueves hay en el a\u00f1o que relumbran m\u00e1s que el sol, Jueves Santo, Corpus Christi y el d\u00eda de la Ascensi\u00f3n\u00bb Ahora se celebra el domingo siguiente pero no deja de ser un d\u00eda [&hellip;]<\/p>\n","protected":false},"author":1,"featured_media":0,"parent":43,"menu_order":0,"comment_status":"closed","ping_status":"closed","template":"","meta":{"_et_pb_use_builder":"","_et_pb_old_content":"","_et_gb_content_width":"","footnotes":""},"class_list":["post-52","page","type-page","status-publish","hentry"],"_links":{"self":[{"href":"https:\/\/www.mecerreyes.com\/mece\/index.php?rest_route=\/wp\/v2\/pages\/52"}],"collection":[{"href":"https:\/\/www.mecerreyes.com\/mece\/index.php?rest_route=\/wp\/v2\/pages"}],"about":[{"href":"https:\/\/www.mecerreyes.com\/mece\/index.php?rest_route=\/wp\/v2\/types\/page"}],"author":[{"embeddable":true,"href":"https:\/\/www.mecerreyes.com\/mece\/index.php?rest_route=\/wp\/v2\/users\/1"}],"replies":[{"embeddable":true,"href":"https:\/\/www.mecerreyes.com\/mece\/index.php?rest_route=%2Fwp%2Fv2%2Fcomments&post=52"}],"version-history":[{"count":0,"href":"https:\/\/www.mecerreyes.com\/mece\/index.php?rest_route=\/wp\/v2\/pages\/52\/revisions"}],"up":[{"embeddable":true,"href":"https:\/\/www.mecerreyes.com\/mece\/index.php?rest_route=\/wp\/v2\/pages\/43"}],"wp:attachment":[{"href":"https:\/\/www.mecerreyes.com\/mece\/index.php?rest_route=%2Fwp%2Fv2%2Fmedia&parent=52"}],"curies":[{"name":"wp","href":"https:\/\/api.w.org\/{rel}","templated":true}]}}