{"id":54,"date":"2009-04-15T12:55:53","date_gmt":"2009-04-15T11:55:53","guid":{"rendered":"http:\/\/www.mecerreyes.com\/mece\/?page_id=54"},"modified":"2009-06-30T12:40:57","modified_gmt":"2009-06-30T11:40:57","slug":"la-virgen-del-camino","status":"publish","type":"page","link":"https:\/\/www.mecerreyes.com\/mece\/?page_id=54","title":{"rendered":"La Virgen del Camino"},"content":{"rendered":"<p>Advocaci\u00f3n recordada en el pueblo sobre todo por la gente mayor, pues hasta los a\u00f1os 60 su ermita estuvo en el casco urbano entre el front\u00f3n y la fuente, tuvo que ser destruida para ensanchar la carretera, se conserva un arco rom\u00e1nico de una puerta lateral.<\/p>\n<p>Hace pocos a\u00f1os se hace una imagen nueva, que no tiene nada que ver con la que hab\u00eda en la antigua ermita, pues la gente mayor la recuerda que era una imagen de vestir.<\/p>\n<p>Al poco de hacer la imagen nueva; el\u00a0 d\u00eda 3 de abril de 2005 se pone la primera piedra para el comienzo de la nueva ermita, en distinta ubicaci\u00f3n, esta vez en el monte, t\u00e9rmino de Carrelara. Se bendice la <a  href=\"http:\/\/www.mecerreyes.com\/mece\/?page_id=66\">Ermita de <a href=\"https:\/\/www.mecerreyes.com\/mece\/?page_id=54\">la Virgen del Camino<\/a><\/a> el 13 de agosto de 2006.<\/p>\n<p>Pero pong\u00e1monos a hablar de la fiesta, son dos al a\u00f1o, la primera tiene lugar en mayo y la segunda en agosto.<\/p>\n<p>El domingo m\u00e1s cercano al 24 de mayo, fecha de la bendici\u00f3n de la imagen de la Virgen, tiene lugar la subida a la ermita, se sale con la Virgen de la <a  href=\"http:\/\/www.mecerreyes.com\/mece\/?page_id=64\">Iglesia<\/a> entre rezos y m\u00fasica, en la ermita tiene lugar la misa de campa\u00f1a, pues en la ermita no se cabe, despu\u00e9s de misa todo aquel que lo desea se queda en los alrededores de la ermita a comer, el lugar es apropiado para ello, pues est\u00e1 entre encinas y el paisaje es precioso, por la tarde se reza el rosario y se hace chocolate para todos.<\/p>\n<p>La segunda fiesta es en Agosto, un domingo antes de las <a  href=\"http:\/\/www.mecerreyes.com\/mece\/?page_id=60\">fiestas de <a href=\"https:\/\/www.mecerreyes.com\/mece\/?page_id=60\">Acci\u00f3n de Gracias<\/a><\/a>, este d\u00eda se baja la Virgen al pueblo, antes se ha dicho la misa en la ermita; el jueves siguiente dan comienzo las fiestas de <a  href=\"https:\/\/www.mecerreyes.com\/mece\/?page_id=60\">Acci\u00f3n de Gracias<\/a> con la gran ofrenda de flores a <a  href=\"https:\/\/www.mecerreyes.com\/mece\/?page_id=54\">la Virgen del Camino<\/a>, que cada a\u00f1o va en aumento y que tiene lugar en el atrio de la Iglesia estando presente con sus flores el <a  href=\"https:\/\/www.mecerreyes.com\/mece\/?page_id=24\">ayuntamiento<\/a>, mozo, reina y damas de fiestas, <a  href=\"https:\/\/www.mecerreyes.com\/mece\/?page_id=265\">asociaciones<\/a>, <a  href=\"https:\/\/www.mecerreyes.com\/mece\/?page_id=268\">pe\u00f1as<\/a>, y pueblo en general, despu\u00e9s se canta la Salve a dos coros, hombres y mujeres.<\/p>\n<p>El s\u00e1bado que es el d\u00eda grande, d\u00eda de la Virgen y de Gracias, da lugar para la procesi\u00f3n solemne por el pueblo, se baila a la Virgen por todo el recorrido y se baja hasta el antiguo emplazamiento de la ermita donde se hace una parada, despu\u00e9s tiene lugar la misa solemne.<\/p>\n\n\t\t<style type=\"text\/css\">\n\t\t\t#gallery-1 {\n\t\t\t\tmargin: auto;\n\t\t\t}\n\t\t\t#gallery-1 .gallery-item {\n\t\t\t\tfloat: left;\n\t\t\t\tmargin-top: 10px;\n\t\t\t\ttext-align: center;\n\t\t\t\twidth: 33%;\n\t\t\t}\n\t\t\t#gallery-1 img {\n\t\t\t\tborder: 2px solid #cfcfcf;\n\t\t\t}\n\t\t\t#gallery-1 .gallery-caption {\n\t\t\t\tmargin-left: 0;\n\t\t\t}\n\t\t\t\/* see gallery_shortcode() in wp-includes\/media.php *\/\n\t\t<\/style>\n\t\t<div id='gallery-1' class='gallery galleryid-54 gallery-columns-3 gallery-size-thumbnail'><dl class='gallery-item'>\n\t\t\t<dt class='gallery-icon landscape'>\n\t\t\t\t<a  href=\"https:\/\/www.mecerreyes.com\/mece\/wp-content\/uploads\/2009\/04\/subida-Virgen.jpg\" class=\"thickbox no_icon\" title=\"\"><img loading=\"lazy\" decoding=\"async\" width=\"150\" height=\"150\" src=\"https:\/\/www.mecerreyes.com\/mece\/wp-content\/uploads\/2009\/04\/subida-Virgen-150x150.jpg\" class=\"attachment-thumbnail size-thumbnail\" alt=\"\" \/><\/a>\n\t\t\t<\/dt><\/dl><dl class='gallery-item'>\n\t\t\t<dt class='gallery-icon landscape'>\n\t\t\t\t<a  href=\"https:\/\/www.mecerreyes.com\/mece\/wp-content\/uploads\/2009\/04\/jota.jpg\" class=\"thickbox no_icon\" title=\"\"><img loading=\"lazy\" decoding=\"async\" width=\"150\" height=\"150\" src=\"https:\/\/www.mecerreyes.com\/mece\/wp-content\/uploads\/2009\/04\/jota-150x150.jpg\" class=\"attachment-thumbnail size-thumbnail\" alt=\"\" \/><\/a>\n\t\t\t<\/dt><\/dl><dl class='gallery-item'>\n\t\t\t<dt class='gallery-icon portrait'>\n\t\t\t\t<a  href=\"https:\/\/www.mecerreyes.com\/mece\/wp-content\/uploads\/2009\/04\/salida2.jpg\" class=\"thickbox no_icon\" title=\"\"><img loading=\"lazy\" decoding=\"async\" width=\"150\" height=\"150\" src=\"https:\/\/www.mecerreyes.com\/mece\/wp-content\/uploads\/2009\/04\/salida2-150x150.jpg\" class=\"attachment-thumbnail size-thumbnail\" alt=\"\" \/><\/a>\n\t\t\t<\/dt><\/dl><br style=\"clear: both\" \/><dl class='gallery-item'>\n\t\t\t<dt class='gallery-icon landscape'>\n\t\t\t\t<a  href=\"https:\/\/www.mecerreyes.com\/mece\/wp-content\/uploads\/2009\/04\/salida.jpg\" class=\"thickbox no_icon\" title=\"\"><img loading=\"lazy\" decoding=\"async\" width=\"150\" height=\"150\" src=\"https:\/\/www.mecerreyes.com\/mece\/wp-content\/uploads\/2009\/04\/salida-150x150.jpg\" class=\"attachment-thumbnail size-thumbnail\" alt=\"\" \/><\/a>\n\t\t\t<\/dt><\/dl>\n\t\t\t<br style='clear: both' \/>\n\t\t<\/div>","protected":false},"excerpt":{"rendered":"<p>Advocaci\u00f3n recordada en el pueblo sobre todo por la gente mayor, pues hasta los a\u00f1os 60 su ermita estuvo en el casco urbano entre el front\u00f3n y la fuente, tuvo que ser destruida para ensanchar la carretera, se conserva un arco rom\u00e1nico de una puerta lateral. Hace pocos a\u00f1os se hace una imagen nueva, que [&hellip;]<\/p>\n","protected":false},"author":1,"featured_media":0,"parent":43,"menu_order":0,"comment_status":"closed","ping_status":"closed","template":"","meta":{"_et_pb_use_builder":"","_et_pb_old_content":"","_et_gb_content_width":"","footnotes":""},"class_list":["post-54","page","type-page","status-publish","hentry"],"_links":{"self":[{"href":"https:\/\/www.mecerreyes.com\/mece\/index.php?rest_route=\/wp\/v2\/pages\/54"}],"collection":[{"href":"https:\/\/www.mecerreyes.com\/mece\/index.php?rest_route=\/wp\/v2\/pages"}],"about":[{"href":"https:\/\/www.mecerreyes.com\/mece\/index.php?rest_route=\/wp\/v2\/types\/page"}],"author":[{"embeddable":true,"href":"https:\/\/www.mecerreyes.com\/mece\/index.php?rest_route=\/wp\/v2\/users\/1"}],"replies":[{"embeddable":true,"href":"https:\/\/www.mecerreyes.com\/mece\/index.php?rest_route=%2Fwp%2Fv2%2Fcomments&post=54"}],"version-history":[{"count":0,"href":"https:\/\/www.mecerreyes.com\/mece\/index.php?rest_route=\/wp\/v2\/pages\/54\/revisions"}],"up":[{"embeddable":true,"href":"https:\/\/www.mecerreyes.com\/mece\/index.php?rest_route=\/wp\/v2\/pages\/43"}],"wp:attachment":[{"href":"https:\/\/www.mecerreyes.com\/mece\/index.php?rest_route=%2Fwp%2Fv2%2Fmedia&parent=54"}],"curies":[{"name":"wp","href":"https:\/\/api.w.org\/{rel}","templated":true}]}}