{"id":58,"date":"2009-04-15T12:58:30","date_gmt":"2009-04-15T11:58:30","guid":{"rendered":"http:\/\/www.mecerreyes.com\/mece\/?page_id=58"},"modified":"2009-05-20T12:48:13","modified_gmt":"2009-05-20T11:48:13","slug":"san-martin","status":"publish","type":"page","link":"https:\/\/www.mecerreyes.com\/mece\/?page_id=58","title":{"rendered":"San Mart\u00edn"},"content":{"rendered":"<p>Sin lugar a dudas, la fiesta mayor en la villa, pues se trata de nuestro Santo Patr\u00f3n y protector.<\/p>\n<p>La fiesta en el calendario es el 11 de noviembre y a este d\u00eda le precede una solemne novena.<\/p>\n<p>El d\u00eda del Patr\u00f3n <a  href=\"https:\/\/www.mecerreyes.com\/mece\/?page_id=58\">San Mart\u00edn<\/a>, o de la funci\u00f3n como se sol\u00eda decir antes, comienza con la procesi\u00f3n del Santo que recorre las calles entre vivas y acompa\u00f1ado por todo el pueblo, con m\u00fasica y cohetes alegrando el recorrido.<\/p>\n<p>Terminada la procesi\u00f3n empieza la solemne misa oficiada por varios sacerdotes, este d\u00eda la gente est\u00e1 pendiente del sacerdote invitado por el p\u00e1rroco del lugar, para dar el serm\u00f3n del Santo, al final se canta el <a  href=\"https:\/\/www.mecerreyes.com\/mece\/?page_id=19\">Himno<\/a> a <a  href=\"https:\/\/www.mecerreyes.com\/mece\/?page_id=58\">San Mart\u00edn<\/a>.<\/p>\n<p>Acabada la misa, los m\u00fasicos esperan a la puerta de la iglesia a las autoridades y a los sacerdotes para bajar con alegre m\u00fasica al <a  href=\"http:\/\/www.mecerreyes.com\/mece\/?page_id=24\"><a href=\"https:\/\/www.mecerreyes.com\/mece\/?page_id=24\">Ayuntamiento<\/a><\/a>, donde se obsequia a todo el pueblo con un pincho.<\/p>\n<p>Antes de ir a comer da tiempo para ir a la plaza a echar un baile, donde no falta el popular almendrero.<\/p>\n<p>Por la tarde se cantan las v\u00edsperas al Santo y para cerrar la fiesta se termina con el baile, casi siempre a cargo de la muy conocida orquesta del pueblo \u00abLos Anises\u00bb.<\/p>","protected":false},"excerpt":{"rendered":"<p>Sin lugar a dudas, la fiesta mayor en la villa, pues se trata de nuestro Santo Patr\u00f3n y protector. La fiesta en el calendario es el 11 de noviembre y a este d\u00eda le precede una solemne novena. El d\u00eda del Patr\u00f3n San Mart\u00edn, o de la funci\u00f3n como se sol\u00eda decir antes, comienza con [&hellip;]<\/p>\n","protected":false},"author":1,"featured_media":0,"parent":43,"menu_order":0,"comment_status":"closed","ping_status":"closed","template":"","meta":{"_et_pb_use_builder":"","_et_pb_old_content":"","_et_gb_content_width":"","footnotes":""},"class_list":["post-58","page","type-page","status-publish","hentry"],"_links":{"self":[{"href":"https:\/\/www.mecerreyes.com\/mece\/index.php?rest_route=\/wp\/v2\/pages\/58"}],"collection":[{"href":"https:\/\/www.mecerreyes.com\/mece\/index.php?rest_route=\/wp\/v2\/pages"}],"about":[{"href":"https:\/\/www.mecerreyes.com\/mece\/index.php?rest_route=\/wp\/v2\/types\/page"}],"author":[{"embeddable":true,"href":"https:\/\/www.mecerreyes.com\/mece\/index.php?rest_route=\/wp\/v2\/users\/1"}],"replies":[{"embeddable":true,"href":"https:\/\/www.mecerreyes.com\/mece\/index.php?rest_route=%2Fwp%2Fv2%2Fcomments&post=58"}],"version-history":[{"count":0,"href":"https:\/\/www.mecerreyes.com\/mece\/index.php?rest_route=\/wp\/v2\/pages\/58\/revisions"}],"up":[{"embeddable":true,"href":"https:\/\/www.mecerreyes.com\/mece\/index.php?rest_route=\/wp\/v2\/pages\/43"}],"wp:attachment":[{"href":"https:\/\/www.mecerreyes.com\/mece\/index.php?rest_route=%2Fwp%2Fv2%2Fmedia&parent=58"}],"curies":[{"name":"wp","href":"https:\/\/api.w.org\/{rel}","templated":true}]}}