{"id":60,"date":"2009-04-15T13:00:43","date_gmt":"2009-04-15T12:00:43","guid":{"rendered":"http:\/\/www.mecerreyes.com\/mece\/?page_id=60"},"modified":"2009-06-11T13:43:47","modified_gmt":"2009-06-11T12:43:47","slug":"accion-de-gracias","status":"publish","type":"page","link":"https:\/\/www.mecerreyes.com\/mece\/?page_id=60","title":{"rendered":"Acci\u00f3n de Gracias"},"content":{"rendered":"<p>Las calles de Mecerreyes se llenan de ni\u00f1os corriendo, los j\u00f3venes ocupan su tiempo haciendo deporte y con los preparativos de las fiestas, no falta gente por las calles buscando la fresca, jugando a la brisca, charlando con sus vecinos, paseando por el campo o tomando un refresco en los bares, las fiestas de agosto est\u00e1n a la vuelta de la esquina.<\/p>\n<p>Ha sido costumbre en Mecerreyes dar gracias a Dios por la recolecci\u00f3n de la mies. Con este motivo el \u00faltimo fin de semana de agosto, se celebran las Fiestas de <a  href=\"https:\/\/www.mecerreyes.com\/mece\/?page_id=60\">Acci\u00f3n de Gracias<\/a>, tambi\u00e9n son motivo de encuentro y de convivencia, as\u00ed como la mejor ocasi\u00f3n para contagiarnos de alegr\u00eda y olvidarnos de los malos momentos del a\u00f1o.<\/p>\n<p>Podemos destacar los principales actos que se celebran:<\/p>\n<ul type=\"disc\">\n<li>El domingo anterior al comienzo de las fiestas,      despu\u00e9s de celebrar la misa de campa\u00f1a en la ermita de Nuestra Se\u00f1ora del      Camino, se baja la Virgen hasta la iglesia, para que presida las fiestas y      nos acompa\u00f1e en invierno.<\/li>\n<li>Multitudinaria Ofrenda floral a la Virgen del      Camino y canto de la Salve.<\/li>\n<li>Pincho popular en el parque.<\/li>\n<li>Proclamaci\u00f3n de la corte de honor y preg\u00f3n de      fiestas.<\/li>\n<li>Desfile de carrozas y <a  href=\"https:\/\/www.mecerreyes.com\/mece\/?page_id=268\">pe\u00f1as<\/a>.<\/li>\n<li>Misa de ni\u00f1os.<\/li>\n<li>Concurso infantil de disfraces.<\/li>\n<li>Juegos y parque infantil.<\/li>\n<li>Campeonatos de tuta, mus, subastado, front\u00f3n &#8230;.<\/li>\n<li>Procesi\u00f3n y misa de <a  href=\"https:\/\/www.mecerreyes.com\/mece\/?page_id=60\">Acci\u00f3n de Gracias<\/a>.<\/li>\n<li>Y no pueden faltar las dianas, bailes y verbenas.<\/li>\n<\/ul>\n<p>Este programa de actos est\u00e1 organizado por <a  href=\"http:\/\/www.mecerreyes.com\/mece\/?page_id=268\">las <a href=\"https:\/\/www.mecerreyes.com\/mece\/?page_id=268\">pe\u00f1as<\/a><\/a>,\u00a0que dan color y alegr\u00eda durante estos d\u00edas, junto con muchos voluntarios que prestan su granito de arena para que cada actividad salga lo mejor posible.<\/p>\n<p><a href=\"http:\/\/www.mecerreyes.com\/mece\/?page_id=268\"><\/a>\u00a1VIVA MECERREYES!<\/p>\n\n\t\t<style type=\"text\/css\">\n\t\t\t#gallery-1 {\n\t\t\t\tmargin: auto;\n\t\t\t}\n\t\t\t#gallery-1 .gallery-item {\n\t\t\t\tfloat: left;\n\t\t\t\tmargin-top: 10px;\n\t\t\t\ttext-align: center;\n\t\t\t\twidth: 33%;\n\t\t\t}\n\t\t\t#gallery-1 img {\n\t\t\t\tborder: 2px solid #cfcfcf;\n\t\t\t}\n\t\t\t#gallery-1 .gallery-caption {\n\t\t\t\tmargin-left: 0;\n\t\t\t}\n\t\t\t\/* see gallery_shortcode() in wp-includes\/media.php *\/\n\t\t<\/style>\n\t\t<div id='gallery-1' class='gallery galleryid-60 gallery-columns-3 gallery-size-thumbnail'><dl class='gallery-item'>\n\t\t\t<dt class='gallery-icon landscape'>\n\t\t\t\t<a  href=\"https:\/\/www.mecerreyes.com\/mece\/wp-content\/uploads\/2009\/04\/fiestas3.jpg\" class=\"thickbox no_icon\" title=\"\"><img loading=\"lazy\" decoding=\"async\" width=\"150\" height=\"150\" src=\"https:\/\/www.mecerreyes.com\/mece\/wp-content\/uploads\/2009\/04\/fiestas3-150x150.jpg\" class=\"attachment-thumbnail size-thumbnail\" alt=\"\" \/><\/a>\n\t\t\t<\/dt><\/dl><dl class='gallery-item'>\n\t\t\t<dt class='gallery-icon landscape'>\n\t\t\t\t<a  href=\"https:\/\/www.mecerreyes.com\/mece\/wp-content\/uploads\/2009\/04\/fiestas1.jpg\" class=\"thickbox no_icon\" title=\"\"><img loading=\"lazy\" decoding=\"async\" width=\"150\" height=\"150\" src=\"https:\/\/www.mecerreyes.com\/mece\/wp-content\/uploads\/2009\/04\/fiestas1-150x150.jpg\" class=\"attachment-thumbnail size-thumbnail\" alt=\"\" \/><\/a>\n\t\t\t<\/dt><\/dl><dl class='gallery-item'>\n\t\t\t<dt class='gallery-icon landscape'>\n\t\t\t\t<a  href=\"https:\/\/www.mecerreyes.com\/mece\/wp-content\/uploads\/2009\/04\/fiestas2.jpg\" class=\"thickbox no_icon\" title=\"\"><img loading=\"lazy\" decoding=\"async\" width=\"150\" height=\"150\" src=\"https:\/\/www.mecerreyes.com\/mece\/wp-content\/uploads\/2009\/04\/fiestas2-150x150.jpg\" class=\"attachment-thumbnail size-thumbnail\" alt=\"\" \/><\/a>\n\t\t\t<\/dt><\/dl><br style=\"clear: both\" \/>\n\t\t<\/div>","protected":false},"excerpt":{"rendered":"<p>Las calles de Mecerreyes se llenan de ni\u00f1os corriendo, los j\u00f3venes ocupan su tiempo haciendo deporte y con los preparativos de las fiestas, no falta gente por las calles buscando la fresca, jugando a la brisca, charlando con sus vecinos, paseando por el campo o tomando un refresco en los bares, las fiestas de agosto [&hellip;]<\/p>\n","protected":false},"author":1,"featured_media":0,"parent":43,"menu_order":0,"comment_status":"closed","ping_status":"closed","template":"","meta":{"_et_pb_use_builder":"","_et_pb_old_content":"","_et_gb_content_width":"","footnotes":""},"class_list":["post-60","page","type-page","status-publish","hentry"],"_links":{"self":[{"href":"https:\/\/www.mecerreyes.com\/mece\/index.php?rest_route=\/wp\/v2\/pages\/60"}],"collection":[{"href":"https:\/\/www.mecerreyes.com\/mece\/index.php?rest_route=\/wp\/v2\/pages"}],"about":[{"href":"https:\/\/www.mecerreyes.com\/mece\/index.php?rest_route=\/wp\/v2\/types\/page"}],"author":[{"embeddable":true,"href":"https:\/\/www.mecerreyes.com\/mece\/index.php?rest_route=\/wp\/v2\/users\/1"}],"replies":[{"embeddable":true,"href":"https:\/\/www.mecerreyes.com\/mece\/index.php?rest_route=%2Fwp%2Fv2%2Fcomments&post=60"}],"version-history":[{"count":0,"href":"https:\/\/www.mecerreyes.com\/mece\/index.php?rest_route=\/wp\/v2\/pages\/60\/revisions"}],"up":[{"embeddable":true,"href":"https:\/\/www.mecerreyes.com\/mece\/index.php?rest_route=\/wp\/v2\/pages\/43"}],"wp:attachment":[{"href":"https:\/\/www.mecerreyes.com\/mece\/index.php?rest_route=%2Fwp%2Fv2%2Fmedia&parent=60"}],"curies":[{"name":"wp","href":"https:\/\/api.w.org\/{rel}","templated":true}]}}