{"id":62,"date":"2009-04-15T13:01:23","date_gmt":"2009-04-15T12:01:23","guid":{"rendered":"http:\/\/www.mecerreyes.com\/mece\/?page_id=62"},"modified":"2009-05-29T15:27:01","modified_gmt":"2009-05-29T14:27:01","slug":"belen","status":"publish","type":"page","link":"https:\/\/www.mecerreyes.com\/mece\/?page_id=62","title":{"rendered":"Navidad"},"content":{"rendered":"<div id=\"attachment_251\" style=\"width: 160px\" class=\"wp-caption alignleft\"><a  href=\"http:\/\/www.mecerreyes.com\/mece\/wp-content\/uploads\/2009\/04\/belen-carpinteros-2004-2.jpg\" class=\"thickbox no_icon\" title=\"belen-carpinteros-2004-2\"><img loading=\"lazy\" decoding=\"async\" aria-describedby=\"caption-attachment-251\" class=\"size-thumbnail wp-image-251\" title=\"belen-carpinteros-2004-2\" src=\"http:\/\/www.mecerreyes.com\/mece\/wp-content\/uploads\/2009\/04\/belen-carpinteros-2004-2-150x150.jpg\" alt=\"Navidad - Belen parroquial\" width=\"150\" height=\"150\" \/><\/a><p id=\"caption-attachment-251\" class=\"wp-caption-text\"><a  href=\"https:\/\/www.mecerreyes.com\/mece\/?page_id=62\">Navidad<\/a> - Belen parroquial<\/p><\/div>\n<p>Desde hace unos a\u00f1os celebramos la  <a  href=\"https:\/\/www.mecerreyes.com\/mece\/?page_id=62\">Navidad<\/a> con mucha intensidad. La idea es hacer que las familias que se juntan esos d\u00edas no se queden en casa sino que puedan relacionarse con el resto del pueblo. En ese sentido se desarrollan actividades como bailes y fiestas los d\u00edas m\u00e1s importantes, cabalgata de reyes y reparto de regalos, pel\u00edculas para todas las edades, charlas-conferencias&#8230; Y tambi\u00e9n, claro est\u00e1, los actos lit\u00fargicos en la <a  href=\"https:\/\/www.mecerreyes.com\/mece\/?page_id=35\">Parroquia<\/a>. Adem\u00e1s visitar el Bel\u00e9n que ponemos en la  Iglesia es una oportunidad para acercarse en familia o invitar a los amigos, a la vez que se disfruta de un espect\u00e1culo espl\u00e9ndido.<\/p>","protected":false},"excerpt":{"rendered":"<p>Desde hace unos a\u00f1os celebramos la Navidad con mucha intensidad. La idea es hacer que las familias que se juntan esos d\u00edas no se queden en casa sino que puedan relacionarse con el resto del pueblo. En ese sentido se desarrollan actividades como bailes y fiestas los d\u00edas m\u00e1s importantes, cabalgata de reyes y reparto [&hellip;]<\/p>\n","protected":false},"author":1,"featured_media":0,"parent":43,"menu_order":0,"comment_status":"closed","ping_status":"closed","template":"","meta":{"_et_pb_use_builder":"","_et_pb_old_content":"","_et_gb_content_width":"","footnotes":""},"class_list":["post-62","page","type-page","status-publish","hentry"],"_links":{"self":[{"href":"https:\/\/www.mecerreyes.com\/mece\/index.php?rest_route=\/wp\/v2\/pages\/62"}],"collection":[{"href":"https:\/\/www.mecerreyes.com\/mece\/index.php?rest_route=\/wp\/v2\/pages"}],"about":[{"href":"https:\/\/www.mecerreyes.com\/mece\/index.php?rest_route=\/wp\/v2\/types\/page"}],"author":[{"embeddable":true,"href":"https:\/\/www.mecerreyes.com\/mece\/index.php?rest_route=\/wp\/v2\/users\/1"}],"replies":[{"embeddable":true,"href":"https:\/\/www.mecerreyes.com\/mece\/index.php?rest_route=%2Fwp%2Fv2%2Fcomments&post=62"}],"version-history":[{"count":0,"href":"https:\/\/www.mecerreyes.com\/mece\/index.php?rest_route=\/wp\/v2\/pages\/62\/revisions"}],"up":[{"embeddable":true,"href":"https:\/\/www.mecerreyes.com\/mece\/index.php?rest_route=\/wp\/v2\/pages\/43"}],"wp:attachment":[{"href":"https:\/\/www.mecerreyes.com\/mece\/index.php?rest_route=%2Fwp%2Fv2%2Fmedia&parent=62"}],"curies":[{"name":"wp","href":"https:\/\/api.w.org\/{rel}","templated":true}]}}