{"id":64,"date":"2009-04-15T13:02:38","date_gmt":"2009-04-15T12:02:38","guid":{"rendered":"http:\/\/www.mecerreyes.com\/mece\/?page_id=64"},"modified":"2009-06-03T22:54:52","modified_gmt":"2009-06-03T21:54:52","slug":"iglesia-san-martin","status":"publish","type":"page","link":"https:\/\/www.mecerreyes.com\/mece\/?page_id=64","title":{"rendered":"Iglesia San Mart\u00edn"},"content":{"rendered":"<div id=\"attachment_285\" style=\"width: 160px\" class=\"wp-caption alignleft\"><img loading=\"lazy\" decoding=\"async\" aria-describedby=\"caption-attachment-285\" class=\"size-thumbnail wp-image-285 \" title=\"iglesia-_mini\" src=\"http:\/\/www.mecerreyes.com\/mece\/wp-content\/uploads\/2009\/06\/iglesia-_mini-150x150.jpg\" alt=\"Iglesia San Martin\" width=\"150\" height=\"150\" \/>\u00a0\u00a0 \u00a0<span style=\"line-height: 17px;\">Iglesia San Martin<\/span> <\/dt>\n<\/dl>\n<\/div>\n<p>La Iglesia actual es de construcci\u00f3n tard\u00eda: mediados del siglo XVI con una ampliaci\u00f3n a mediados del XVII. Los or\u00edgenes del templo corren paralelos a los del pueblo, puesto que algunos apuntan a que en el lugar que ahora ocupa la Iglesia pudo haber una peque\u00f1a fortificaci\u00f3n defensiva; una vez asentadas las gentes y pacificado todo el territorio, en el siglo XVI, se vio la necesidad de ampliar el primitivo templo rom\u00e1nico (despu\u00e9s convertido en la ermita de <a  href=\"https:\/\/www.mecerreyes.com\/mece\/?page_id=54\">la Virgen del Camino<\/a>) y para ello se utiliz\u00f3 el lugar del castillete.<\/p>\n<p>Sea cual fuere su origen, el caso es que nos encontramos con una construcci\u00f3n renacentista: en el a\u00f1o 1589 se halla construida la nave central seg\u00fan podemos leer en una de las claves de b\u00f3veda. Despu\u00e9s se ampliar\u00e1 con la torre, el coro, la sacrist\u00eda, la nave del Cristo, la portada sur y la muralla exterior.<\/p>\n<p>Sin embargo las obras de la Iglesia no terminan hasta nuestros d\u00edas con su restauraci\u00f3n integral, el saneamiento y pavimentaci\u00f3n de los exteriores, puerta y cancelas nuevas, adquisici\u00f3n de algunos elementos ornamentales y cultuales y la iluminaci\u00f3n del templo.<\/p>\n<p>Adem\u00e1s de desempe\u00f1ar su funci\u00f3n sacramental y oracional, ofrece un espacio \u00fanico para otras manifestaciones culturales (conciertos, conferencias, charlas&#8230;) y populares, como el Bel\u00e9n monumental que alberga durante la <a  href=\"https:\/\/www.mecerreyes.com\/mece\/?page_id=62\">Navidad<\/a> todo el bajo del coro o la ofrenda floral a la  Virgen el d\u00eda de la fiesta.<\/p>\n<p><strong>LA  ARQUITECTURA<\/strong><strong><\/strong><\/p>\n<p>La Iglesia presenta una planta basilical de tres naves dispuestas en dos alturas. En la nave orientada al norte est\u00e1n situados los altares de la Virgen del Rosario, del Pilar y de la Inmaculada. En la nave orientada al sur se encuentran la puerta de acceso al templo, el baptisterio y los retablos del Cristo y de las \u00e1nimas.<\/p>\n<p>La sacrist\u00eda es una obra del a\u00f1o 1654, que se ver\u00e1 ornamentada por una cajonera en madera de nogal llevada a cabo por Miguel Gil en el a\u00f1o 1744.<\/p>\n<p><strong>PILA BAUTISMAL<\/strong><\/p>\n<p>La pila bautismal es una obra rom\u00e1nica del siglo XII con una decoraci\u00f3n sencilla pero hermosa, consistente en una arcada ciega de medio punto y una doble cenefa en la parte superior.<\/p>\n<p><strong>RETABLO MAYOR<\/strong><\/p>\n<p>El retablo mayor est\u00e1 dedicado a <a  href=\"https:\/\/www.mecerreyes.com\/mece\/?page_id=58\">san Mart\u00edn<\/a>, representado como obispo. Esta pieza no es originaria de este retablo sino de uno anterior de finales del siglo XVII, sin embargo no desentona del conjunto.<\/p>\n<p>El retablo es una obra del a\u00f1o 1703 realizada por el Maestro Marcos L\u00f3pez y destaca por su profusa decoraci\u00f3n vegetal en las columnas salom\u00f3nicas. Manuel Carpintero y Campo maestro dorador, es quien lo dora y estofa. El Maestro Juan Bald\u00f3n es el encargado de realizar las tallas de san Jos\u00e9, san Antonio de Padua y el santo Cristo que corona dicho retablo.<\/p>\n<p>El concejo dona el sagrario y ostensorio seg\u00fan podemos leer en la inscripci\u00f3n de su parte baja: <em>\u00abEsta custodia hizo y don\u00f3 el Concejo de esta Villa a su costa. A\u00f1o 1707.\u00bb<\/em><\/p>\n<p>Queda de este modo conformado el retablo formando un conjunto armonioso y elegante, que destaca por su ornamentaci\u00f3n y por la luminosidad que aporta al presbiterio.<\/p>\n<p><strong>RETABLOS LATERALES<\/strong><\/p>\n<p>Pocos a\u00f1os m\u00e1s tarde se van a realizar dos retablos m\u00e1s: los dedicados a la Virgen del Rosario y al Santo Cristo. Ambos son obra del arquitecto Juan Manuel de Rivas y son de 1740 el primero y 1744 el segundo.<\/p>\n<p>El retablo de la Virgen del Rosario tiene unas im\u00e1genes que no le corresponden: las tallas de san Sebasti\u00e1n, san Roque y san Ant\u00f3n; \u00e9stas, junto el Santiago del retablo del Santo Cristo, deb\u00edan pertenecer al mismo conjunto escult\u00f3rico. La imagen de Nuestra Se\u00f1ora es de un escultor burgal\u00e9s.<\/p>\n<p>El retablo del Santo Cristo parece estar dispuesto para albergar la talla del Cristo, posiblemente g\u00f3tico tard\u00edo, de una expresividad y calidad notables.<\/p>\n<p>Finalmente nos encontramos con otros dos retablos: el de la Inmaculada y el de las \u00e1nimas. Ambos del mismo autor y fecha: 1805. El de las \u00e1nimas est\u00e1 flanqueado por las im\u00e1genes de los santos fundadores Francisco de As\u00eds y Domingo de Guzm\u00e1n. El de la Inmaculada por las m\u00e1rtires Luc\u00eda y B\u00e1rbara. La talla de la Inmaculada es una adquisici\u00f3n de principios del siglo\u00a0 XX.<\/p>\n<p><strong>ORFEBRER\u00cdA<\/strong><\/p>\n<p>CRUZ PARROQUIAL<\/p>\n<p>La cruz parroquial es, sin duda, la joya de la Iglesia de Mecerreyes, por ser de plata y por su calidad art\u00edstica. Es una obra de finales del siglo XVI realizada por los talleres de los plateros de Burgos. Su decoraci\u00f3n y hechura es la cl\u00e1sica de esta \u00e9poca asemej\u00e1ndose a un bordado en plata.\u00a0\u00a0 \u00a0<\/p>\n<p>CUSTODIAS<\/p>\n<p>De menos importancia art\u00edstica y algo anterior a la Cruz parroquial es el cop\u00f3n-custodia tallado en plata. El libro de f\u00e1brica lo describe as\u00ed: \u00ab<em>cop\u00f3n grande y un sol de plata en que se anda la procesi\u00f3n del Corpus<\/em>\u00ab.<\/p>\n<p>La \u00faltima adquisici\u00f3n de la <a  href=\"https:\/\/www.mecerreyes.com\/mece\/?page_id=35\">parroquia<\/a> ha sido la Custodia. Presenta una decoraci\u00f3n de esmaltes que resaltan sobre la plata dorada realizando un conjunto de bell\u00edsima factura.<\/p>\n<p>Adem\u00e1s de estos elementos, podemos encontrar otros de menor valor del siglo XVII y realizados en plata: incensario, crismeras, vinajeras y platillo, c\u00e1liz y cop\u00f3n. Todo ello por la presencia en el pueblo por esas calendas, de un platero.<\/p>\n<p>\u00a0<\/p>\n<p>\u00a0<\/p>\n<p><strong>PATRONOS: <\/strong><\/p>\n<p><strong>SAN MART\u00cdN DE TOURS<\/strong><\/p>\n<div class=\"mceTemp\">\n<dl id=\"attachment_88\" class=\"wp-caption alignleft\" style=\"width: 163px;\">\n<dt class=\"wp-caption-dt\"><img loading=\"lazy\" decoding=\"async\" aria-describedby=\"caption-attachment-285\" class=\"size-full wp-image-88\" title=\"San Martin de Tours\" src=\"http:\/\/www.mecerreyes.com\/mece\/wp-content\/uploads\/2009\/04\/sanmartin.jpg\" alt=\"San Mart\u00edn de Tours, patr\u00f3n de la iglesia de Mecerreyes.\" width=\"153\" height=\"216\" \/><p id=\"caption-attachment-285\" class=\"wp-caption-text\"><a  href=\"https:\/\/www.mecerreyes.com\/mece\/?page_id=58\">San Mart\u00edn<\/a> de Tours, patr\u00f3n de la iglesia de Mecerreyes.<\/p><\/div>\n<p>La iglesia est\u00e1 dedicada a S. Mart\u00edn de Tours. Dos son las representaciones t\u00edpicas de este santo: cortando la mitad de su capa para d\u00e1rsela a un pobre y como obispo.<\/p>\n<p>Mart\u00edn (316-397), h\u00fangaro de origen, pronto se traslada con su familia a Pav\u00eda (Italia) de donde eran oriundos. A la edad de 15 a\u00f1os ingresa en el ej\u00e9rcito del imperio romano siguiendo los pasos de su padre. Este per\u00edodo es clave para su futuro por dos\u00a0 motivos: inicia el catecumenado con 18 a\u00f1os y tiene una visi\u00f3n en la que se le presenta Jes\u00fas como un mendigo al que \u00e9l hab\u00eda dado la mitad de su capa; poco despu\u00e9s tiene lugar el episodio de la batalla de Worms en la que Mart\u00edn le dice al emperador que luchar\u00e1 sin armas para demostrar su valor; este ejemplo de valent\u00eda acabar\u00e1 con la victoria romana sin necesidad de batalla. Al poco tiempo abandona el ej\u00e9rcito, es bautizado y se une a san Hilario para aprender de \u00e9l toda la doctrina cristiana. Movido por un ideal de perfecci\u00f3n se retira llevando una vida erem\u00edtica. Llamado de nuevo por Hilario, funda un monasterio en Ligug\u00e9 y desde el a\u00f1o 370 hasta su muerte fue obispo de Tours, a pesar de sus negativas. Destac\u00f3 por su defensa de la fe, por su celo pastoral y por su caridad con los pobres.<\/p>\n<p>Su fiesta es el 11 de noviembre. Es el patr\u00f3n de soldados, y de tejedores y fabricantes textiles, junto a S. Francisco de As\u00eds; a \u00e9l siguen recurriendo los mendigos en sus necesidades; y le tienen como patr\u00f3n numerosos pueblos y ciudades de todo el mundo.<\/p>\n<p>Todos los 11 de mes, Mecerreyes honra a su patr\u00f3n cantando su <a  href=\"https:\/\/www.mecerreyes.com\/mece\/?page_id=19\">himno<\/a> con solemnidad y cari\u00f1o.<\/p>\n<p><strong>LA VIRGEN DEL<\/strong><strong> CAMINO<\/strong><\/p>\n<p>\u00a0<\/p>\n<div id=\"attachment_287\" style=\"width: 160px\" class=\"wp-caption alignleft\"><img loading=\"lazy\" decoding=\"async\" aria-describedby=\"caption-attachment-287\" class=\"size-thumbnail wp-image-287\" title=\"virgen_mini\" src=\"http:\/\/www.mecerreyes.com\/mece\/wp-content\/uploads\/2009\/06\/virgen_mini-150x150.jpg\" alt=\"Virgen del Camino\" width=\"150\" height=\"150\" \/><p id=\"caption-attachment-287\" class=\"wp-caption-text\">Virgen del Camino<\/p><\/div>\n<p>En Mecerreyes tenemos una devoci\u00f3n muy particular a <a  href=\"https:\/\/www.mecerreyes.com\/mece\/?page_id=54\">la Virgen del Camino<\/a>. Fruto de ese cari\u00f1o hacia la Virgen es la talla actual de la patrona y la edificaci\u00f3n de una nueva ermita despu\u00e9s de haber sido demolida la vieja en los a\u00f1os 60. La  Virgen recoge los ruegos de los guiletos y cuida especialmente de sus enfermos, por eso una lamparita arde siempre junto a ella, para que sea su protectora y guardiana en esos momentos de debilidad. En el mes de Mayo llevamos su imagen a la ermita donde permanece hasta el final de verano.<\/p>","protected":false},"excerpt":{"rendered":"<p>La iglesia est\u00e1 dedicada a S. Mart\u00edn de Tours. Dos son las representaciones t\u00edpicas de este santo: cortando la mitad de su capa para d\u00e1rsela a un pobre y como obispo. Mart\u00edn (316-397), h\u00fangaro de origen, pronto se traslada con su familia a Pav\u00eda (Italia) de donde eran oriundos. A la edad de 15 a\u00f1os [&hellip;]<\/p>\n","protected":false},"author":1,"featured_media":0,"parent":35,"menu_order":0,"comment_status":"closed","ping_status":"closed","template":"","meta":{"_et_pb_use_builder":"","_et_pb_old_content":"","_et_gb_content_width":"","footnotes":""},"class_list":["post-64","page","type-page","status-publish","hentry"],"_links":{"self":[{"href":"https:\/\/www.mecerreyes.com\/mece\/index.php?rest_route=\/wp\/v2\/pages\/64"}],"collection":[{"href":"https:\/\/www.mecerreyes.com\/mece\/index.php?rest_route=\/wp\/v2\/pages"}],"about":[{"href":"https:\/\/www.mecerreyes.com\/mece\/index.php?rest_route=\/wp\/v2\/types\/page"}],"author":[{"embeddable":true,"href":"https:\/\/www.mecerreyes.com\/mece\/index.php?rest_route=\/wp\/v2\/users\/1"}],"replies":[{"embeddable":true,"href":"https:\/\/www.mecerreyes.com\/mece\/index.php?rest_route=%2Fwp%2Fv2%2Fcomments&post=64"}],"version-history":[{"count":1,"href":"https:\/\/www.mecerreyes.com\/mece\/index.php?rest_route=\/wp\/v2\/pages\/64\/revisions"}],"predecessor-version":[{"id":15489,"href":"https:\/\/www.mecerreyes.com\/mece\/index.php?rest_route=\/wp\/v2\/pages\/64\/revisions\/15489"}],"up":[{"embeddable":true,"href":"https:\/\/www.mecerreyes.com\/mece\/index.php?rest_route=\/wp\/v2\/pages\/35"}],"wp:attachment":[{"href":"https:\/\/www.mecerreyes.com\/mece\/index.php?rest_route=%2Fwp%2Fv2%2Fmedia&parent=64"}],"curies":[{"name":"wp","href":"https:\/\/api.w.org\/{rel}","templated":true}]}}