{"id":66,"date":"2009-04-15T13:03:15","date_gmt":"2009-04-15T12:03:15","guid":{"rendered":"http:\/\/www.mecerreyes.com\/mece\/?page_id=66"},"modified":"2009-06-03T22:12:20","modified_gmt":"2009-06-03T21:12:20","slug":"ermita-virgen-del-camino","status":"publish","type":"page","link":"https:\/\/www.mecerreyes.com\/mece\/?page_id=66","title":{"rendered":"Ermita Virgen del Camino"},"content":{"rendered":"<p>Desde el 2006, y tras muchos a\u00f1os anhel\u00e1ndola, contamos con una ermita dedicada a nuestra patrona. Se encuentra en uno de los caminos m\u00e1s antiguos del pueblo, Carrelara, que un\u00eda Mecerreyes con el castillo de Lara. El pueblo se volc\u00f3 en su construcci\u00f3n: las piedras son de unas tenadas\u00a0 cercanas, todos contribuyeron con sus donativos y bien podr\u00eda decirse que es el resultado del cari\u00f1o de los guiletos a <a  href=\"https:\/\/www.mecerreyes.com\/mece\/?page_id=54\">la Virgen del Camino<\/a>. Las im\u00e1genes que adornan el interior (S. Joaqu\u00edn y Sta. Ana, S. Mart\u00edn y S. Jos\u00e9) quieren recordar a las existentes en la ermita derribada en los a\u00f1os 60.<\/p>\n<p><strong>LA VIRGEN DEL<\/strong><strong> CAMINO<\/strong><\/p>\n<p>En Mecerreyes tenemos una devoci\u00f3n muy particular a la  Virgen del Camino. Fruto de ese cari\u00f1o hacia la Virgen es la talla actual de la patrona y la edificaci\u00f3n de una nueva ermita despu\u00e9s de haber sido demolida la vieja en los a\u00f1os 60. La  Virgen recoge los ruegos de los guiletos y cuida especialmente de sus enfermos, por eso una lamparita arde siempre junto a ella, para que sea su protectora y guardiana en esos momentos de debilidad. En el mes de Mayo llevamos su imagen a la ermita donde permanece hasta el final de verano.<\/p>\n<p>\u00a0<\/p>\n<p><strong>MAPA<\/strong><br \/>\n<iframe loading=\"lazy\" width=\"550\" height=\"600\" frameborder=\"0\" scrolling=\"no\" marginheight=\"0\" marginwidth=\"0\" src=\"http:\/\/maps.google.com\/maps\/ms?hl=es&amp;ie=UTF8&amp;t=h&amp;msa=0&amp;msid=112636207877507571400.00046b7792ad38bb7d402&amp;ll=42.100738,-3.564634&amp;spn=0.019105,0.023603&amp;z=15&amp;output=embed\"><\/iframe><br \/><small>Ver <a  href=\"http:\/\/maps.google.com\/maps\/ms?hl=es&#038;ie=UTF8&#038;t=h&#038;msa=0&#038;msid=112636207877507571400.00046b7792ad38bb7d402&#038;ll=42.100738,-3.564634&#038;spn=0.019105,0.023603&#038;z=15&#038;source=embed\" style=\"color:#0000FF;text-align:left\">Mecerreyes<\/a> en un mapa m\u00e1s grande<\/small><\/p>\n<p><strong>GALERIA<\/strong><\/p>\n<p><strong>\n\t\t<style type=\"text\/css\">\n\t\t\t#gallery-1 {\n\t\t\t\tmargin: auto;\n\t\t\t}\n\t\t\t#gallery-1 .gallery-item {\n\t\t\t\tfloat: left;\n\t\t\t\tmargin-top: 10px;\n\t\t\t\ttext-align: center;\n\t\t\t\twidth: 33%;\n\t\t\t}\n\t\t\t#gallery-1 img {\n\t\t\t\tborder: 2px solid #cfcfcf;\n\t\t\t}\n\t\t\t#gallery-1 .gallery-caption {\n\t\t\t\tmargin-left: 0;\n\t\t\t}\n\t\t\t\/* see gallery_shortcode() in wp-includes\/media.php *\/\n\t\t<\/style>\n\t\t<div id='gallery-1' class='gallery galleryid-66 gallery-columns-3 gallery-size-thumbnail'><dl class='gallery-item'>\n\t\t\t<dt class='gallery-icon landscape'>\n\t\t\t\t<a  href=\"https:\/\/www.mecerreyes.com\/mece\/wp-content\/uploads\/2009\/04\/ermita2.jpg\" class=\"thickbox no_icon\" title=\"\"><img loading=\"lazy\" decoding=\"async\" width=\"150\" height=\"150\" src=\"https:\/\/www.mecerreyes.com\/mece\/wp-content\/uploads\/2009\/04\/ermita2-150x150.jpg\" class=\"attachment-thumbnail size-thumbnail\" alt=\"\" \/><\/a>\n\t\t\t<\/dt><\/dl><dl class='gallery-item'>\n\t\t\t<dt class='gallery-icon landscape'>\n\t\t\t\t<a  href=\"https:\/\/www.mecerreyes.com\/mece\/wp-content\/uploads\/2009\/04\/ermita3.jpg\" class=\"thickbox no_icon\" title=\"\"><img loading=\"lazy\" decoding=\"async\" width=\"150\" height=\"150\" src=\"https:\/\/www.mecerreyes.com\/mece\/wp-content\/uploads\/2009\/04\/ermita3-150x150.jpg\" class=\"attachment-thumbnail size-thumbnail\" alt=\"\" \/><\/a>\n\t\t\t<\/dt><\/dl><dl class='gallery-item'>\n\t\t\t<dt class='gallery-icon landscape'>\n\t\t\t\t<a  href=\"https:\/\/www.mecerreyes.com\/mece\/wp-content\/uploads\/2009\/04\/ermita.jpg\" class=\"thickbox no_icon\" title=\"\"><img loading=\"lazy\" decoding=\"async\" width=\"150\" height=\"150\" src=\"https:\/\/www.mecerreyes.com\/mece\/wp-content\/uploads\/2009\/04\/ermita-150x150.jpg\" class=\"attachment-thumbnail size-thumbnail\" alt=\"\" \/><\/a>\n\t\t\t<\/dt><\/dl><br style=\"clear: both\" \/><dl class='gallery-item'>\n\t\t\t<dt class='gallery-icon landscape'>\n\t\t\t\t<a  href=\"https:\/\/www.mecerreyes.com\/mece\/wp-content\/uploads\/2009\/04\/romeria2.jpg\" class=\"thickbox no_icon\" title=\"\"><img loading=\"lazy\" decoding=\"async\" width=\"150\" height=\"150\" src=\"https:\/\/www.mecerreyes.com\/mece\/wp-content\/uploads\/2009\/04\/romeria2-150x150.jpg\" class=\"attachment-thumbnail size-thumbnail\" alt=\"\" \/><\/a>\n\t\t\t<\/dt><\/dl><dl class='gallery-item'>\n\t\t\t<dt class='gallery-icon landscape'>\n\t\t\t\t<a  href=\"https:\/\/www.mecerreyes.com\/mece\/wp-content\/uploads\/2009\/04\/romeria.jpg\" class=\"thickbox no_icon\" title=\"\"><img loading=\"lazy\" decoding=\"async\" width=\"150\" height=\"150\" src=\"https:\/\/www.mecerreyes.com\/mece\/wp-content\/uploads\/2009\/04\/romeria-150x150.jpg\" class=\"attachment-thumbnail size-thumbnail\" alt=\"\" \/><\/a>\n\t\t\t<\/dt><\/dl>\n\t\t\t<br style='clear: both' \/>\n\t\t<\/div>\n<\/p>\n<p><\/strong><\/p>\n<p><strong> <\/strong><\/p>\n<p>\u00a0<\/p>\n<p><strong> <\/strong><\/p>","protected":false},"excerpt":{"rendered":"<p>Desde el 2006, y tras muchos a\u00f1os anhel\u00e1ndola, contamos con una ermita dedicada a nuestra patrona. Se encuentra en uno de los caminos m\u00e1s antiguos del pueblo, Carrelara, que un\u00eda Mecerreyes con el castillo de Lara. El pueblo se volc\u00f3 en su construcci\u00f3n: las piedras son de unas tenadas\u00a0 cercanas, todos contribuyeron con sus donativos [&hellip;]<\/p>\n","protected":false},"author":1,"featured_media":0,"parent":35,"menu_order":0,"comment_status":"closed","ping_status":"closed","template":"","meta":{"_et_pb_use_builder":"","_et_pb_old_content":"","_et_gb_content_width":"","footnotes":""},"class_list":["post-66","page","type-page","status-publish","hentry"],"_links":{"self":[{"href":"https:\/\/www.mecerreyes.com\/mece\/index.php?rest_route=\/wp\/v2\/pages\/66"}],"collection":[{"href":"https:\/\/www.mecerreyes.com\/mece\/index.php?rest_route=\/wp\/v2\/pages"}],"about":[{"href":"https:\/\/www.mecerreyes.com\/mece\/index.php?rest_route=\/wp\/v2\/types\/page"}],"author":[{"embeddable":true,"href":"https:\/\/www.mecerreyes.com\/mece\/index.php?rest_route=\/wp\/v2\/users\/1"}],"replies":[{"embeddable":true,"href":"https:\/\/www.mecerreyes.com\/mece\/index.php?rest_route=%2Fwp%2Fv2%2Fcomments&post=66"}],"version-history":[{"count":0,"href":"https:\/\/www.mecerreyes.com\/mece\/index.php?rest_route=\/wp\/v2\/pages\/66\/revisions"}],"up":[{"embeddable":true,"href":"https:\/\/www.mecerreyes.com\/mece\/index.php?rest_route=\/wp\/v2\/pages\/35"}],"wp:attachment":[{"href":"https:\/\/www.mecerreyes.com\/mece\/index.php?rest_route=%2Fwp%2Fv2%2Fmedia&parent=66"}],"curies":[{"name":"wp","href":"https:\/\/api.w.org\/{rel}","templated":true}]}}