{"id":70,"date":"2009-04-15T16:07:36","date_gmt":"2009-04-15T15:07:36","guid":{"rendered":"http:\/\/www.mecerreyes.com\/mece\/?page_id=70"},"modified":"2021-03-20T15:00:00","modified_gmt":"2021-03-20T14:00:00","slug":"ruta-del-cid","status":"publish","type":"page","link":"https:\/\/www.mecerreyes.com\/mece\/?page_id=70","title":{"rendered":"Ruta del Cid"},"content":{"rendered":"<p>Etapa n\u00ba: 2<\/p>\n<p><a  href=\"https:\/\/www.mecerreyes.com\/mece\/\">Inicio<\/a> de etapa: Burgos<br \/>\nFinal de etapa: Covarrubias<br \/>\nDistancia: 44,7 kil\u00f3metros<br \/>\nTiempo de recorrido a pie: 11 horas y media<br \/>\nDificultad de la etapa: Muy Alta<br \/>\nSe\u00f1alizaci\u00f3n: la se\u00f1alizaci\u00f3n no se ha implantado a\u00fan en este tramo. En la ciudad de Burgos est\u00e1 se\u00f1alizado el itinerario urbano que conduce al visitante por los principales hitos cidianos dentro de la ciudad.<\/p>\n<p>Extracto de Cuaderno de Viaje de la Etapa n\u00ba2 a su paso por nuestra localidad de Mecerreyes, proveniente de Cubillo del Campo, con final en Covarrubias.<\/p>\n<p>Se puede consultar en la <a  href=\"http:\/\/www.caminodelcid.org\/Poblacion_Mecerreyes.aspx\"><strong>web oficial de \u00abCamino del Cid\u00bb<\/strong><\/a><\/p>\n<p><strong>Cubillo del Campo &#8211; Mecerreyes (10,9 km)<\/strong><\/p>\n<p>A la salida de Cubillo del Campo se cruza la carretera nacional y se toma un camino rural a la derecha que tras una fuerte ascensi\u00f3n pasa por el collado del Pico del Laisa y baja a una amplia vega de cultivos. Al final de la bajada la ruta gira a la izquierda y mantiene la direcci\u00f3n hasta Mecerreyes por un terreno de barrancos y c\u00e1rcavas poblado de sabinas, carrascas y plantas arom\u00e1ticas.<\/p>\n<p>Paisaje: Campos de cultivo y montes de carrascas y plantas arom\u00e1ticas. Sierra de las Mamblas.<br \/>\nPuntos de inter\u00e9s: Antiguas minas y canteras subterr\u00e1neas de piedra. Iglesia y Yacimientos, en Mecerreyes.<br \/>\nTipo de firme: Caminos rurales de buen firme.<br \/>\nCiclabilidad: tramo ciclable en todo su recorrido.<\/p>\n<p><strong>Mecerreyes &#8211; Covarrubias (6,4 km)<\/strong><\/p>\n<p>Se sale de Mecerreyes por la carretera de Covarrubias y a un kil\u00f3metro, en la fuente de San Andr\u00e9s, despu\u00e9s de pasar el Alto del Crucero, se toma un camino rural a la derecha y a doscientos metros gira a la izquierda por un camino agr\u00edcola. Despu\u00e9s la ruta sigue por la carretera BU-901, excepto en un peque\u00f1o tramo que, para evitar la carretera, se toma el trazado del antiguo Camino Real de Burgos a Valencia. Los cicloturistas y caminantes han de extremar la precauci\u00f3n en este parte del trazado.<\/p>\n<p>Paisaje: Monte de sabinas y carrascas. Sierra de las Mamblas y valle del r\u00edo Arlanz\u00f3n.<br \/>\nPuntos de inter\u00e9s: Conjunto urbano y patrimonio monumental de Covarrubias (Torre\u00f3n de Fern\u00e1n Gonz\u00e1lez , Colegiata de San Cosme y San Dami\u00e1n, Archivo del Adelantamiento de Castilla y Arquitectura popular).<br \/>\nObservaciones: parte de la ruta de este tramo se realiza por la carretera BU-901. No existen a d\u00eda de hoy alternativas senderistas para este tramo.<br \/>\nTipo de firme: Asfalto y caminos rurales.<br \/>\nCiclabilidad: tramo ciclable en todo su recorrido.<\/p>\n<p><strong>Qu\u00e9 hacer<\/strong><\/p>\n<p>Aunque Mecerreyes mantiene una saludable armon\u00eda arquitect\u00f3nica propia de los pueblos castellanos de la zona, en cuyas fachadas se alterna la piedra de siller\u00eda y la mamposter\u00eda, apenas quedan restos medievales, m\u00e1s all\u00e1 de sus historias y tradiciones, su paisaje y, escult\u00f3ricamente, su pila bautismal, del siglo XII. Esta pila rom\u00e1nica est\u00e1 decorada con arcada ciega de medio punto coronada por una doble cenefa. La existencia de la pila indica que posiblemente la actual iglesia de <a  href=\"https:\/\/www.mecerreyes.com\/mece\/?page_id=58\">San Mart\u00edn<\/a> (siglos XVI y XVII) fuera construida sobre otra anterior rom\u00e1nica.<\/p>\n<div id=\"attachment_211\" style=\"width: 235px\" class=\"wp-caption alignright\"><img loading=\"lazy\" decoding=\"async\" aria-describedby=\"caption-attachment-211\" class=\"size-full wp-image-211\" title=\"cid\" src=\"http:\/\/www.mecerreyes.com\/mece\/wp-content\/uploads\/2009\/04\/cid.jpg\" alt=\"Escultura a El Cid de Angel Gil Cuevas\" width=\"225\" height=\"300\" \/><p id=\"caption-attachment-211\" class=\"wp-caption-text\">Escultura a El Cid de Angel Gil Cuevas<\/p><\/div>\n<p>Aunque no existe documentaci\u00f3n que testimonie el paso del Cid por Mecerreyes, lo cierto es que para acercarse a la importante villa de Covarrubias el mejor modo era hacerlo por el Camino Real de Valencia, tambi\u00e9n llamado de Cuenca, ya documentado por Villuga en el siglo XVI. Los habitantes de Mecerreyes, en todo caso, han levantado a la salida de la poblaci\u00f3n, en direcci\u00f3n a Covarrubias, una imponente escultura cidiana, obra del artista guileto <a  href=\"http:\/\/www.angelgilceramicaybronce.com\/\">\u00c1ngel Gil Cuevas<\/a>, sin duda la escultura m\u00e1s alta del Cid hasta la fecha, pues alcanza una altura total de 7 metros (1 metro para la base, 4,50 metros de escultura y 1,50 metros de prolongaci\u00f3n de la lanza).<\/p>\n<p>Mecerreyes se halla cerca de Covarrubias, al pie de la Sierra de Las Mamblas, un pintoresco paisaje donde hay una interesante poblaci\u00f3n de rapaces, entre ellas el \u00e1guila real. El PRC &#8211; BU 118 te lleva, a trav\u00e9s de montes de encinas, pinos y enebros, hasta los pies del Alto de Castillejo, en un recorrido de 17 km que comienza y termina en Mecerreyes.<\/p>\n<p><strong>El albergue \u00abLa Corneja\u00bb<\/strong> de Mecerreyes fue abierto por el <a  href=\"https:\/\/www.mecerreyes.com\/mece\/?page_id=24\">Ayuntamiento<\/a> de la localidad en junio de 2010 con el fin de poder alojar a los caminantes y ciclistas del Camino del Cid. Se trata de un edificio de 192 metros cuadrados. Cuenta con tres plantas y un total de 21 camas. El albergue tiene tres ba\u00f1os, dos de ellos con ducha, sal\u00f3n, cocina con comedor para 16 personas.<\/p>\n<p>El <a  href=\"https:\/\/www.mecerreyes.com\/mece\/?page_id=24\">Ayuntamiento<\/a> de Mecerreyes pide 5 euros por viajero para el mantenimiento de las instalaciones.<\/p>\n<p>Para dormir en el albergue, se recomienda llamar con antelaci\u00f3n a los tel\u00e9fonos: 619 917 389 \u00f3 947 403 277.<\/p>\n<p>Mecerreyes tiene un mes\u00f3n \u00ab<a  href=\"https:\/\/www.mecerreyes.com\/mece\/?page_id=797\">Mes\u00f3n de Frutos<\/a>\u00bb que s\u00f3lo abre en fines de semana. Para comer llamar antes al n\u00famero 627 571 908.<\/p>\n<p>El bar La Villa abre todos los d\u00edas del a\u00f1o, excepto los martes y, ofrecen bocadillos y algo de comer a los viajeros. Los dos locales est\u00e1n al lado del albergue.<\/p>","protected":false},"excerpt":{"rendered":"<p>Etapa n\u00ba: 2 Inicio de etapa: Burgos Final de etapa: Covarrubias Distancia: 44,7 kil\u00f3metros Tiempo de recorrido a pie: 11 horas y media Dificultad de la etapa: Muy Alta Se\u00f1alizaci\u00f3n: la se\u00f1alizaci\u00f3n no se ha implantado a\u00fan en este tramo. En la ciudad de Burgos est\u00e1 se\u00f1alizado el itinerario urbano que conduce al visitante por [&hellip;]<\/p>\n","protected":false},"author":1,"featured_media":0,"parent":74,"menu_order":2,"comment_status":"closed","ping_status":"closed","template":"","meta":{"_et_pb_use_builder":"","_et_pb_old_content":"","_et_gb_content_width":"","footnotes":""},"class_list":["post-70","page","type-page","status-publish","hentry"],"_links":{"self":[{"href":"https:\/\/www.mecerreyes.com\/mece\/index.php?rest_route=\/wp\/v2\/pages\/70"}],"collection":[{"href":"https:\/\/www.mecerreyes.com\/mece\/index.php?rest_route=\/wp\/v2\/pages"}],"about":[{"href":"https:\/\/www.mecerreyes.com\/mece\/index.php?rest_route=\/wp\/v2\/types\/page"}],"author":[{"embeddable":true,"href":"https:\/\/www.mecerreyes.com\/mece\/index.php?rest_route=\/wp\/v2\/users\/1"}],"replies":[{"embeddable":true,"href":"https:\/\/www.mecerreyes.com\/mece\/index.php?rest_route=%2Fwp%2Fv2%2Fcomments&post=70"}],"version-history":[{"count":3,"href":"https:\/\/www.mecerreyes.com\/mece\/index.php?rest_route=\/wp\/v2\/pages\/70\/revisions"}],"predecessor-version":[{"id":20682,"href":"https:\/\/www.mecerreyes.com\/mece\/index.php?rest_route=\/wp\/v2\/pages\/70\/revisions\/20682"}],"up":[{"embeddable":true,"href":"https:\/\/www.mecerreyes.com\/mece\/index.php?rest_route=\/wp\/v2\/pages\/74"}],"wp:attachment":[{"href":"https:\/\/www.mecerreyes.com\/mece\/index.php?rest_route=%2Fwp%2Fv2%2Fmedia&parent=70"}],"curies":[{"name":"wp","href":"https:\/\/api.w.org\/{rel}","templated":true}]}}